{"id":3954,"date":"2025-11-10T11:19:38","date_gmt":"2025-11-10T10:19:38","guid":{"rendered":"https:\/\/germanier.com\/?post_type=product&#038;p=3954"},"modified":"2026-03-04T16:34:14","modified_gmt":"2026-03-04T15:34:14","slug":"coffret-cave-du-tunnel","status":"publish","type":"product","link":"https:\/\/germanier.com\/de\/shop\/coffret-cave-du-tunnel\/","title":{"rendered":"Coffret Cave du Tunnel"},"content":{"rendered":"","protected":false},"excerpt":{"rendered":"<p data-start=\"115\" data-end=\"481\">D\u00e9couvrez le meilleur de notre cave dans ce coffret de trois vins Cave du Tunnel. Un pr\u00e9sent parfait pour offrir en toute occasion. Le Cornalin r\u00e9v\u00e8le en bouche toute sa profondeur et ses tanins harmonieux. Son fruit\u00e9 d\u00e9licat et sa structure \u00e9l\u00e9gante en font aujourd\u2019hui un des vins rouges les plus appr\u00e9ci\u00e9s du Valais. La Petite Arvine se distingue par sa vivacit\u00e9 marqu\u00e9e et son acidit\u00e9 rafra\u00eechissante. Au nez, elle d\u00e9voile des ar\u00f4mes d\u2019agrumes et de fruit de la passion, accompagn\u00e9s d\u2019une salinit\u00e9 en fin de bouche. La Syrah pr\u00e9sente une robe sombre, l\u00e9g\u00e8rement violac\u00e9e et d\u00e9voile des ar\u00f4mes d\u2019\u00e9pices, de poivre, ainsi que de fruits noirs et de baies des bois.<\/p>","protected":false},"featured_media":3950,"comment_status":"open","ping_status":"closed","template":"","meta":{"_acf_changed":false},"product_brand":[],"product_cat":[97,15],"product_tag":[],"giftcard-category":[],"class_list":{"0":"post-3954","1":"product","2":"type-product","3":"status-publish","4":"has-post-thumbnail","6":"product_cat-coffrets-cadeaux","7":"product_cat-cave-du-tunnel","9":"first","10":"instock","11":"taxable","12":"shipping-taxable","13":"purchasable","14":"product-type-bundle"},"bundled_by":[],"bundle_stock_status":"instock","bundle_stock_quantity":"","bundle_virtual":false,"bundle_layout":"default","bundle_add_to_cart_form_location":"default","bundle_editable_in_cart":false,"bundle_sold_individually_context":"product","bundle_item_grouping":"parent","bundle_min_size":"","bundle_max_size":"","bundle_price":{"price":{"min":{"incl_tax":"69","excl_tax":"63.85"},"max":{"incl_tax":"69","excl_tax":"63.85"}},"regular_price":{"min":{"incl_tax":"69","excl_tax":"63.85"},"max":{"incl_tax":"69","excl_tax":"63.85"}}},"bundled_items":[{"bundled_item_id":64,"product_id":2201,"menu_order":0,"quantity_min":1,"quantity_max":1,"quantity_default":1,"priced_individually":false,"shipped_individually":false,"override_title":false,"title":"Cornalin Cave du Tunnel","override_description":false,"description":"","optional":false,"hide_thumbnail":false,"discount":"","override_variations":false,"allowed_variations":[],"override_default_variation_attributes":false,"default_variation_attributes":[],"single_product_visibility":"visible","cart_visibility":"hidden","order_visibility":"hidden","single_product_price_visibility":"visible","cart_price_visibility":"visible","order_price_visibility":"visible","stock_status":"in_stock"},{"bundled_item_id":65,"product_id":2194,"menu_order":1,"quantity_min":1,"quantity_max":1,"quantity_default":1,"priced_individually":false,"shipped_individually":false,"override_title":false,"title":"Petite Arvine Cave du Tunnel","override_description":false,"description":"","optional":false,"hide_thumbnail":false,"discount":"","override_variations":false,"allowed_variations":[],"override_default_variation_attributes":false,"default_variation_attributes":[],"single_product_visibility":"visible","cart_visibility":"hidden","order_visibility":"hidden","single_product_price_visibility":"visible","cart_price_visibility":"visible","order_price_visibility":"visible","stock_status":"in_stock"},{"bundled_item_id":66,"product_id":2203,"menu_order":2,"quantity_min":1,"quantity_max":1,"quantity_default":1,"priced_individually":false,"shipped_individually":false,"override_title":false,"title":"Syrah Cave du Tunnel","override_description":false,"description":"","optional":false,"hide_thumbnail":false,"discount":"","override_variations":false,"allowed_variations":[],"override_default_variation_attributes":false,"default_variation_attributes":[],"single_product_visibility":"visible","cart_visibility":"hidden","order_visibility":"hidden","single_product_price_visibility":"visible","cart_price_visibility":"visible","order_price_visibility":"visible","stock_status":"in_stock"}],"bundle_sell_ids":[],"acf":[],"_links":{"self":[{"href":"https:\/\/germanier.com\/de\/wp-json\/wp\/v2\/product\/3954","targetHints":{"allow":["GET"]}}],"collection":[{"href":"https:\/\/germanier.com\/de\/wp-json\/wp\/v2\/product"}],"about":[{"href":"https:\/\/germanier.com\/de\/wp-json\/wp\/v2\/types\/product"}],"replies":[{"embeddable":true,"href":"https:\/\/germanier.com\/de\/wp-json\/wp\/v2\/comments?post=3954"}],"version-history":[{"count":12,"href":"https:\/\/germanier.com\/de\/wp-json\/wp\/v2\/product\/3954\/revisions"}],"predecessor-version":[{"id":4696,"href":"https:\/\/germanier.com\/de\/wp-json\/wp\/v2\/product\/3954\/revisions\/4696"}],"wp:featuredmedia":[{"embeddable":true,"href":"https:\/\/germanier.com\/de\/wp-json\/wp\/v2\/media\/3950"}],"wp:attachment":[{"href":"https:\/\/germanier.com\/de\/wp-json\/wp\/v2\/media?parent=3954"}],"wp:term":[{"taxonomy":"product_brand","embeddable":true,"href":"https:\/\/germanier.com\/de\/wp-json\/wp\/v2\/product_brand?post=3954"},{"taxonomy":"product_cat","embeddable":true,"href":"https:\/\/germanier.com\/de\/wp-json\/wp\/v2\/product_cat?post=3954"},{"taxonomy":"product_tag","embeddable":true,"href":"https:\/\/germanier.com\/de\/wp-json\/wp\/v2\/product_tag?post=3954"},{"taxonomy":"giftcard-category","embeddable":true,"href":"https:\/\/germanier.com\/de\/wp-json\/wp\/v2\/giftcard-category?post=3954"}],"curies":[{"name":"wp","href":"https:\/\/api.w.org\/{rel}","templated":true}]}}