{"id":3948,"date":"2025-11-10T11:09:48","date_gmt":"2025-11-10T10:09:48","guid":{"rendered":"https:\/\/germanier.com\/?post_type=product&#038;p=3948"},"modified":"2026-01-09T13:41:02","modified_gmt":"2026-01-09T12:41:02","slug":"coffret-authentique","status":"publish","type":"product","link":"https:\/\/germanier.com\/de\/shop\/coffret-authentique\/","title":{"rendered":"Coffret Authentique"},"content":{"rendered":"","protected":false},"excerpt":{"rendered":"<p><strong>SONDERANGEBOT:<br \/>\nS\u00e9lectionnez un billet \u00e0 choix pour l\u2019un des 3 spectacles au Conthey Show.<\/strong><\/p>\n<p><span data-sheets-root=\"1\">Un coffret pr\u00eat \u00e0 offrir avec les deux vins les plus embl\u00e9matiques de la Cave.<\/span><\/p>\n<p><span data-sheets-root=\"1\">Le Gamay de vieilles vignes d\u00e9voile des ar\u00f4mes profonds de groseille, accompagn\u00e9s de touches subtiles d\u2019\u00e9pices. En bouche, il se distingue par sa gourmandise et la finesse de ses tanins, offrant une texture \u00e9l\u00e9gante et une belle complexit\u00e9, reflet de la maturit\u00e9 des vignes. <\/span><span data-sheets-root=\"1\">Le Fendant se distingue par sa fra\u00eecheur et sa vivacit\u00e9. Il d\u00e9voile des ar\u00f4mes d\u2019agrumes et de fruits \u00e0 chair blanche, avec des touches min\u00e9rales qui soulignent son terroir. L\u00e9g\u00e8rement carbonique, il offre une bouche croquante et rafra\u00eechissante.<\/span><\/p>","protected":false},"featured_media":3951,"comment_status":"open","ping_status":"closed","template":"","meta":{"_acf_changed":false},"product_brand":[],"product_cat":[97,15],"product_tag":[],"giftcard-category":[],"class_list":{"0":"post-3948","1":"product","2":"type-product","3":"status-publish","4":"has-post-thumbnail","6":"product_cat-coffrets-cadeaux","7":"product_cat-cave-du-tunnel","9":"first","10":"instock","11":"taxable","12":"shipping-taxable","13":"purchasable","14":"product-type-bundle"},"bundled_by":[],"bundle_stock_status":"instock","bundle_stock_quantity":"","bundle_virtual":false,"bundle_layout":"default","bundle_add_to_cart_form_location":"default","bundle_editable_in_cart":false,"bundle_sold_individually_context":"product","bundle_item_grouping":"parent","bundle_min_size":"","bundle_max_size":"","bundle_price":{"price":{"min":{"incl_tax":"29.00","excl_tax":"26.85"},"max":{"incl_tax":"29.00","excl_tax":"26.85"}},"regular_price":{"min":{"incl_tax":"29.00","excl_tax":"26.85"},"max":{"incl_tax":"29.00","excl_tax":"26.85"}}},"bundled_items":[{"bundled_item_id":62,"product_id":2199,"menu_order":0,"quantity_min":1,"quantity_max":1,"quantity_default":1,"priced_individually":false,"shipped_individually":false,"override_title":false,"title":"Gamay Vieilles Vignes Cave du Tunnel","override_description":false,"description":"","optional":false,"hide_thumbnail":false,"discount":"","override_variations":true,"allowed_variations":[2428],"override_default_variation_attributes":true,"default_variation_attributes":[{"id":4,"name":"Inhalt","option":"75-cl"}],"single_product_visibility":"visible","cart_visibility":"visible","order_visibility":"visible","single_product_price_visibility":"visible","cart_price_visibility":"visible","order_price_visibility":"visible","stock_status":"in_stock"},{"bundled_item_id":63,"product_id":2182,"menu_order":1,"quantity_min":1,"quantity_max":1,"quantity_default":1,"priced_individually":false,"shipped_individually":false,"override_title":false,"title":"Fendant Cave du Tunnel","override_description":false,"description":"","optional":false,"hide_thumbnail":false,"discount":"","override_variations":true,"allowed_variations":[2425],"override_default_variation_attributes":true,"default_variation_attributes":[{"id":4,"name":"Inhalt","option":"75-cl"}],"single_product_visibility":"visible","cart_visibility":"visible","order_visibility":"visible","single_product_price_visibility":"visible","cart_price_visibility":"visible","order_price_visibility":"visible","stock_status":"in_stock"},{"bundled_item_id":79,"product_id":4420,"menu_order":2,"quantity_min":1,"quantity_max":1,"quantity_default":1,"priced_individually":true,"shipped_individually":false,"override_title":false,"title":"Meryem Benoua - Humour @ Conthey Show (23.01.26)","override_description":false,"description":"","optional":true,"hide_thumbnail":false,"discount":"","override_variations":false,"allowed_variations":[],"override_default_variation_attributes":false,"default_variation_attributes":[],"single_product_visibility":"visible","cart_visibility":"visible","order_visibility":"visible","single_product_price_visibility":"visible","cart_price_visibility":"visible","order_price_visibility":"visible","stock_status":"in_stock"},{"bundled_item_id":80,"product_id":4424,"menu_order":3,"quantity_min":1,"quantity_max":1,"quantity_default":1,"priced_individually":true,"shipped_individually":false,"override_title":false,"title":"Klek Entos - Magie @ Conthey Show (28.01.26)","override_description":false,"description":"","optional":true,"hide_thumbnail":false,"discount":"","override_variations":false,"allowed_variations":[],"override_default_variation_attributes":false,"default_variation_attributes":[],"single_product_visibility":"visible","cart_visibility":"visible","order_visibility":"visible","single_product_price_visibility":"visible","cart_price_visibility":"visible","order_price_visibility":"visible","stock_status":"in_stock"},{"bundled_item_id":81,"product_id":4428,"menu_order":4,"quantity_min":1,"quantity_max":1,"quantity_default":1,"priced_individually":true,"shipped_individually":false,"override_title":false,"title":"Catherine Lara - Musique @ Conthey Show (12.03.26)","override_description":false,"description":"","optional":true,"hide_thumbnail":false,"discount":"","override_variations":false,"allowed_variations":[],"override_default_variation_attributes":false,"default_variation_attributes":[],"single_product_visibility":"visible","cart_visibility":"visible","order_visibility":"visible","single_product_price_visibility":"visible","cart_price_visibility":"visible","order_price_visibility":"visible","stock_status":"in_stock"}],"bundle_sell_ids":[],"acf":[],"_links":{"self":[{"href":"https:\/\/germanier.com\/de\/wp-json\/wp\/v2\/product\/3948","targetHints":{"allow":["GET"]}}],"collection":[{"href":"https:\/\/germanier.com\/de\/wp-json\/wp\/v2\/product"}],"about":[{"href":"https:\/\/germanier.com\/de\/wp-json\/wp\/v2\/types\/product"}],"replies":[{"embeddable":true,"href":"https:\/\/germanier.com\/de\/wp-json\/wp\/v2\/comments?post=3948"}],"version-history":[{"count":7,"href":"https:\/\/germanier.com\/de\/wp-json\/wp\/v2\/product\/3948\/revisions"}],"predecessor-version":[{"id":4559,"href":"https:\/\/germanier.com\/de\/wp-json\/wp\/v2\/product\/3948\/revisions\/4559"}],"wp:featuredmedia":[{"embeddable":true,"href":"https:\/\/germanier.com\/de\/wp-json\/wp\/v2\/media\/3951"}],"wp:attachment":[{"href":"https:\/\/germanier.com\/de\/wp-json\/wp\/v2\/media?parent=3948"}],"wp:term":[{"taxonomy":"product_brand","embeddable":true,"href":"https:\/\/germanier.com\/de\/wp-json\/wp\/v2\/product_brand?post=3948"},{"taxonomy":"product_cat","embeddable":true,"href":"https:\/\/germanier.com\/de\/wp-json\/wp\/v2\/product_cat?post=3948"},{"taxonomy":"product_tag","embeddable":true,"href":"https:\/\/germanier.com\/de\/wp-json\/wp\/v2\/product_tag?post=3948"},{"taxonomy":"giftcard-category","embeddable":true,"href":"https:\/\/germanier.com\/de\/wp-json\/wp\/v2\/giftcard-category?post=3948"}],"curies":[{"name":"wp","href":"https:\/\/api.w.org\/{rel}","templated":true}]}}