{"id":3770,"date":"2025-10-14T15:04:10","date_gmt":"2025-10-14T13:04:10","guid":{"rendered":"https:\/\/germanier.com\/?post_type=product&#038;p=3770"},"modified":"2026-01-12T08:59:19","modified_gmt":"2026-01-12T07:59:19","slug":"coffret-sublime","status":"publish","type":"product","link":"https:\/\/germanier.com\/de\/shop\/coffret-sublime\/","title":{"rendered":"Coffret Sublime"},"content":{"rendered":"","protected":false},"excerpt":{"rendered":"<p><strong>L&rsquo;Or de Conthey<\/strong> : Sp\u00e9cialit\u00e9 embl\u00e9matique de notre cave depuis plus de 20 ans, l\u2019Or de Conthey est un vin liquoreux raffin\u00e9, n\u00e9 d&rsquo;un assemblage harmonieux de c\u00e9pages blancs. Issu de vendanges tardives sur les prestigieuses terrasses de Conthey, il allie douceur, intensit\u00e9 et fra\u00eecheur dans une expression unique de noblesse et de terroir.<\/p>\n<p>1 confiture de figues Jean Martin<br \/>\n1 foie gras de canard Diamant Noir<\/p>","protected":false},"featured_media":3771,"comment_status":"open","ping_status":"closed","template":"","meta":{"_acf_changed":false},"product_brand":[],"product_cat":[97,182],"product_tag":[],"giftcard-category":[],"class_list":{"0":"post-3770","1":"product","2":"type-product","3":"status-publish","4":"has-post-thumbnail","6":"product_cat-coffrets-cadeaux","7":"product_cat-tradition","9":"first","10":"outofstock","11":"taxable","12":"shipping-taxable","13":"purchasable","14":"product-type-bundle"},"bundled_by":[],"bundle_stock_status":"outofstock","bundle_stock_quantity":0,"bundle_virtual":false,"bundle_layout":"default","bundle_add_to_cart_form_location":"default","bundle_editable_in_cart":false,"bundle_sold_individually_context":"product","bundle_item_grouping":"parent","bundle_min_size":"","bundle_max_size":"","bundle_price":{"price":{"min":{"incl_tax":"59","excl_tax":"54.6"},"max":{"incl_tax":"59","excl_tax":"54.6"}},"regular_price":{"min":{"incl_tax":"59","excl_tax":"54.6"},"max":{"incl_tax":"59","excl_tax":"54.6"}}},"bundled_items":[{"bundled_item_id":59,"product_id":2982,"menu_order":0,"quantity_min":1,"quantity_max":1,"quantity_default":1,"priced_individually":false,"shipped_individually":false,"override_title":false,"title":"Or de Conthey","override_description":false,"description":"","optional":false,"hide_thumbnail":false,"discount":"","override_variations":false,"allowed_variations":[],"override_default_variation_attributes":false,"default_variation_attributes":[],"single_product_visibility":"visible","cart_visibility":"hidden","order_visibility":"hidden","single_product_price_visibility":"visible","cart_price_visibility":"visible","order_price_visibility":"visible","stock_status":"in_stock"}],"bundle_sell_ids":[],"acf":[],"_links":{"self":[{"href":"https:\/\/germanier.com\/de\/wp-json\/wp\/v2\/product\/3770","targetHints":{"allow":["GET"]}}],"collection":[{"href":"https:\/\/germanier.com\/de\/wp-json\/wp\/v2\/product"}],"about":[{"href":"https:\/\/germanier.com\/de\/wp-json\/wp\/v2\/types\/product"}],"replies":[{"embeddable":true,"href":"https:\/\/germanier.com\/de\/wp-json\/wp\/v2\/comments?post=3770"}],"version-history":[{"count":2,"href":"https:\/\/germanier.com\/de\/wp-json\/wp\/v2\/product\/3770\/revisions"}],"predecessor-version":[{"id":3773,"href":"https:\/\/germanier.com\/de\/wp-json\/wp\/v2\/product\/3770\/revisions\/3773"}],"wp:featuredmedia":[{"embeddable":true,"href":"https:\/\/germanier.com\/de\/wp-json\/wp\/v2\/media\/3771"}],"wp:attachment":[{"href":"https:\/\/germanier.com\/de\/wp-json\/wp\/v2\/media?parent=3770"}],"wp:term":[{"taxonomy":"product_brand","embeddable":true,"href":"https:\/\/germanier.com\/de\/wp-json\/wp\/v2\/product_brand?post=3770"},{"taxonomy":"product_cat","embeddable":true,"href":"https:\/\/germanier.com\/de\/wp-json\/wp\/v2\/product_cat?post=3770"},{"taxonomy":"product_tag","embeddable":true,"href":"https:\/\/germanier.com\/de\/wp-json\/wp\/v2\/product_tag?post=3770"},{"taxonomy":"giftcard-category","embeddable":true,"href":"https:\/\/germanier.com\/de\/wp-json\/wp\/v2\/giftcard-category?post=3770"}],"curies":[{"name":"wp","href":"https:\/\/api.w.org\/{rel}","templated":true}]}}