{"id":3763,"date":"2025-10-14T14:48:35","date_gmt":"2025-10-14T12:48:35","guid":{"rendered":"https:\/\/germanier.com\/?post_type=product&#038;p=3763"},"modified":"2026-01-12T09:00:32","modified_gmt":"2026-01-12T08:00:32","slug":"coffret-fromage","status":"publish","type":"product","link":"https:\/\/germanier.com\/de\/shop\/coffret-fromage\/","title":{"rendered":"Coffret Fromage"},"content":{"rendered":"","protected":false},"excerpt":{"rendered":"<p>Der Fendant ist ein Wein zum Teilen par excellence. Er verf\u00fchrt mit seinen blumigen Lindenbl\u00fctennoten und seiner subtilen Mineralit\u00e4t. Leicht perlend, bietet er einen lebhaften und durststillenden Geschmack, der sein Terroir getreu widerspiegelt. Ideal als Aperitif, zu Berggerichten oder feinen Fischgerichten.<\/p>\n<p>1 tomme du Valais &#8211; 300g<br \/>\n1 saucisse du Valais<br \/>\n1 poivrier Germanier<\/p>","protected":false},"featured_media":3764,"comment_status":"open","ping_status":"closed","template":"","meta":{"_acf_changed":false},"product_brand":[],"product_cat":[97,182],"product_tag":[],"giftcard-category":[],"class_list":{"0":"post-3763","1":"product","2":"type-product","3":"status-publish","4":"has-post-thumbnail","6":"product_cat-coffrets-cadeaux","7":"product_cat-tradition","9":"first","10":"outofstock","11":"taxable","12":"shipping-taxable","13":"purchasable","14":"product-type-bundle"},"bundled_by":[],"bundle_stock_status":"outofstock","bundle_stock_quantity":0,"bundle_virtual":false,"bundle_layout":"default","bundle_add_to_cart_form_location":"default","bundle_editable_in_cart":false,"bundle_sold_individually_context":"product","bundle_item_grouping":"parent","bundle_min_size":"","bundle_max_size":"","bundle_price":{"price":{"min":{"incl_tax":"89","excl_tax":"82.35"},"max":{"incl_tax":"89","excl_tax":"82.35"}},"regular_price":{"min":{"incl_tax":"89","excl_tax":"82.35"},"max":{"incl_tax":"89","excl_tax":"82.35"}}},"bundled_items":[{"bundled_item_id":56,"product_id":2795,"menu_order":0,"quantity_min":1,"quantity_max":1,"quantity_default":1,"priced_individually":false,"shipped_individually":false,"override_title":false,"title":"Fendant \u00c9toile","override_description":false,"description":"","optional":false,"hide_thumbnail":false,"discount":"","override_variations":true,"allowed_variations":[2853],"override_default_variation_attributes":true,"default_variation_attributes":[{"id":4,"name":"Inhalt","option":"75-cl"}],"single_product_visibility":"visible","cart_visibility":"hidden","order_visibility":"hidden","single_product_price_visibility":"visible","cart_price_visibility":"visible","order_price_visibility":"visible","stock_status":"in_stock"}],"bundle_sell_ids":[],"acf":[],"_links":{"self":[{"href":"https:\/\/germanier.com\/de\/wp-json\/wp\/v2\/product\/3763","targetHints":{"allow":["GET"]}}],"collection":[{"href":"https:\/\/germanier.com\/de\/wp-json\/wp\/v2\/product"}],"about":[{"href":"https:\/\/germanier.com\/de\/wp-json\/wp\/v2\/types\/product"}],"replies":[{"embeddable":true,"href":"https:\/\/germanier.com\/de\/wp-json\/wp\/v2\/comments?post=3763"}],"version-history":[{"count":3,"href":"https:\/\/germanier.com\/de\/wp-json\/wp\/v2\/product\/3763\/revisions"}],"predecessor-version":[{"id":3949,"href":"https:\/\/germanier.com\/de\/wp-json\/wp\/v2\/product\/3763\/revisions\/3949"}],"wp:featuredmedia":[{"embeddable":true,"href":"https:\/\/germanier.com\/de\/wp-json\/wp\/v2\/media\/3764"}],"wp:attachment":[{"href":"https:\/\/germanier.com\/de\/wp-json\/wp\/v2\/media?parent=3763"}],"wp:term":[{"taxonomy":"product_brand","embeddable":true,"href":"https:\/\/germanier.com\/de\/wp-json\/wp\/v2\/product_brand?post=3763"},{"taxonomy":"product_cat","embeddable":true,"href":"https:\/\/germanier.com\/de\/wp-json\/wp\/v2\/product_cat?post=3763"},{"taxonomy":"product_tag","embeddable":true,"href":"https:\/\/germanier.com\/de\/wp-json\/wp\/v2\/product_tag?post=3763"},{"taxonomy":"giftcard-category","embeddable":true,"href":"https:\/\/germanier.com\/de\/wp-json\/wp\/v2\/giftcard-category?post=3763"}],"curies":[{"name":"wp","href":"https:\/\/api.w.org\/{rel}","templated":true}]}}