{"id":3759,"date":"2025-10-14T14:40:36","date_gmt":"2025-10-14T12:40:36","guid":{"rendered":"https:\/\/germanier.com\/?post_type=product&#038;p=3759"},"modified":"2025-12-18T09:02:46","modified_gmt":"2025-12-18T08:02:46","slug":"coffret-bruts-trio","status":"publish","type":"product","link":"https:\/\/germanier.com\/de\/shop\/coffret-bruts-trio\/","title":{"rendered":"Coffret Bruts Trio"},"content":{"rendered":"","protected":false},"excerpt":{"rendered":"<p data-start=\"88\" data-end=\"369\">Offrez ou offrez-vous un voyage sensoriel unique avec notre coffret de trois bouteilles : le Brut Ros\u00e9, le Brut du Valais Mill\u00e9sim\u00e9 et notre sparkling wine 42. Trois expressions raffin\u00e9es de notre savoir-faire, r\u00e9unies dans un \u00e9crin \u00e9l\u00e9gant.<\/p>\n<p data-start=\"373\" data-end=\"778\">Le Brut Ros\u00e9 s\u00e9duit par sa fra\u00eecheur fruit\u00e9e et sa robe framboise d\u00e9licate. Le Brut Mill\u00e9sim\u00e9, issu de chardonnay \u00e0 parfaite maturit\u00e9, impressionne par sa finesse et sa complexit\u00e9. Enfin, le 42 apportera de la fra\u00eecheur dans vos ap\u00e9ritifs.<br data-start=\"643\" data-end=\"646\" \/>Ein ideales Geschenkset, um die Vielfalt und Exzellenz unserer Bl\u00e4schen zu entdecken, zum Teilen oder Genie\u00dfen bei den sch\u00f6nsten Gelegenheiten.<\/p>","protected":false},"featured_media":3760,"comment_status":"open","ping_status":"closed","template":"","meta":{"_acf_changed":false},"product_brand":[],"product_cat":[97,18],"product_tag":[],"giftcard-category":[],"class_list":{"0":"post-3759","1":"product","2":"type-product","3":"status-publish","4":"has-post-thumbnail","6":"product_cat-coffrets-cadeaux","7":"product_cat-mousseux","9":"first","10":"instock","11":"taxable","12":"shipping-taxable","13":"purchasable","14":"product-type-bundle"},"bundled_by":[],"bundle_stock_status":"instock","bundle_stock_quantity":"","bundle_virtual":false,"bundle_layout":"default","bundle_add_to_cart_form_location":"default","bundle_editable_in_cart":false,"bundle_sold_individually_context":"product","bundle_item_grouping":"parent","bundle_min_size":"","bundle_max_size":"","bundle_price":{"price":{"min":{"incl_tax":"60","excl_tax":"55.5"},"max":{"incl_tax":"60","excl_tax":"55.5"}},"regular_price":{"min":{"incl_tax":"60","excl_tax":"55.5"},"max":{"incl_tax":"60","excl_tax":"55.5"}}},"bundled_items":[{"bundled_item_id":51,"product_id":2161,"menu_order":0,"quantity_min":1,"quantity_max":1,"quantity_default":1,"priced_individually":false,"shipped_individually":false,"override_title":false,"title":"Brut du Valais Mill\u00e9sim\u00e9","override_description":false,"description":"","optional":false,"hide_thumbnail":false,"discount":"","override_variations":false,"allowed_variations":[2169],"override_default_variation_attributes":false,"default_variation_attributes":[{"id":9,"name":"Jahrgang","option":"2020"}],"single_product_visibility":"visible","cart_visibility":"hidden","order_visibility":"hidden","single_product_price_visibility":"visible","cart_price_visibility":"visible","order_price_visibility":"visible","stock_status":"in_stock"},{"bundled_item_id":52,"product_id":2207,"menu_order":1,"quantity_min":1,"quantity_max":1,"quantity_default":1,"priced_individually":false,"shipped_individually":false,"override_title":false,"title":"Brut du Valais Ros\u00e9","override_description":false,"description":"","optional":false,"hide_thumbnail":false,"discount":"","override_variations":false,"allowed_variations":[],"override_default_variation_attributes":false,"default_variation_attributes":[],"single_product_visibility":"visible","cart_visibility":"hidden","order_visibility":"hidden","single_product_price_visibility":"visible","cart_price_visibility":"visible","order_price_visibility":"visible","stock_status":"in_stock"},{"bundled_item_id":53,"product_id":2205,"menu_order":2,"quantity_min":1,"quantity_max":1,"quantity_default":1,"priced_individually":false,"shipped_individually":false,"override_title":false,"title":"42 Sparkling Wine","override_description":false,"description":"","optional":false,"hide_thumbnail":false,"discount":"","override_variations":false,"allowed_variations":[],"override_default_variation_attributes":false,"default_variation_attributes":[],"single_product_visibility":"visible","cart_visibility":"hidden","order_visibility":"hidden","single_product_price_visibility":"visible","cart_price_visibility":"visible","order_price_visibility":"visible","stock_status":"in_stock"}],"bundle_sell_ids":[],"acf":[],"_links":{"self":[{"href":"https:\/\/germanier.com\/de\/wp-json\/wp\/v2\/product\/3759","targetHints":{"allow":["GET"]}}],"collection":[{"href":"https:\/\/germanier.com\/de\/wp-json\/wp\/v2\/product"}],"about":[{"href":"https:\/\/germanier.com\/de\/wp-json\/wp\/v2\/types\/product"}],"replies":[{"embeddable":true,"href":"https:\/\/germanier.com\/de\/wp-json\/wp\/v2\/comments?post=3759"}],"version-history":[{"count":2,"href":"https:\/\/germanier.com\/de\/wp-json\/wp\/v2\/product\/3759\/revisions"}],"predecessor-version":[{"id":3762,"href":"https:\/\/germanier.com\/de\/wp-json\/wp\/v2\/product\/3759\/revisions\/3762"}],"wp:featuredmedia":[{"embeddable":true,"href":"https:\/\/germanier.com\/de\/wp-json\/wp\/v2\/media\/3760"}],"wp:attachment":[{"href":"https:\/\/germanier.com\/de\/wp-json\/wp\/v2\/media?parent=3759"}],"wp:term":[{"taxonomy":"product_brand","embeddable":true,"href":"https:\/\/germanier.com\/de\/wp-json\/wp\/v2\/product_brand?post=3759"},{"taxonomy":"product_cat","embeddable":true,"href":"https:\/\/germanier.com\/de\/wp-json\/wp\/v2\/product_cat?post=3759"},{"taxonomy":"product_tag","embeddable":true,"href":"https:\/\/germanier.com\/de\/wp-json\/wp\/v2\/product_tag?post=3759"},{"taxonomy":"giftcard-category","embeddable":true,"href":"https:\/\/germanier.com\/de\/wp-json\/wp\/v2\/giftcard-category?post=3759"}],"curies":[{"name":"wp","href":"https:\/\/api.w.org\/{rel}","templated":true}]}}