{"id":3755,"date":"2025-10-14T14:00:57","date_gmt":"2025-10-14T12:00:57","guid":{"rendered":"https:\/\/germanier.com\/?post_type=product&#038;p=3755"},"modified":"2025-12-18T13:57:55","modified_gmt":"2025-12-18T12:57:55","slug":"coffret-prestige","status":"publish","type":"product","link":"https:\/\/germanier.com\/de\/shop\/coffret-prestige\/","title":{"rendered":"Coffret Prestige"},"content":{"rendered":"","protected":false},"excerpt":{"rendered":"<p><strong>Sauvignon blanc<\/strong> d\u2019exception s\u00e9duit par sa richesse aromatique, sa belle amplitude en bouche et l\u2019\u00e9l\u00e9gance que lui conf\u00e8re son \u00e9levage en barrique. Entre fra\u00eecheur min\u00e9rale et rondeur beurr\u00e9e, il allie subtilit\u00e9, complexit\u00e9 et longueur, pour un blanc de garde et de gastronomie.<\/p>\n<p>C\u00e9page confidentiel du Valais, l\u2019<strong>Humagne Blanc<\/strong> d\u00e9voile dans cette cuv\u00e9e Prestige toute sa d\u00e9licatesse et sa min\u00e9ralit\u00e9. Fin, rac\u00e9 et \u00e9l\u00e9gant, il offre un vin blanc subtil, long en bouche et parfaitement taill\u00e9 pour la gastronomie.<\/p>\n<p>Ce duo de caract\u00e8re associe la souplesse du <strong>Merlot<\/strong> \u00e0 la puissance aromatique de la <strong>Syrah<\/strong>. Il en r\u00e9sulte un vin riche et harmonieux, aux ar\u00f4mes de fruits rouges m\u00fbrs, d&rsquo;\u00e9pices et de r\u00e9glisse. En bouche, la structure est g\u00e9n\u00e9reuse, les tanins velout\u00e9s, et la finale savoureuse. Un vin gourmand et chaleureux, id\u00e9al pour les instants conviviaux autour de belles pi\u00e8ces de viande ou de plats de caract\u00e8re.<\/p>","protected":false},"featured_media":4451,"comment_status":"open","ping_status":"closed","template":"","meta":{"_acf_changed":false},"product_brand":[],"product_cat":[97,182],"product_tag":[],"giftcard-category":[],"class_list":{"0":"post-3755","1":"product","2":"type-product","3":"status-publish","4":"has-post-thumbnail","6":"product_cat-coffrets-cadeaux","7":"product_cat-tradition","9":"first","10":"instock","11":"taxable","12":"shipping-taxable","13":"purchasable","14":"product-type-bundle"},"bundled_by":[],"bundle_stock_status":"instock","bundle_stock_quantity":"","bundle_virtual":false,"bundle_layout":"default","bundle_add_to_cart_form_location":"default","bundle_editable_in_cart":false,"bundle_sold_individually_context":"product","bundle_item_grouping":"parent","bundle_min_size":"","bundle_max_size":"","bundle_price":{"price":{"min":{"incl_tax":"49","excl_tax":"45.35"},"max":{"incl_tax":"49","excl_tax":"45.35"}},"regular_price":{"min":{"incl_tax":"49","excl_tax":"45.35"},"max":{"incl_tax":"49","excl_tax":"45.35"}}},"bundled_items":[{"bundled_item_id":47,"product_id":2793,"menu_order":0,"quantity_min":1,"quantity_max":1,"quantity_default":1,"priced_individually":false,"shipped_individually":false,"override_title":false,"title":"Merlot-Syrah","override_description":false,"description":"","optional":false,"hide_thumbnail":false,"discount":"","override_variations":false,"allowed_variations":[],"override_default_variation_attributes":false,"default_variation_attributes":[],"single_product_visibility":"visible","cart_visibility":"hidden","order_visibility":"hidden","single_product_price_visibility":"visible","cart_price_visibility":"visible","order_price_visibility":"visible","stock_status":"in_stock"},{"bundled_item_id":78,"product_id":2977,"menu_order":1,"quantity_min":1,"quantity_max":1,"quantity_default":1,"priced_individually":false,"shipped_individually":false,"override_title":false,"title":"Sauvignon Blanc Prestige","override_description":false,"description":"","optional":false,"hide_thumbnail":false,"discount":"","override_variations":false,"allowed_variations":[],"override_default_variation_attributes":false,"default_variation_attributes":[],"single_product_visibility":"visible","cart_visibility":"hidden","order_visibility":"hidden","single_product_price_visibility":"visible","cart_price_visibility":"visible","order_price_visibility":"visible","stock_status":"in_stock"},{"bundled_item_id":49,"product_id":2979,"menu_order":2,"quantity_min":1,"quantity_max":1,"quantity_default":1,"priced_individually":false,"shipped_individually":false,"override_title":false,"title":"Humagne Blanc Prestige","override_description":false,"description":"","optional":false,"hide_thumbnail":false,"discount":"","override_variations":false,"allowed_variations":[],"override_default_variation_attributes":false,"default_variation_attributes":[],"single_product_visibility":"visible","cart_visibility":"hidden","order_visibility":"hidden","single_product_price_visibility":"visible","cart_price_visibility":"visible","order_price_visibility":"visible","stock_status":"in_stock"}],"bundle_sell_ids":[],"acf":[],"_links":{"self":[{"href":"https:\/\/germanier.com\/de\/wp-json\/wp\/v2\/product\/3755","targetHints":{"allow":["GET"]}}],"collection":[{"href":"https:\/\/germanier.com\/de\/wp-json\/wp\/v2\/product"}],"about":[{"href":"https:\/\/germanier.com\/de\/wp-json\/wp\/v2\/types\/product"}],"replies":[{"embeddable":true,"href":"https:\/\/germanier.com\/de\/wp-json\/wp\/v2\/comments?post=3755"}],"version-history":[{"count":2,"href":"https:\/\/germanier.com\/de\/wp-json\/wp\/v2\/product\/3755\/revisions"}],"predecessor-version":[{"id":4391,"href":"https:\/\/germanier.com\/de\/wp-json\/wp\/v2\/product\/3755\/revisions\/4391"}],"wp:featuredmedia":[{"embeddable":true,"href":"https:\/\/germanier.com\/de\/wp-json\/wp\/v2\/media\/4451"}],"wp:attachment":[{"href":"https:\/\/germanier.com\/de\/wp-json\/wp\/v2\/media?parent=3755"}],"wp:term":[{"taxonomy":"product_brand","embeddable":true,"href":"https:\/\/germanier.com\/de\/wp-json\/wp\/v2\/product_brand?post=3755"},{"taxonomy":"product_cat","embeddable":true,"href":"https:\/\/germanier.com\/de\/wp-json\/wp\/v2\/product_cat?post=3755"},{"taxonomy":"product_tag","embeddable":true,"href":"https:\/\/germanier.com\/de\/wp-json\/wp\/v2\/product_tag?post=3755"},{"taxonomy":"giftcard-category","embeddable":true,"href":"https:\/\/germanier.com\/de\/wp-json\/wp\/v2\/giftcard-category?post=3755"}],"curies":[{"name":"wp","href":"https:\/\/api.w.org\/{rel}","templated":true}]}}