{"id":3752,"date":"2025-10-14T13:45:54","date_gmt":"2025-10-14T11:45:54","guid":{"rendered":"https:\/\/germanier.com\/?post_type=product&#038;p=3752"},"modified":"2025-10-14T14:45:38","modified_gmt":"2025-10-14T12:45:38","slug":"coffret-tradition","status":"publish","type":"product","link":"https:\/\/germanier.com\/de\/shop\/coffret-tradition\/","title":{"rendered":"Coffret Tradition"},"content":{"rendered":"","protected":false},"excerpt":{"rendered":"<p class=\"\" data-start=\"115\" data-end=\"481\"><strong>Le Merlot<\/strong> valaisan exprime toute la g\u00e9n\u00e9rosit\u00e9 de ce c\u00e9page noble, revisit\u00e9 par le terroir alpin. Rond, charmeur et \u00e9l\u00e9gant, il s\u00e9duit par sa souplesse et sa profondeur. Un vin de plaisir et de caract\u00e8re, parfait pour les moments de partage.<\/p>\n<p data-start=\"115\" data-end=\"481\">Aufgerufen <strong><em data-start=\"183\" data-end=\"190\">Pa\u00efen<\/em><\/strong> im franz\u00f6sischsprachigen Wallis und <strong><em data-start=\"216\" data-end=\"223\">He\u00efda<\/em><\/strong> im Oberwallis wird dieser Wei\u00dfwein aus der Rebsorte Savagnin Blanc hergestellt. Er besticht durch seine ausdrucksstarken Aromen von exotischen Fr\u00fcchten und Zitrusfr\u00fcchten und bietet eine sch\u00f6ne Frische im Mund. Er ist tonisch und strukturiert und zeichnet sich durch eine lebendige S\u00e4ure aus, die ihm ein ausgezeichnetes Lagerungspotenzial verleiht.<\/p>","protected":false},"featured_media":3753,"comment_status":"open","ping_status":"closed","template":"","meta":{"_acf_changed":false},"product_brand":[],"product_cat":[97,182],"product_tag":[],"giftcard-category":[],"class_list":{"0":"post-3752","1":"product","2":"type-product","3":"status-publish","4":"has-post-thumbnail","6":"product_cat-coffrets-cadeaux","7":"product_cat-tradition","9":"first","10":"instock","11":"taxable","12":"shipping-taxable","13":"purchasable","14":"product-type-bundle"},"bundled_by":[],"bundle_stock_status":"instock","bundle_stock_quantity":"","bundle_virtual":false,"bundle_layout":"default","bundle_add_to_cart_form_location":"default","bundle_editable_in_cart":false,"bundle_sold_individually_context":"product","bundle_item_grouping":"parent","bundle_min_size":"","bundle_max_size":"","bundle_price":{"price":{"min":{"incl_tax":"39","excl_tax":"36.1"},"max":{"incl_tax":"39","excl_tax":"36.1"}},"regular_price":{"min":{"incl_tax":"39","excl_tax":"36.1"},"max":{"incl_tax":"39","excl_tax":"36.1"}}},"bundled_items":[{"bundled_item_id":43,"product_id":2931,"menu_order":0,"quantity_min":1,"quantity_max":1,"quantity_default":1,"priced_individually":false,"shipped_individually":false,"override_title":false,"title":"Merlot","override_description":false,"description":"","optional":false,"hide_thumbnail":false,"discount":"","override_variations":true,"allowed_variations":[2932],"override_default_variation_attributes":true,"default_variation_attributes":[{"id":4,"name":"Inhalt","option":"75-cl"}],"single_product_visibility":"visible","cart_visibility":"hidden","order_visibility":"hidden","single_product_price_visibility":"visible","cart_price_visibility":"visible","order_price_visibility":"visible","stock_status":"in_stock"},{"bundled_item_id":44,"product_id":2865,"menu_order":1,"quantity_min":1,"quantity_max":1,"quantity_default":1,"priced_individually":false,"shipped_individually":false,"override_title":false,"title":"Pa\u00efen","override_description":false,"description":"","optional":false,"hide_thumbnail":false,"discount":"","override_variations":true,"allowed_variations":[2870],"override_default_variation_attributes":true,"default_variation_attributes":[{"id":1,"name":"Sortiment","option":"tradition"},{"id":4,"name":"Inhalt","option":"75-cl"}],"single_product_visibility":"visible","cart_visibility":"hidden","order_visibility":"hidden","single_product_price_visibility":"visible","cart_price_visibility":"visible","order_price_visibility":"visible","stock_status":"in_stock"}],"bundle_sell_ids":[],"acf":[],"_links":{"self":[{"href":"https:\/\/germanier.com\/de\/wp-json\/wp\/v2\/product\/3752","targetHints":{"allow":["GET"]}}],"collection":[{"href":"https:\/\/germanier.com\/de\/wp-json\/wp\/v2\/product"}],"about":[{"href":"https:\/\/germanier.com\/de\/wp-json\/wp\/v2\/types\/product"}],"replies":[{"embeddable":true,"href":"https:\/\/germanier.com\/de\/wp-json\/wp\/v2\/comments?post=3752"}],"version-history":[{"count":1,"href":"https:\/\/germanier.com\/de\/wp-json\/wp\/v2\/product\/3752\/revisions"}],"predecessor-version":[{"id":3754,"href":"https:\/\/germanier.com\/de\/wp-json\/wp\/v2\/product\/3752\/revisions\/3754"}],"wp:featuredmedia":[{"embeddable":true,"href":"https:\/\/germanier.com\/de\/wp-json\/wp\/v2\/media\/3753"}],"wp:attachment":[{"href":"https:\/\/germanier.com\/de\/wp-json\/wp\/v2\/media?parent=3752"}],"wp:term":[{"taxonomy":"product_brand","embeddable":true,"href":"https:\/\/germanier.com\/de\/wp-json\/wp\/v2\/product_brand?post=3752"},{"taxonomy":"product_cat","embeddable":true,"href":"https:\/\/germanier.com\/de\/wp-json\/wp\/v2\/product_cat?post=3752"},{"taxonomy":"product_tag","embeddable":true,"href":"https:\/\/germanier.com\/de\/wp-json\/wp\/v2\/product_tag?post=3752"},{"taxonomy":"giftcard-category","embeddable":true,"href":"https:\/\/germanier.com\/de\/wp-json\/wp\/v2\/giftcard-category?post=3752"}],"curies":[{"name":"wp","href":"https:\/\/api.w.org\/{rel}","templated":true}]}}