{"id":3742,"date":"2025-10-14T11:49:13","date_gmt":"2025-10-14T09:49:13","guid":{"rendered":"https:\/\/germanier.com\/?post_type=product&#038;p=3742"},"modified":"2026-03-16T08:18:23","modified_gmt":"2026-03-16T07:18:23","slug":"extra-brut","status":"publish","type":"product","link":"https:\/\/germanier.com\/de\/shop\/extra-brut\/","title":{"rendered":"Extra Brut"},"content":{"rendered":"","protected":false},"excerpt":{"rendered":"<p><span data-sheets-root=\"1\">Le choix de l\u2019Extra Brut permet de r\u00e9v\u00e9ler l\u2019\u00e2me authentique du Chardonnay. Raffin\u00e9 et droit, ce Blanc de Blancs se distingue par son \u00e9nergie et sa tension min\u00e9rale qui soutiennent un bouquet d\u2019agrumes et de fleurs blanches. Apr\u00e8s plus de cinq ans d\u2019\u00e9levage sur lattes, la cuv\u00e9e gagne en profondeur et en complexit\u00e9, d\u00e9veloppant de d\u00e9licates nuances de noisette et de p\u00e2tisserie fine, tout en conservant la fra\u00eecheur et la verticalit\u00e9 typiques du terroir valaisan. Vin pr\u00e9cis et persistant, il exalte avec \u00e9l\u00e9gance la personnalit\u00e9 du Chardonnay du Valais.<\/span><\/p>","protected":false},"featured_media":4230,"comment_status":"open","ping_status":"closed","template":"","meta":{"_acf_changed":false},"product_brand":[],"product_cat":[18,176],"product_tag":[],"giftcard-category":[],"class_list":{"0":"post-3742","1":"product","2":"type-product","3":"status-publish","4":"has-post-thumbnail","6":"product_cat-mousseux","7":"product_cat-vins-medailles","9":"first","10":"instock","11":"taxable","12":"shipping-taxable","13":"purchasable","14":"product-type-simple"},"bundled_by":["3774"],"bundle_stock_status":"instock","bundle_stock_quantity":951,"bundle_virtual":false,"bundle_layout":"","bundle_add_to_cart_form_location":"","bundle_editable_in_cart":false,"bundle_sold_individually_context":"","bundle_item_grouping":"","bundle_min_size":"","bundle_max_size":"","bundle_price":[],"bundled_items":[],"bundle_sell_ids":[],"acf":[],"_links":{"self":[{"href":"https:\/\/germanier.com\/de\/wp-json\/wp\/v2\/product\/3742","targetHints":{"allow":["GET"]}}],"collection":[{"href":"https:\/\/germanier.com\/de\/wp-json\/wp\/v2\/product"}],"about":[{"href":"https:\/\/germanier.com\/de\/wp-json\/wp\/v2\/types\/product"}],"replies":[{"embeddable":true,"href":"https:\/\/germanier.com\/de\/wp-json\/wp\/v2\/comments?post=3742"}],"version-history":[{"count":12,"href":"https:\/\/germanier.com\/de\/wp-json\/wp\/v2\/product\/3742\/revisions"}],"predecessor-version":[{"id":4648,"href":"https:\/\/germanier.com\/de\/wp-json\/wp\/v2\/product\/3742\/revisions\/4648"}],"wp:featuredmedia":[{"embeddable":true,"href":"https:\/\/germanier.com\/de\/wp-json\/wp\/v2\/media\/4230"}],"wp:attachment":[{"href":"https:\/\/germanier.com\/de\/wp-json\/wp\/v2\/media?parent=3742"}],"wp:term":[{"taxonomy":"product_brand","embeddable":true,"href":"https:\/\/germanier.com\/de\/wp-json\/wp\/v2\/product_brand?post=3742"},{"taxonomy":"product_cat","embeddable":true,"href":"https:\/\/germanier.com\/de\/wp-json\/wp\/v2\/product_cat?post=3742"},{"taxonomy":"product_tag","embeddable":true,"href":"https:\/\/germanier.com\/de\/wp-json\/wp\/v2\/product_tag?post=3742"},{"taxonomy":"giftcard-category","embeddable":true,"href":"https:\/\/germanier.com\/de\/wp-json\/wp\/v2\/giftcard-category?post=3742"}],"curies":[{"name":"wp","href":"https:\/\/api.w.org\/{rel}","templated":true}]}}