{"id":3435,"date":"2025-08-29T15:39:23","date_gmt":"2025-08-29T13:39:23","guid":{"rendered":"https:\/\/germanier.com\/?post_type=product&#038;p=3435"},"modified":"2026-04-02T11:43:22","modified_gmt":"2026-04-02T09:43:22","slug":"coffret-merlot-barrique","status":"publish","type":"product","link":"https:\/\/germanier.com\/de\/shop\/coffret-merlot-barrique\/","title":{"rendered":"Coffret Merlot Barrique 150cl"},"content":{"rendered":"","protected":false},"excerpt":{"rendered":"<p>Dieser Merlot besticht durch seine gro\u00dfz\u00fcgige Fruchtigkeit, seine samtige Textur und seine aromatische Finesse. Sorgf\u00e4ltig in Eichenf\u00e4ssern ausgebaut, offenbart er ein subtiles Gleichgewicht zwischen der Rundheit der Rebsorte und der durch das Holz eingebrachten Komplexit\u00e4t. Ein charmanter und strukturierter Wein, der sich ideal als Begleiter von Feinschmeckermomenten und schmackhaften Gerichten eignet.<\/p>","protected":false},"featured_media":3431,"comment_status":"open","ping_status":"closed","template":"","meta":{"_acf_changed":false},"product_brand":[],"product_cat":[97,182,176],"product_tag":[],"giftcard-category":[],"class_list":{"0":"post-3435","1":"product","2":"type-product","3":"status-publish","4":"has-post-thumbnail","6":"product_cat-coffrets-cadeaux","7":"product_cat-tradition","8":"product_cat-vins-medailles","10":"first","11":"outofstock","12":"taxable","13":"shipping-taxable","14":"purchasable","15":"product-type-simple"},"bundled_by":[],"bundle_stock_status":"outofstock","bundle_stock_quantity":null,"bundle_virtual":false,"bundle_layout":"","bundle_add_to_cart_form_location":"","bundle_editable_in_cart":false,"bundle_sold_individually_context":"","bundle_item_grouping":"","bundle_min_size":"","bundle_max_size":"","bundle_price":[],"bundled_items":[],"bundle_sell_ids":[],"acf":[],"_links":{"self":[{"href":"https:\/\/germanier.com\/de\/wp-json\/wp\/v2\/product\/3435","targetHints":{"allow":["GET"]}}],"collection":[{"href":"https:\/\/germanier.com\/de\/wp-json\/wp\/v2\/product"}],"about":[{"href":"https:\/\/germanier.com\/de\/wp-json\/wp\/v2\/types\/product"}],"replies":[{"embeddable":true,"href":"https:\/\/germanier.com\/de\/wp-json\/wp\/v2\/comments?post=3435"}],"version-history":[{"count":2,"href":"https:\/\/germanier.com\/de\/wp-json\/wp\/v2\/product\/3435\/revisions"}],"predecessor-version":[{"id":4214,"href":"https:\/\/germanier.com\/de\/wp-json\/wp\/v2\/product\/3435\/revisions\/4214"}],"wp:featuredmedia":[{"embeddable":true,"href":"https:\/\/germanier.com\/de\/wp-json\/wp\/v2\/media\/3431"}],"wp:attachment":[{"href":"https:\/\/germanier.com\/de\/wp-json\/wp\/v2\/media?parent=3435"}],"wp:term":[{"taxonomy":"product_brand","embeddable":true,"href":"https:\/\/germanier.com\/de\/wp-json\/wp\/v2\/product_brand?post=3435"},{"taxonomy":"product_cat","embeddable":true,"href":"https:\/\/germanier.com\/de\/wp-json\/wp\/v2\/product_cat?post=3435"},{"taxonomy":"product_tag","embeddable":true,"href":"https:\/\/germanier.com\/de\/wp-json\/wp\/v2\/product_tag?post=3435"},{"taxonomy":"giftcard-category","embeddable":true,"href":"https:\/\/germanier.com\/de\/wp-json\/wp\/v2\/giftcard-category?post=3435"}],"curies":[{"name":"wp","href":"https:\/\/api.w.org\/{rel}","templated":true}]}}