{"id":3393,"date":"2025-08-25T15:46:09","date_gmt":"2025-08-25T13:46:09","guid":{"rendered":"https:\/\/germanier.com\/?post_type=product&#038;p=3393"},"modified":"2025-10-02T17:53:44","modified_gmt":"2025-10-02T15:53:44","slug":"carte-cadeau","status":"publish","type":"product","link":"https:\/\/germanier.com\/de\/shop\/carte-cadeau\/","title":{"rendered":"Geschenkkarte"},"content":{"rendered":"","protected":false},"excerpt":{"rendered":"<p>Verschenken Sie Auswahl und Genuss mit der Geschenkkarte von Cave du Tunnel! Dieser Gutschein ist in einem Betrag Ihrer Wahl erh\u00e4ltlich und wird automatisch per E-Mail verschickt. Damit k\u00f6nnen Ihre Lieben unsere Auswahl an Weinen und Geschenksets entdecken und genie\u00dfen. Eine einfache und elegante Aufmerksamkeit, ideal f\u00fcr alle Anl\u00e4sse.<\/p>","protected":false},"featured_media":3638,"comment_status":"open","ping_status":"closed","template":"","meta":{"_acf_changed":false},"product_brand":[],"product_cat":[97,102],"product_tag":[],"giftcard-category":[199],"class_list":{"0":"post-3393","1":"product","2":"type-product","3":"status-publish","4":"has-post-thumbnail","6":"product_cat-coffrets-cadeaux","7":"product_cat-cadeaux","8":"giftcard-category-all","10":"first","11":"instock","12":"virtual","13":"taxable","14":"purchasable","15":"product-type-gift-card"},"bundled_by":[],"bundle_stock_status":"instock","bundle_stock_quantity":null,"bundle_virtual":false,"bundle_layout":"","bundle_add_to_cart_form_location":"","bundle_editable_in_cart":false,"bundle_sold_individually_context":"","bundle_item_grouping":"","bundle_min_size":"","bundle_max_size":"","bundle_price":[],"bundled_items":[],"bundle_sell_ids":[],"acf":[],"_links":{"self":[{"href":"https:\/\/germanier.com\/de\/wp-json\/wp\/v2\/product\/3393","targetHints":{"allow":["GET"]}}],"collection":[{"href":"https:\/\/germanier.com\/de\/wp-json\/wp\/v2\/product"}],"about":[{"href":"https:\/\/germanier.com\/de\/wp-json\/wp\/v2\/types\/product"}],"replies":[{"embeddable":true,"href":"https:\/\/germanier.com\/de\/wp-json\/wp\/v2\/comments?post=3393"}],"version-history":[{"count":8,"href":"https:\/\/germanier.com\/de\/wp-json\/wp\/v2\/product\/3393\/revisions"}],"predecessor-version":[{"id":3639,"href":"https:\/\/germanier.com\/de\/wp-json\/wp\/v2\/product\/3393\/revisions\/3639"}],"wp:featuredmedia":[{"embeddable":true,"href":"https:\/\/germanier.com\/de\/wp-json\/wp\/v2\/media\/3638"}],"wp:attachment":[{"href":"https:\/\/germanier.com\/de\/wp-json\/wp\/v2\/media?parent=3393"}],"wp:term":[{"taxonomy":"product_brand","embeddable":true,"href":"https:\/\/germanier.com\/de\/wp-json\/wp\/v2\/product_brand?post=3393"},{"taxonomy":"product_cat","embeddable":true,"href":"https:\/\/germanier.com\/de\/wp-json\/wp\/v2\/product_cat?post=3393"},{"taxonomy":"product_tag","embeddable":true,"href":"https:\/\/germanier.com\/de\/wp-json\/wp\/v2\/product_tag?post=3393"},{"taxonomy":"giftcard-category","embeddable":true,"href":"https:\/\/germanier.com\/de\/wp-json\/wp\/v2\/giftcard-category?post=3393"}],"curies":[{"name":"wp","href":"https:\/\/api.w.org\/{rel}","templated":true}]}}