{"id":3382,"date":"2025-08-25T10:17:52","date_gmt":"2025-08-25T08:17:52","guid":{"rendered":"https:\/\/germanier.com\/?post_type=product&#038;p=3382"},"modified":"2025-09-25T09:46:31","modified_gmt":"2025-09-25T07:46:31","slug":"coffret-bollicine-trio-hcap","status":"publish","type":"product","link":"https:\/\/germanier.com\/de\/shop\/coffret-bollicine-trio-hcap\/","title":{"rendered":"Coffret Bollicine Trio \u00b7 HC Ambr\u00ec Piotta"},"content":{"rendered":"","protected":false},"excerpt":{"rendered":"<p data-start=\"88\" data-end=\"369\">Schenken Sie oder g\u00f6nnen Sie sich unser spezielles Bollicine-Geschenkset HC Ambr\u00ec-Piotta mit drei Flaschen.<\/p>\n<p data-start=\"88\" data-end=\"369\">Dieser Schweizer Schaumwein, traditionell in unseren Tanks vinifiziert, offenbart frische Fruchtaromen, haupts\u00e4chlich Zitrusfr\u00fcchte sowie feine Noten von gr\u00fcnen \u00c4pfeln und Birnen. Ein Hauch von wei\u00dfen Bl\u00fcten verleiht ihm eine zarte und elegante Note.<\/p>","protected":false},"featured_media":3383,"comment_status":"open","ping_status":"closed","template":"","meta":{"_acf_changed":false},"product_brand":[],"product_cat":[97,18],"product_tag":[],"giftcard-category":[],"class_list":{"0":"post-3382","1":"product","2":"type-product","3":"status-publish","4":"has-post-thumbnail","6":"product_cat-coffrets-cadeaux","7":"product_cat-mousseux","9":"first","10":"instock","11":"taxable","12":"shipping-taxable","13":"purchasable","14":"product-type-bundle"},"bundled_by":[],"bundle_stock_status":"instock","bundle_stock_quantity":"","bundle_virtual":false,"bundle_layout":"default","bundle_add_to_cart_form_location":"default","bundle_editable_in_cart":false,"bundle_sold_individually_context":"product","bundle_item_grouping":"parent","bundle_min_size":"","bundle_max_size":"","bundle_price":{"price":{"min":{"incl_tax":"49","excl_tax":"45.35"},"max":{"incl_tax":"49","excl_tax":"45.35"}},"regular_price":{"min":{"incl_tax":"49","excl_tax":"45.35"},"max":{"incl_tax":"49","excl_tax":"45.35"}}},"bundled_items":[{"bundled_item_id":39,"product_id":3372,"menu_order":0,"quantity_min":1,"quantity_max":1,"quantity_default":1,"priced_individually":false,"shipped_individually":false,"override_title":true,"title":"3x Bollicine \u00b7 HC Ambr\u00ec Piotta","override_description":false,"description":"","optional":false,"hide_thumbnail":false,"discount":"","override_variations":false,"allowed_variations":[],"override_default_variation_attributes":false,"default_variation_attributes":[],"single_product_visibility":"visible","cart_visibility":"hidden","order_visibility":"hidden","single_product_price_visibility":"visible","cart_price_visibility":"visible","order_price_visibility":"visible","stock_status":"in_stock"}],"bundle_sell_ids":[],"acf":[],"_links":{"self":[{"href":"https:\/\/germanier.com\/de\/wp-json\/wp\/v2\/product\/3382","targetHints":{"allow":["GET"]}}],"collection":[{"href":"https:\/\/germanier.com\/de\/wp-json\/wp\/v2\/product"}],"about":[{"href":"https:\/\/germanier.com\/de\/wp-json\/wp\/v2\/types\/product"}],"replies":[{"embeddable":true,"href":"https:\/\/germanier.com\/de\/wp-json\/wp\/v2\/comments?post=3382"}],"version-history":[{"count":3,"href":"https:\/\/germanier.com\/de\/wp-json\/wp\/v2\/product\/3382\/revisions"}],"predecessor-version":[{"id":3403,"href":"https:\/\/germanier.com\/de\/wp-json\/wp\/v2\/product\/3382\/revisions\/3403"}],"wp:featuredmedia":[{"embeddable":true,"href":"https:\/\/germanier.com\/de\/wp-json\/wp\/v2\/media\/3383"}],"wp:attachment":[{"href":"https:\/\/germanier.com\/de\/wp-json\/wp\/v2\/media?parent=3382"}],"wp:term":[{"taxonomy":"product_brand","embeddable":true,"href":"https:\/\/germanier.com\/de\/wp-json\/wp\/v2\/product_brand?post=3382"},{"taxonomy":"product_cat","embeddable":true,"href":"https:\/\/germanier.com\/de\/wp-json\/wp\/v2\/product_cat?post=3382"},{"taxonomy":"product_tag","embeddable":true,"href":"https:\/\/germanier.com\/de\/wp-json\/wp\/v2\/product_tag?post=3382"},{"taxonomy":"giftcard-category","embeddable":true,"href":"https:\/\/germanier.com\/de\/wp-json\/wp\/v2\/giftcard-category?post=3382"}],"curies":[{"name":"wp","href":"https:\/\/api.w.org\/{rel}","templated":true}]}}