{"id":2982,"date":"2025-06-26T15:56:42","date_gmt":"2025-06-26T13:56:42","guid":{"rendered":"https:\/\/germanier.com\/?post_type=product&#038;p=2982"},"modified":"2026-03-17T14:19:04","modified_gmt":"2026-03-17T13:19:04","slug":"gold-von-conthey","status":"publish","type":"product","link":"https:\/\/germanier.com\/de\/shop\/gold-von-conthey\/","title":{"rendered":"Or de Conthey"},"content":{"rendered":"","protected":false},"excerpt":{"rendered":"<p>Der Or de Conthey, seit \u00fcber 20 Jahren eine emblematische Spezialit\u00e4t unseres Weinkellers, ist ein raffinierter Lik\u00f6rwein, der aus einer harmonischen Mischung wei\u00dfer Rebsorten entsteht. Er wird aus Sp\u00e4tlesen auf den prestigetr\u00e4chtigen Terrassen von Conthey gewonnen und vereint Weichheit, Intensit\u00e4t und Frische in einem einzigartigen Ausdruck von Noblesse und Terroir.<\/p>","protected":false},"featured_media":2986,"comment_status":"open","ping_status":"closed","template":"","meta":{"_acf_changed":false},"product_brand":[],"product_cat":[182,176],"product_tag":[],"giftcard-category":[],"class_list":{"0":"post-2982","1":"product","2":"type-product","3":"status-publish","4":"has-post-thumbnail","6":"product_cat-tradition","7":"product_cat-vins-medailles","9":"first","10":"instock","11":"taxable","12":"shipping-taxable","13":"purchasable","14":"product-type-simple"},"bundled_by":["3770"],"bundle_stock_status":"instock","bundle_stock_quantity":null,"bundle_virtual":false,"bundle_layout":"","bundle_add_to_cart_form_location":"","bundle_editable_in_cart":false,"bundle_sold_individually_context":"","bundle_item_grouping":"","bundle_min_size":"","bundle_max_size":"","bundle_price":[],"bundled_items":[],"bundle_sell_ids":[],"acf":[],"_links":{"self":[{"href":"https:\/\/germanier.com\/de\/wp-json\/wp\/v2\/product\/2982","targetHints":{"allow":["GET"]}}],"collection":[{"href":"https:\/\/germanier.com\/de\/wp-json\/wp\/v2\/product"}],"about":[{"href":"https:\/\/germanier.com\/de\/wp-json\/wp\/v2\/types\/product"}],"replies":[{"embeddable":true,"href":"https:\/\/germanier.com\/de\/wp-json\/wp\/v2\/comments?post=2982"}],"version-history":[{"count":5,"href":"https:\/\/germanier.com\/de\/wp-json\/wp\/v2\/product\/2982\/revisions"}],"predecessor-version":[{"id":3373,"href":"https:\/\/germanier.com\/de\/wp-json\/wp\/v2\/product\/2982\/revisions\/3373"}],"wp:featuredmedia":[{"embeddable":true,"href":"https:\/\/germanier.com\/de\/wp-json\/wp\/v2\/media\/2986"}],"wp:attachment":[{"href":"https:\/\/germanier.com\/de\/wp-json\/wp\/v2\/media?parent=2982"}],"wp:term":[{"taxonomy":"product_brand","embeddable":true,"href":"https:\/\/germanier.com\/de\/wp-json\/wp\/v2\/product_brand?post=2982"},{"taxonomy":"product_cat","embeddable":true,"href":"https:\/\/germanier.com\/de\/wp-json\/wp\/v2\/product_cat?post=2982"},{"taxonomy":"product_tag","embeddable":true,"href":"https:\/\/germanier.com\/de\/wp-json\/wp\/v2\/product_tag?post=2982"},{"taxonomy":"giftcard-category","embeddable":true,"href":"https:\/\/germanier.com\/de\/wp-json\/wp\/v2\/giftcard-category?post=2982"}],"curies":[{"name":"wp","href":"https:\/\/api.w.org\/{rel}","templated":true}]}}