{"id":2979,"date":"2025-06-26T15:42:24","date_gmt":"2025-06-26T13:42:24","guid":{"rendered":"https:\/\/germanier.com\/?post_type=product&#038;p=2979"},"modified":"2026-03-17T14:06:40","modified_gmt":"2026-03-17T13:06:40","slug":"humagne-blanc-prestige","status":"publish","type":"product","link":"https:\/\/germanier.com\/de\/shop\/humagne-blanc-prestige\/","title":{"rendered":"Humagne Blanc Prestige"},"content":{"rendered":"","protected":false},"excerpt":{"rendered":"<p data-start=\"322\" data-end=\"552\">C\u00e9page confidentiel du Valais, l\u2019Humagne Blanc d\u00e9voile dans cette cuv\u00e9e Prestige toute sa d\u00e9licatesse et exalte ses ar\u00f4mes de fleurs blanches. Fin, rac\u00e9 et \u00e9l\u00e9gant, il offre un vin blanc subtil, parfum\u00e9 de notes d&rsquo;acacia, long en bouche et parfaitement taill\u00e9 pour la gastronomie.<\/p>","protected":false},"featured_media":2822,"comment_status":"open","ping_status":"closed","template":"","meta":{"_acf_changed":false},"product_brand":[],"product_cat":[182],"product_tag":[],"giftcard-category":[],"class_list":{"0":"post-2979","1":"product","2":"type-product","3":"status-publish","4":"has-post-thumbnail","6":"product_cat-tradition","8":"first","9":"instock","10":"taxable","11":"shipping-taxable","12":"purchasable","13":"product-type-simple"},"bundled_by":["3755"],"bundle_stock_status":"instock","bundle_stock_quantity":null,"bundle_virtual":false,"bundle_layout":"","bundle_add_to_cart_form_location":"","bundle_editable_in_cart":false,"bundle_sold_individually_context":"","bundle_item_grouping":"","bundle_min_size":"","bundle_max_size":"","bundle_price":[],"bundled_items":[],"bundle_sell_ids":[],"acf":[],"_links":{"self":[{"href":"https:\/\/germanier.com\/de\/wp-json\/wp\/v2\/product\/2979","targetHints":{"allow":["GET"]}}],"collection":[{"href":"https:\/\/germanier.com\/de\/wp-json\/wp\/v2\/product"}],"about":[{"href":"https:\/\/germanier.com\/de\/wp-json\/wp\/v2\/types\/product"}],"replies":[{"embeddable":true,"href":"https:\/\/germanier.com\/de\/wp-json\/wp\/v2\/comments?post=2979"}],"version-history":[{"count":3,"href":"https:\/\/germanier.com\/de\/wp-json\/wp\/v2\/product\/2979\/revisions"}],"predecessor-version":[{"id":3853,"href":"https:\/\/germanier.com\/de\/wp-json\/wp\/v2\/product\/2979\/revisions\/3853"}],"wp:featuredmedia":[{"embeddable":true,"href":"https:\/\/germanier.com\/de\/wp-json\/wp\/v2\/media\/2822"}],"wp:attachment":[{"href":"https:\/\/germanier.com\/de\/wp-json\/wp\/v2\/media?parent=2979"}],"wp:term":[{"taxonomy":"product_brand","embeddable":true,"href":"https:\/\/germanier.com\/de\/wp-json\/wp\/v2\/product_brand?post=2979"},{"taxonomy":"product_cat","embeddable":true,"href":"https:\/\/germanier.com\/de\/wp-json\/wp\/v2\/product_cat?post=2979"},{"taxonomy":"product_tag","embeddable":true,"href":"https:\/\/germanier.com\/de\/wp-json\/wp\/v2\/product_tag?post=2979"},{"taxonomy":"giftcard-category","embeddable":true,"href":"https:\/\/germanier.com\/de\/wp-json\/wp\/v2\/giftcard-category?post=2979"}],"curies":[{"name":"wp","href":"https:\/\/api.w.org\/{rel}","templated":true}]}}