{"id":2977,"date":"2025-06-26T15:30:29","date_gmt":"2025-06-26T13:30:29","guid":{"rendered":"https:\/\/germanier.com\/?post_type=product&#038;p=2977"},"modified":"2026-03-17T14:26:09","modified_gmt":"2026-03-17T13:26:09","slug":"sauvignon-blanc-prestige","status":"publish","type":"product","link":"https:\/\/germanier.com\/de\/shop\/sauvignon-blanc-prestige\/","title":{"rendered":"Sauvignon Blanc Prestige"},"content":{"rendered":"","protected":false},"excerpt":{"rendered":"<p data-start=\"401\" data-end=\"665\">Ce Sauvignon Blanc de caract\u00e8re exprime toute la noblesse du c\u00e9page \u00e0 travers une belle vivacit\u00e9, une expression aromatique pure, fruit\u00e9e et une finale subtilement structur\u00e9e. Sa complexit\u00e9 et son \u00e9quilibre en font un vin blanc rac\u00e9, aussi \u00e0 l\u2019aise \u00e0 l\u2019ap\u00e9ritif qu\u2019\u00e0 table.<\/p>","protected":false},"featured_media":2845,"comment_status":"open","ping_status":"closed","template":"","meta":{"_acf_changed":false},"product_brand":[],"product_cat":[182],"product_tag":[],"giftcard-category":[],"class_list":{"0":"post-2977","1":"product","2":"type-product","3":"status-publish","4":"has-post-thumbnail","6":"product_cat-tradition","8":"first","9":"instock","10":"taxable","11":"shipping-taxable","12":"purchasable","13":"product-type-simple"},"bundled_by":["3755"],"bundle_stock_status":"instock","bundle_stock_quantity":null,"bundle_virtual":false,"bundle_layout":"","bundle_add_to_cart_form_location":"","bundle_editable_in_cart":false,"bundle_sold_individually_context":"","bundle_item_grouping":"","bundle_min_size":"","bundle_max_size":"","bundle_price":[],"bundled_items":[],"bundle_sell_ids":[],"acf":[],"_links":{"self":[{"href":"https:\/\/germanier.com\/de\/wp-json\/wp\/v2\/product\/2977","targetHints":{"allow":["GET"]}}],"collection":[{"href":"https:\/\/germanier.com\/de\/wp-json\/wp\/v2\/product"}],"about":[{"href":"https:\/\/germanier.com\/de\/wp-json\/wp\/v2\/types\/product"}],"replies":[{"embeddable":true,"href":"https:\/\/germanier.com\/de\/wp-json\/wp\/v2\/comments?post=2977"}],"version-history":[{"count":5,"href":"https:\/\/germanier.com\/de\/wp-json\/wp\/v2\/product\/2977\/revisions"}],"predecessor-version":[{"id":3866,"href":"https:\/\/germanier.com\/de\/wp-json\/wp\/v2\/product\/2977\/revisions\/3866"}],"wp:featuredmedia":[{"embeddable":true,"href":"https:\/\/germanier.com\/de\/wp-json\/wp\/v2\/media\/2845"}],"wp:attachment":[{"href":"https:\/\/germanier.com\/de\/wp-json\/wp\/v2\/media?parent=2977"}],"wp:term":[{"taxonomy":"product_brand","embeddable":true,"href":"https:\/\/germanier.com\/de\/wp-json\/wp\/v2\/product_brand?post=2977"},{"taxonomy":"product_cat","embeddable":true,"href":"https:\/\/germanier.com\/de\/wp-json\/wp\/v2\/product_cat?post=2977"},{"taxonomy":"product_tag","embeddable":true,"href":"https:\/\/germanier.com\/de\/wp-json\/wp\/v2\/product_tag?post=2977"},{"taxonomy":"giftcard-category","embeddable":true,"href":"https:\/\/germanier.com\/de\/wp-json\/wp\/v2\/giftcard-category?post=2977"}],"curies":[{"name":"wp","href":"https:\/\/api.w.org\/{rel}","templated":true}]}}