{"id":2973,"date":"2025-06-26T14:23:26","date_gmt":"2025-06-26T12:23:26","guid":{"rendered":"https:\/\/germanier.com\/?post_type=product&#038;p=2973"},"modified":"2026-03-30T17:10:30","modified_gmt":"2026-03-30T15:10:30","slug":"cabernet-sauvignon-merlot-barrique","status":"publish","type":"product","link":"https:\/\/germanier.com\/de\/shop\/cabernet-sauvignon-merlot-barrique\/","title":{"rendered":"Cabernet Sauvignon Merlot Barrique"},"content":{"rendered":"","protected":false},"excerpt":{"rendered":"<p data-start=\"384\" data-end=\"680\">Diese Assemblage, eine subtile Verbindung zwischen der Struktur des Cabernet Sauvignon und der Rundheit des Merlot, offenbart ein bemerkenswertes Gleichgewicht. In Eichenf\u00e4ssern gereift, vereint er Kraft, Geschmeidigkeit und aromatische Komplexit\u00e4t zu einem charaktervollen Wein, der die Liebhaber gro\u00dfer, harmonischer Rotweine begeistern wird.<\/p>","protected":false},"featured_media":2987,"comment_status":"open","ping_status":"closed","template":"","meta":{"_acf_changed":false},"product_brand":[],"product_cat":[182,176],"product_tag":[],"giftcard-category":[],"class_list":{"0":"post-2973","1":"product","2":"type-product","3":"status-publish","4":"has-post-thumbnail","6":"product_cat-tradition","7":"product_cat-vins-medailles","9":"first","10":"instock","11":"taxable","12":"shipping-taxable","13":"purchasable","14":"product-type-variable","15":"has-default-attributes"},"bundled_by":[],"bundle_stock_status":"instock","bundle_stock_quantity":null,"bundle_virtual":false,"bundle_layout":"","bundle_add_to_cart_form_location":"","bundle_editable_in_cart":false,"bundle_sold_individually_context":"","bundle_item_grouping":"","bundle_min_size":"","bundle_max_size":"","bundle_price":[],"bundled_items":[],"bundle_sell_ids":[],"acf":[],"_links":{"self":[{"href":"https:\/\/germanier.com\/de\/wp-json\/wp\/v2\/product\/2973","targetHints":{"allow":["GET"]}}],"collection":[{"href":"https:\/\/germanier.com\/de\/wp-json\/wp\/v2\/product"}],"about":[{"href":"https:\/\/germanier.com\/de\/wp-json\/wp\/v2\/types\/product"}],"replies":[{"embeddable":true,"href":"https:\/\/germanier.com\/de\/wp-json\/wp\/v2\/comments?post=2973"}],"version-history":[{"count":7,"href":"https:\/\/germanier.com\/de\/wp-json\/wp\/v2\/product\/2973\/revisions"}],"predecessor-version":[{"id":3076,"href":"https:\/\/germanier.com\/de\/wp-json\/wp\/v2\/product\/2973\/revisions\/3076"}],"wp:featuredmedia":[{"embeddable":true,"href":"https:\/\/germanier.com\/de\/wp-json\/wp\/v2\/media\/2987"}],"wp:attachment":[{"href":"https:\/\/germanier.com\/de\/wp-json\/wp\/v2\/media?parent=2973"}],"wp:term":[{"taxonomy":"product_brand","embeddable":true,"href":"https:\/\/germanier.com\/de\/wp-json\/wp\/v2\/product_brand?post=2973"},{"taxonomy":"product_cat","embeddable":true,"href":"https:\/\/germanier.com\/de\/wp-json\/wp\/v2\/product_cat?post=2973"},{"taxonomy":"product_tag","embeddable":true,"href":"https:\/\/germanier.com\/de\/wp-json\/wp\/v2\/product_tag?post=2973"},{"taxonomy":"giftcard-category","embeddable":true,"href":"https:\/\/germanier.com\/de\/wp-json\/wp\/v2\/giftcard-category?post=2973"}],"curies":[{"name":"wp","href":"https:\/\/api.w.org\/{rel}","templated":true}]}}