{"id":2970,"date":"2025-06-26T08:59:30","date_gmt":"2025-06-26T06:59:30","guid":{"rendered":"https:\/\/germanier.com\/?post_type=product&#038;p=2970"},"modified":"2025-09-25T09:48:27","modified_gmt":"2025-09-25T07:48:27","slug":"cabernet-sauvignon-barrique","status":"publish","type":"product","link":"https:\/\/germanier.com\/de\/shop\/cabernet-sauvignon-barrique\/","title":{"rendered":"Cabernet Sauvignon Barrique"},"content":{"rendered":"","protected":false},"excerpt":{"rendered":"<p>Dieser Cabernet Sauvignon offenbart die ganze Kraft seiner Rebsorte durch eine solide Struktur, einen komplexen aromatischen Reichtum und einen sorgf\u00e4ltigen Ausbau in Eichenf\u00e4ssern. Er ist ein kr\u00e4ftiger, aber ausgewogener Wein mit Charakter, der durch seine Tiefe, seine Haltbarkeit und seine F\u00e4higkeit, die schmackhaftesten Gerichte zu veredeln, besticht.<\/p>","protected":false},"featured_media":2799,"comment_status":"open","ping_status":"closed","template":"","meta":{"_acf_changed":false},"product_brand":[],"product_cat":[182],"product_tag":[],"giftcard-category":[],"class_list":{"0":"post-2970","1":"product","2":"type-product","3":"status-publish","4":"has-post-thumbnail","6":"product_cat-tradition","8":"first","9":"instock","10":"taxable","11":"shipping-taxable","12":"purchasable","13":"product-type-simple"},"bundled_by":[],"bundle_stock_status":"instock","bundle_stock_quantity":null,"bundle_virtual":false,"bundle_layout":"","bundle_add_to_cart_form_location":"","bundle_editable_in_cart":false,"bundle_sold_individually_context":"","bundle_item_grouping":"","bundle_min_size":"","bundle_max_size":"","bundle_price":[],"bundled_items":[],"bundle_sell_ids":[],"acf":[],"_links":{"self":[{"href":"https:\/\/germanier.com\/de\/wp-json\/wp\/v2\/product\/2970","targetHints":{"allow":["GET"]}}],"collection":[{"href":"https:\/\/germanier.com\/de\/wp-json\/wp\/v2\/product"}],"about":[{"href":"https:\/\/germanier.com\/de\/wp-json\/wp\/v2\/types\/product"}],"replies":[{"embeddable":true,"href":"https:\/\/germanier.com\/de\/wp-json\/wp\/v2\/comments?post=2970"}],"version-history":[{"count":2,"href":"https:\/\/germanier.com\/de\/wp-json\/wp\/v2\/product\/2970\/revisions"}],"predecessor-version":[{"id":3004,"href":"https:\/\/germanier.com\/de\/wp-json\/wp\/v2\/product\/2970\/revisions\/3004"}],"wp:featuredmedia":[{"embeddable":true,"href":"https:\/\/germanier.com\/de\/wp-json\/wp\/v2\/media\/2799"}],"wp:attachment":[{"href":"https:\/\/germanier.com\/de\/wp-json\/wp\/v2\/media?parent=2970"}],"wp:term":[{"taxonomy":"product_brand","embeddable":true,"href":"https:\/\/germanier.com\/de\/wp-json\/wp\/v2\/product_brand?post=2970"},{"taxonomy":"product_cat","embeddable":true,"href":"https:\/\/germanier.com\/de\/wp-json\/wp\/v2\/product_cat?post=2970"},{"taxonomy":"product_tag","embeddable":true,"href":"https:\/\/germanier.com\/de\/wp-json\/wp\/v2\/product_tag?post=2970"},{"taxonomy":"giftcard-category","embeddable":true,"href":"https:\/\/germanier.com\/de\/wp-json\/wp\/v2\/giftcard-category?post=2970"}],"curies":[{"name":"wp","href":"https:\/\/api.w.org\/{rel}","templated":true}]}}