{"id":2968,"date":"2025-06-26T08:31:31","date_gmt":"2025-06-26T06:31:31","guid":{"rendered":"https:\/\/germanier.com\/?post_type=product&#038;p=2968"},"modified":"2026-03-17T14:13:17","modified_gmt":"2026-03-17T13:13:17","slug":"merlot-barrique","status":"publish","type":"product","link":"https:\/\/germanier.com\/de\/shop\/merlot-barrique\/","title":{"rendered":"Merlot Barrique"},"content":{"rendered":"","protected":false},"excerpt":{"rendered":"<p>Ce Merlot s\u00e9duit par son fruit\u00e9 g\u00e9n\u00e9reux, sa texture velout\u00e9e et sa finesse aromatique. \u00c9lev\u00e9 avec soin en f\u00fbt de ch\u00eane, il r\u00e9v\u00e8le un \u00e9quilibre subtil entre la rondeur du c\u00e9page et la complexit\u00e9 apport\u00e9e par le bois. Un vin charmeur et structur\u00e9, id\u00e9al pour accompagner les instants gourmands et les mets savoureux.<\/p>","protected":false},"featured_media":2985,"comment_status":"open","ping_status":"closed","template":"","meta":{"_acf_changed":false},"product_brand":[],"product_cat":[182,176],"product_tag":[],"giftcard-category":[],"class_list":{"0":"post-2968","1":"product","2":"type-product","3":"status-publish","4":"has-post-thumbnail","6":"product_cat-tradition","7":"product_cat-vins-medailles","9":"first","10":"instock","11":"taxable","12":"shipping-taxable","13":"purchasable","14":"product-type-simple"},"bundled_by":[],"bundle_stock_status":"instock","bundle_stock_quantity":null,"bundle_virtual":false,"bundle_layout":"","bundle_add_to_cart_form_location":"","bundle_editable_in_cart":false,"bundle_sold_individually_context":"","bundle_item_grouping":"","bundle_min_size":"","bundle_max_size":"","bundle_price":[],"bundled_items":[],"bundle_sell_ids":[],"acf":[],"_links":{"self":[{"href":"https:\/\/germanier.com\/de\/wp-json\/wp\/v2\/product\/2968","targetHints":{"allow":["GET"]}}],"collection":[{"href":"https:\/\/germanier.com\/de\/wp-json\/wp\/v2\/product"}],"about":[{"href":"https:\/\/germanier.com\/de\/wp-json\/wp\/v2\/types\/product"}],"replies":[{"embeddable":true,"href":"https:\/\/germanier.com\/de\/wp-json\/wp\/v2\/comments?post=2968"}],"version-history":[{"count":6,"href":"https:\/\/germanier.com\/de\/wp-json\/wp\/v2\/product\/2968\/revisions"}],"predecessor-version":[{"id":4939,"href":"https:\/\/germanier.com\/de\/wp-json\/wp\/v2\/product\/2968\/revisions\/4939"}],"wp:featuredmedia":[{"embeddable":true,"href":"https:\/\/germanier.com\/de\/wp-json\/wp\/v2\/media\/2985"}],"wp:attachment":[{"href":"https:\/\/germanier.com\/de\/wp-json\/wp\/v2\/media?parent=2968"}],"wp:term":[{"taxonomy":"product_brand","embeddable":true,"href":"https:\/\/germanier.com\/de\/wp-json\/wp\/v2\/product_brand?post=2968"},{"taxonomy":"product_cat","embeddable":true,"href":"https:\/\/germanier.com\/de\/wp-json\/wp\/v2\/product_cat?post=2968"},{"taxonomy":"product_tag","embeddable":true,"href":"https:\/\/germanier.com\/de\/wp-json\/wp\/v2\/product_tag?post=2968"},{"taxonomy":"giftcard-category","embeddable":true,"href":"https:\/\/germanier.com\/de\/wp-json\/wp\/v2\/giftcard-category?post=2968"}],"curies":[{"name":"wp","href":"https:\/\/api.w.org\/{rel}","templated":true}]}}