{"id":2963,"date":"2025-06-26T08:01:51","date_gmt":"2025-06-26T06:01:51","guid":{"rendered":"https:\/\/germanier.com\/?post_type=product&#038;p=2963"},"modified":"2026-03-17T14:29:56","modified_gmt":"2026-03-17T13:29:56","slug":"syrah-barrique","status":"publish","type":"product","link":"https:\/\/germanier.com\/de\/shop\/syrah-barrique\/","title":{"rendered":"Syrah Barrique"},"content":{"rendered":"","protected":false},"excerpt":{"rendered":"<p data-start=\"175\" data-end=\"396\">\u00c9lev\u00e9e en f\u00fbts de ch\u00eane, cette Syrah allie la richesse du fruit \u00e0 la finesse du bois, faisant ressortir ses ar\u00f4mes poivr\u00e9s. Robe intense, nez complexe, bouche ample et velout\u00e9e : un vin de caract\u00e8re, parfait pour les grandes tables et les plaisirs du terroir.<\/p>","protected":false},"featured_media":2850,"comment_status":"open","ping_status":"closed","template":"","meta":{"_acf_changed":false},"product_brand":[],"product_cat":[182,176],"product_tag":[],"giftcard-category":[],"class_list":{"0":"post-2963","1":"product","2":"type-product","3":"status-publish","4":"has-post-thumbnail","6":"product_cat-tradition","7":"product_cat-vins-medailles","9":"first","10":"instock","11":"taxable","12":"shipping-taxable","13":"purchasable","14":"product-type-variable"},"bundled_by":[],"bundle_stock_status":"instock","bundle_stock_quantity":null,"bundle_virtual":false,"bundle_layout":"","bundle_add_to_cart_form_location":"","bundle_editable_in_cart":false,"bundle_sold_individually_context":"","bundle_item_grouping":"","bundle_min_size":"","bundle_max_size":"","bundle_price":[],"bundled_items":[],"bundle_sell_ids":[],"acf":[],"_links":{"self":[{"href":"https:\/\/germanier.com\/de\/wp-json\/wp\/v2\/product\/2963","targetHints":{"allow":["GET"]}}],"collection":[{"href":"https:\/\/germanier.com\/de\/wp-json\/wp\/v2\/product"}],"about":[{"href":"https:\/\/germanier.com\/de\/wp-json\/wp\/v2\/types\/product"}],"replies":[{"embeddable":true,"href":"https:\/\/germanier.com\/de\/wp-json\/wp\/v2\/comments?post=2963"}],"version-history":[{"count":6,"href":"https:\/\/germanier.com\/de\/wp-json\/wp\/v2\/product\/2963\/revisions"}],"predecessor-version":[{"id":3868,"href":"https:\/\/germanier.com\/de\/wp-json\/wp\/v2\/product\/2963\/revisions\/3868"}],"wp:featuredmedia":[{"embeddable":true,"href":"https:\/\/germanier.com\/de\/wp-json\/wp\/v2\/media\/2850"}],"wp:attachment":[{"href":"https:\/\/germanier.com\/de\/wp-json\/wp\/v2\/media?parent=2963"}],"wp:term":[{"taxonomy":"product_brand","embeddable":true,"href":"https:\/\/germanier.com\/de\/wp-json\/wp\/v2\/product_brand?post=2963"},{"taxonomy":"product_cat","embeddable":true,"href":"https:\/\/germanier.com\/de\/wp-json\/wp\/v2\/product_cat?post=2963"},{"taxonomy":"product_tag","embeddable":true,"href":"https:\/\/germanier.com\/de\/wp-json\/wp\/v2\/product_tag?post=2963"},{"taxonomy":"giftcard-category","embeddable":true,"href":"https:\/\/germanier.com\/de\/wp-json\/wp\/v2\/giftcard-category?post=2963"}],"curies":[{"name":"wp","href":"https:\/\/api.w.org\/{rel}","templated":true}]}}