{"id":2957,"date":"2025-06-25T11:31:59","date_gmt":"2025-06-25T09:31:59","guid":{"rendered":"https:\/\/germanier.com\/?post_type=product&#038;p=2957"},"modified":"2026-04-02T12:00:29","modified_gmt":"2026-04-02T10:00:29","slug":"cornalin-barrique","status":"publish","type":"product","link":"https:\/\/germanier.com\/de\/shop\/cornalin-barrique\/","title":{"rendered":"Cornalin Barrique"},"content":{"rendered":"","protected":false},"excerpt":{"rendered":"<p>Der Cornalin, eine edle und emblematische Rebsorte aus dem Wallis, gewinnt an Tiefe und Eleganz, wenn er in Barriques ausgebaut wird. Dieser seltene und rassige Wein enth\u00fcllt nach einem langen Ausbau eine ausgepr\u00e4gte Struktur, komplexe Aromen und eine bemerkenswerte Alterungsf\u00e4higkeit. Ein intensiver und raffinierter Ausdruck dieses gro\u00dfen, charaktervollen Weins.<\/p>","protected":false},"featured_media":2808,"comment_status":"open","ping_status":"closed","template":"","meta":{"_acf_changed":false},"product_brand":[],"product_cat":[182,176],"product_tag":[],"giftcard-category":[],"class_list":{"0":"post-2957","1":"product","2":"type-product","3":"status-publish","4":"has-post-thumbnail","6":"product_cat-tradition","7":"product_cat-vins-medailles","9":"first","10":"instock","11":"taxable","12":"shipping-taxable","13":"purchasable","14":"product-type-variable","15":"has-default-attributes"},"bundled_by":[],"bundle_stock_status":"instock","bundle_stock_quantity":null,"bundle_virtual":false,"bundle_layout":"","bundle_add_to_cart_form_location":"","bundle_editable_in_cart":false,"bundle_sold_individually_context":"","bundle_item_grouping":"","bundle_min_size":"","bundle_max_size":"","bundle_price":[],"bundled_items":[],"bundle_sell_ids":[],"acf":[],"_links":{"self":[{"href":"https:\/\/germanier.com\/de\/wp-json\/wp\/v2\/product\/2957","targetHints":{"allow":["GET"]}}],"collection":[{"href":"https:\/\/germanier.com\/de\/wp-json\/wp\/v2\/product"}],"about":[{"href":"https:\/\/germanier.com\/de\/wp-json\/wp\/v2\/types\/product"}],"replies":[{"embeddable":true,"href":"https:\/\/germanier.com\/de\/wp-json\/wp\/v2\/comments?post=2957"}],"version-history":[{"count":4,"href":"https:\/\/germanier.com\/de\/wp-json\/wp\/v2\/product\/2957\/revisions"}],"predecessor-version":[{"id":5053,"href":"https:\/\/germanier.com\/de\/wp-json\/wp\/v2\/product\/2957\/revisions\/5053"}],"wp:featuredmedia":[{"embeddable":true,"href":"https:\/\/germanier.com\/de\/wp-json\/wp\/v2\/media\/2808"}],"wp:attachment":[{"href":"https:\/\/germanier.com\/de\/wp-json\/wp\/v2\/media?parent=2957"}],"wp:term":[{"taxonomy":"product_brand","embeddable":true,"href":"https:\/\/germanier.com\/de\/wp-json\/wp\/v2\/product_brand?post=2957"},{"taxonomy":"product_cat","embeddable":true,"href":"https:\/\/germanier.com\/de\/wp-json\/wp\/v2\/product_cat?post=2957"},{"taxonomy":"product_tag","embeddable":true,"href":"https:\/\/germanier.com\/de\/wp-json\/wp\/v2\/product_tag?post=2957"},{"taxonomy":"giftcard-category","embeddable":true,"href":"https:\/\/germanier.com\/de\/wp-json\/wp\/v2\/giftcard-category?post=2957"}],"curies":[{"name":"wp","href":"https:\/\/api.w.org\/{rel}","templated":true}]}}