{"id":2939,"date":"2025-06-25T10:18:25","date_gmt":"2025-06-25T08:18:25","guid":{"rendered":"https:\/\/germanier.com\/?post_type=product&#038;p=2939"},"modified":"2026-03-17T14:24:11","modified_gmt":"2026-03-17T13:24:11","slug":"pinot-noir-aoc-du-valais","status":"publish","type":"product","link":"https:\/\/germanier.com\/de\/shop\/pinot-noir-aoc-du-valais\/","title":{"rendered":"Pinot Noir Rubis"},"content":{"rendered":"","protected":false},"excerpt":{"rendered":"<p>Der Pinot Noir wurde im Wallis eingef\u00fchrt, um die Weinberge zu revitalisieren. Er hat sich hier voll entfaltet und ist zur meist angebauten roten Rebsorte des Kantons geworden. Die aus einem hochgelegenen Terroir stammende Rebsorte bringt hier eine sch\u00f6ne fruchtige Intensit\u00e4t zum Ausdruck, wobei sie Eleganz und Finesse bewahrt. Ein authentischer und vielseitiger Wein, ideal f\u00fcr alle Gelegenheiten.<\/p>","protected":false},"featured_media":2842,"comment_status":"open","ping_status":"closed","template":"","meta":{"_acf_changed":false},"product_brand":[],"product_cat":[182,176],"product_tag":[],"giftcard-category":[],"class_list":{"0":"post-2939","1":"product","2":"type-product","3":"status-publish","4":"has-post-thumbnail","6":"product_cat-tradition","7":"product_cat-vins-medailles","9":"first","10":"instock","11":"taxable","12":"shipping-taxable","13":"purchasable","14":"product-type-variable"},"bundled_by":[],"bundle_stock_status":"instock","bundle_stock_quantity":null,"bundle_virtual":false,"bundle_layout":"","bundle_add_to_cart_form_location":"","bundle_editable_in_cart":false,"bundle_sold_individually_context":"","bundle_item_grouping":"","bundle_min_size":"","bundle_max_size":"","bundle_price":[],"bundled_items":[],"bundle_sell_ids":[],"acf":[],"_links":{"self":[{"href":"https:\/\/germanier.com\/de\/wp-json\/wp\/v2\/product\/2939","targetHints":{"allow":["GET"]}}],"collection":[{"href":"https:\/\/germanier.com\/de\/wp-json\/wp\/v2\/product"}],"about":[{"href":"https:\/\/germanier.com\/de\/wp-json\/wp\/v2\/types\/product"}],"replies":[{"embeddable":true,"href":"https:\/\/germanier.com\/de\/wp-json\/wp\/v2\/comments?post=2939"}],"version-history":[{"count":4,"href":"https:\/\/germanier.com\/de\/wp-json\/wp\/v2\/product\/2939\/revisions"}],"predecessor-version":[{"id":2944,"href":"https:\/\/germanier.com\/de\/wp-json\/wp\/v2\/product\/2939\/revisions\/2944"}],"wp:featuredmedia":[{"embeddable":true,"href":"https:\/\/germanier.com\/de\/wp-json\/wp\/v2\/media\/2842"}],"wp:attachment":[{"href":"https:\/\/germanier.com\/de\/wp-json\/wp\/v2\/media?parent=2939"}],"wp:term":[{"taxonomy":"product_brand","embeddable":true,"href":"https:\/\/germanier.com\/de\/wp-json\/wp\/v2\/product_brand?post=2939"},{"taxonomy":"product_cat","embeddable":true,"href":"https:\/\/germanier.com\/de\/wp-json\/wp\/v2\/product_cat?post=2939"},{"taxonomy":"product_tag","embeddable":true,"href":"https:\/\/germanier.com\/de\/wp-json\/wp\/v2\/product_tag?post=2939"},{"taxonomy":"giftcard-category","embeddable":true,"href":"https:\/\/germanier.com\/de\/wp-json\/wp\/v2\/giftcard-category?post=2939"}],"curies":[{"name":"wp","href":"https:\/\/api.w.org\/{rel}","templated":true}]}}