{"id":2935,"date":"2025-06-25T09:53:53","date_gmt":"2025-06-25T07:53:53","guid":{"rendered":"https:\/\/germanier.com\/?post_type=product&#038;p=2935"},"modified":"2026-03-17T14:27:32","modified_gmt":"2026-03-17T13:27:32","slug":"syrah","status":"publish","type":"product","link":"https:\/\/germanier.com\/de\/shop\/syrah\/","title":{"rendered":"Syrah"},"content":{"rendered":"","protected":false},"excerpt":{"rendered":"<p data-start=\"126\" data-end=\"413\">Puissante, \u00e9pic\u00e9e et \u00e9l\u00e9gante, la Syrah du Valais s\u2019impose comme l\u2019un des grands vins rouges de la r\u00e9gion. B\u00e9n\u00e9ficiant d\u2019un climat sec et ensoleill\u00e9, elle r\u00e9v\u00e8le une complexit\u00e9 remarquable, m\u00ealant intensit\u00e9 du poivre et finesse de la violette. Un vin de garde et de gastronomie, digne des plus belles tables.<\/p>","protected":false},"featured_media":2848,"comment_status":"open","ping_status":"closed","template":"","meta":{"_acf_changed":false},"product_brand":[],"product_cat":[182,176],"product_tag":[],"giftcard-category":[],"class_list":{"0":"post-2935","1":"product","2":"type-product","3":"status-publish","4":"has-post-thumbnail","6":"product_cat-tradition","7":"product_cat-vins-medailles","9":"first","10":"instock","11":"taxable","12":"shipping-taxable","13":"purchasable","14":"product-type-variable"},"bundled_by":[],"bundle_stock_status":"instock","bundle_stock_quantity":null,"bundle_virtual":false,"bundle_layout":"","bundle_add_to_cart_form_location":"","bundle_editable_in_cart":false,"bundle_sold_individually_context":"","bundle_item_grouping":"","bundle_min_size":"","bundle_max_size":"","bundle_price":[],"bundled_items":[],"bundle_sell_ids":[],"acf":[],"_links":{"self":[{"href":"https:\/\/germanier.com\/de\/wp-json\/wp\/v2\/product\/2935","targetHints":{"allow":["GET"]}}],"collection":[{"href":"https:\/\/germanier.com\/de\/wp-json\/wp\/v2\/product"}],"about":[{"href":"https:\/\/germanier.com\/de\/wp-json\/wp\/v2\/types\/product"}],"replies":[{"embeddable":true,"href":"https:\/\/germanier.com\/de\/wp-json\/wp\/v2\/comments?post=2935"}],"version-history":[{"count":6,"href":"https:\/\/germanier.com\/de\/wp-json\/wp\/v2\/product\/2935\/revisions"}],"predecessor-version":[{"id":3871,"href":"https:\/\/germanier.com\/de\/wp-json\/wp\/v2\/product\/2935\/revisions\/3871"}],"wp:featuredmedia":[{"embeddable":true,"href":"https:\/\/germanier.com\/de\/wp-json\/wp\/v2\/media\/2848"}],"wp:attachment":[{"href":"https:\/\/germanier.com\/de\/wp-json\/wp\/v2\/media?parent=2935"}],"wp:term":[{"taxonomy":"product_brand","embeddable":true,"href":"https:\/\/germanier.com\/de\/wp-json\/wp\/v2\/product_brand?post=2935"},{"taxonomy":"product_cat","embeddable":true,"href":"https:\/\/germanier.com\/de\/wp-json\/wp\/v2\/product_cat?post=2935"},{"taxonomy":"product_tag","embeddable":true,"href":"https:\/\/germanier.com\/de\/wp-json\/wp\/v2\/product_tag?post=2935"},{"taxonomy":"giftcard-category","embeddable":true,"href":"https:\/\/germanier.com\/de\/wp-json\/wp\/v2\/giftcard-category?post=2935"}],"curies":[{"name":"wp","href":"https:\/\/api.w.org\/{rel}","templated":true}]}}