{"id":2926,"date":"2025-06-25T08:52:48","date_gmt":"2025-06-25T06:52:48","guid":{"rendered":"https:\/\/germanier.com\/?post_type=product&#038;p=2926"},"modified":"2026-03-17T14:10:16","modified_gmt":"2026-03-17T13:10:16","slug":"humagne-rot","status":"publish","type":"product","link":"https:\/\/germanier.com\/de\/shop\/humagne-rot\/","title":{"rendered":"Humagne Rouge"},"content":{"rendered":"","protected":false},"excerpt":{"rendered":"<p>L\u2019Humagne Rouge, c\u00e9page embl\u00e9matique du Valais, s\u00e9duit par son caract\u00e8re rustique et sa finesse aromatique. Vin authentique et rac\u00e9, il r\u00e9v\u00e8le une personnalit\u00e9 sauvage, pleine de charme, qui accompagne parfaitement la cuisine de montagne et les mets de caract\u00e8re.<\/p>","protected":false},"featured_media":2824,"comment_status":"open","ping_status":"closed","template":"","meta":{"_acf_changed":false},"product_brand":[],"product_cat":[182,176],"product_tag":[],"giftcard-category":[],"class_list":{"0":"post-2926","1":"product","2":"type-product","3":"status-publish","4":"has-post-thumbnail","6":"product_cat-tradition","7":"product_cat-vins-medailles","9":"first","10":"instock","11":"taxable","12":"shipping-taxable","13":"purchasable","14":"product-type-variable"},"bundled_by":[],"bundle_stock_status":"instock","bundle_stock_quantity":null,"bundle_virtual":false,"bundle_layout":"","bundle_add_to_cart_form_location":"","bundle_editable_in_cart":false,"bundle_sold_individually_context":"","bundle_item_grouping":"","bundle_min_size":"","bundle_max_size":"","bundle_price":[],"bundled_items":[],"bundle_sell_ids":[],"acf":[],"_links":{"self":[{"href":"https:\/\/germanier.com\/de\/wp-json\/wp\/v2\/product\/2926","targetHints":{"allow":["GET"]}}],"collection":[{"href":"https:\/\/germanier.com\/de\/wp-json\/wp\/v2\/product"}],"about":[{"href":"https:\/\/germanier.com\/de\/wp-json\/wp\/v2\/types\/product"}],"replies":[{"embeddable":true,"href":"https:\/\/germanier.com\/de\/wp-json\/wp\/v2\/comments?post=2926"}],"version-history":[{"count":6,"href":"https:\/\/germanier.com\/de\/wp-json\/wp\/v2\/product\/2926\/revisions"}],"predecessor-version":[{"id":3873,"href":"https:\/\/germanier.com\/de\/wp-json\/wp\/v2\/product\/2926\/revisions\/3873"}],"wp:featuredmedia":[{"embeddable":true,"href":"https:\/\/germanier.com\/de\/wp-json\/wp\/v2\/media\/2824"}],"wp:attachment":[{"href":"https:\/\/germanier.com\/de\/wp-json\/wp\/v2\/media?parent=2926"}],"wp:term":[{"taxonomy":"product_brand","embeddable":true,"href":"https:\/\/germanier.com\/de\/wp-json\/wp\/v2\/product_brand?post=2926"},{"taxonomy":"product_cat","embeddable":true,"href":"https:\/\/germanier.com\/de\/wp-json\/wp\/v2\/product_cat?post=2926"},{"taxonomy":"product_tag","embeddable":true,"href":"https:\/\/germanier.com\/de\/wp-json\/wp\/v2\/product_tag?post=2926"},{"taxonomy":"giftcard-category","embeddable":true,"href":"https:\/\/germanier.com\/de\/wp-json\/wp\/v2\/giftcard-category?post=2926"}],"curies":[{"name":"wp","href":"https:\/\/api.w.org\/{rel}","templated":true}]}}