{"id":2922,"date":"2025-06-25T08:38:41","date_gmt":"2025-06-25T06:38:41","guid":{"rendered":"https:\/\/germanier.com\/?post_type=product&#038;p=2922"},"modified":"2025-10-21T16:34:08","modified_gmt":"2025-10-21T14:34:08","slug":"cornalin","status":"publish","type":"product","link":"https:\/\/germanier.com\/de\/shop\/cornalin\/","title":{"rendered":"Cornalin"},"content":{"rendered":"","protected":false},"excerpt":{"rendered":"<p>Authentique et rac\u00e9, le Cornalin est l\u2019expression pure du Valais. H\u00e9ritier d\u2019un c\u00e9page ancien, il s\u00e9duit par sa puissance et sa richesse aromatique notamment sur ses notes de griotte. Vin de caract\u00e8re, il sublime les repas les plus gourmands et enchante les amateurs de rouges typ\u00e9s et g\u00e9n\u00e9reux.<\/p>","protected":false},"featured_media":2806,"comment_status":"open","ping_status":"closed","template":"","meta":{"_acf_changed":false},"product_brand":[],"product_cat":[182,176],"product_tag":[],"giftcard-category":[],"class_list":{"0":"post-2922","1":"product","2":"type-product","3":"status-publish","4":"has-post-thumbnail","6":"product_cat-tradition","7":"product_cat-vins-medailles","9":"first","10":"instock","11":"taxable","12":"shipping-taxable","13":"purchasable","14":"product-type-variable"},"bundled_by":[],"bundle_stock_status":"instock","bundle_stock_quantity":null,"bundle_virtual":false,"bundle_layout":"","bundle_add_to_cart_form_location":"","bundle_editable_in_cart":false,"bundle_sold_individually_context":"","bundle_item_grouping":"","bundle_min_size":"","bundle_max_size":"","bundle_price":[],"bundled_items":[],"bundle_sell_ids":[],"acf":[],"_links":{"self":[{"href":"https:\/\/germanier.com\/de\/wp-json\/wp\/v2\/product\/2922","targetHints":{"allow":["GET"]}}],"collection":[{"href":"https:\/\/germanier.com\/de\/wp-json\/wp\/v2\/product"}],"about":[{"href":"https:\/\/germanier.com\/de\/wp-json\/wp\/v2\/types\/product"}],"replies":[{"embeddable":true,"href":"https:\/\/germanier.com\/de\/wp-json\/wp\/v2\/comments?post=2922"}],"version-history":[{"count":6,"href":"https:\/\/germanier.com\/de\/wp-json\/wp\/v2\/product\/2922\/revisions"}],"predecessor-version":[{"id":3874,"href":"https:\/\/germanier.com\/de\/wp-json\/wp\/v2\/product\/2922\/revisions\/3874"}],"wp:featuredmedia":[{"embeddable":true,"href":"https:\/\/germanier.com\/de\/wp-json\/wp\/v2\/media\/2806"}],"wp:attachment":[{"href":"https:\/\/germanier.com\/de\/wp-json\/wp\/v2\/media?parent=2922"}],"wp:term":[{"taxonomy":"product_brand","embeddable":true,"href":"https:\/\/germanier.com\/de\/wp-json\/wp\/v2\/product_brand?post=2922"},{"taxonomy":"product_cat","embeddable":true,"href":"https:\/\/germanier.com\/de\/wp-json\/wp\/v2\/product_cat?post=2922"},{"taxonomy":"product_tag","embeddable":true,"href":"https:\/\/germanier.com\/de\/wp-json\/wp\/v2\/product_tag?post=2922"},{"taxonomy":"giftcard-category","embeddable":true,"href":"https:\/\/germanier.com\/de\/wp-json\/wp\/v2\/giftcard-category?post=2922"}],"curies":[{"name":"wp","href":"https:\/\/api.w.org\/{rel}","templated":true}]}}