{"id":2917,"date":"2025-06-24T17:32:38","date_gmt":"2025-06-24T15:32:38","guid":{"rendered":"https:\/\/germanier.com\/?post_type=product&#038;p=2917"},"modified":"2025-09-25T09:48:31","modified_gmt":"2025-09-25T07:48:31","slug":"cabernet-sauvignon","status":"publish","type":"product","link":"https:\/\/germanier.com\/de\/shop\/cabernet-sauvignon\/","title":{"rendered":"Cabernet Sauvignon"},"content":{"rendered":"","protected":false},"excerpt":{"rendered":"<p>Die urspr\u00fcnglich aus dem Bordelais stammende Rebsorte Cabernet Sauvignon gedeiht am besten an den sonnigen H\u00e4ngen des Wallis, wo sie von einem trockenen Klima und einer sch\u00f6nen Temperaturamplitude profitiert. Diese Rebsorte mit ihrer ausgepr\u00e4gten Pers\u00f6nlichkeit bringt charaktervolle, strukturierte und ausdrucksstarke Weine hervor.<\/p>","protected":false},"featured_media":2798,"comment_status":"open","ping_status":"closed","template":"","meta":{"_acf_changed":false},"product_brand":[],"product_cat":[182,176],"product_tag":[],"giftcard-category":[],"class_list":{"0":"post-2917","1":"product","2":"type-product","3":"status-publish","4":"has-post-thumbnail","6":"product_cat-tradition","7":"product_cat-vins-medailles","9":"first","10":"instock","11":"taxable","12":"shipping-taxable","13":"purchasable","14":"product-type-variable"},"bundled_by":[],"bundle_stock_status":"instock","bundle_stock_quantity":null,"bundle_virtual":false,"bundle_layout":"","bundle_add_to_cart_form_location":"","bundle_editable_in_cart":false,"bundle_sold_individually_context":"","bundle_item_grouping":"","bundle_min_size":"","bundle_max_size":"","bundle_price":[],"bundled_items":[],"bundle_sell_ids":[],"acf":[],"_links":{"self":[{"href":"https:\/\/germanier.com\/de\/wp-json\/wp\/v2\/product\/2917","targetHints":{"allow":["GET"]}}],"collection":[{"href":"https:\/\/germanier.com\/de\/wp-json\/wp\/v2\/product"}],"about":[{"href":"https:\/\/germanier.com\/de\/wp-json\/wp\/v2\/types\/product"}],"replies":[{"embeddable":true,"href":"https:\/\/germanier.com\/de\/wp-json\/wp\/v2\/comments?post=2917"}],"version-history":[{"count":4,"href":"https:\/\/germanier.com\/de\/wp-json\/wp\/v2\/product\/2917\/revisions"}],"predecessor-version":[{"id":3182,"href":"https:\/\/germanier.com\/de\/wp-json\/wp\/v2\/product\/2917\/revisions\/3182"}],"wp:featuredmedia":[{"embeddable":true,"href":"https:\/\/germanier.com\/de\/wp-json\/wp\/v2\/media\/2798"}],"wp:attachment":[{"href":"https:\/\/germanier.com\/de\/wp-json\/wp\/v2\/media?parent=2917"}],"wp:term":[{"taxonomy":"product_brand","embeddable":true,"href":"https:\/\/germanier.com\/de\/wp-json\/wp\/v2\/product_brand?post=2917"},{"taxonomy":"product_cat","embeddable":true,"href":"https:\/\/germanier.com\/de\/wp-json\/wp\/v2\/product_cat?post=2917"},{"taxonomy":"product_tag","embeddable":true,"href":"https:\/\/germanier.com\/de\/wp-json\/wp\/v2\/product_tag?post=2917"},{"taxonomy":"giftcard-category","embeddable":true,"href":"https:\/\/germanier.com\/de\/wp-json\/wp\/v2\/giftcard-category?post=2917"}],"curies":[{"name":"wp","href":"https:\/\/api.w.org\/{rel}","templated":true}]}}