{"id":2913,"date":"2025-06-24T17:15:47","date_gmt":"2025-06-24T15:15:47","guid":{"rendered":"https:\/\/germanier.com\/?post_type=product&#038;p=2913"},"modified":"2026-03-26T13:54:44","modified_gmt":"2026-03-26T12:54:44","slug":"chardonnay","status":"publish","type":"product","link":"https:\/\/germanier.com\/de\/shop\/chardonnay\/","title":{"rendered":"Chardonnay"},"content":{"rendered":"","protected":false},"excerpt":{"rendered":"<p>Der urspr\u00fcnglich aus Burgund stammende Chardonnay hat im Wallis ein hochgelegenes Terroir gefunden, das es ihm erm\u00f6glicht, seine ganze Komplexit\u00e4t zu entfalten. Diese edle wei\u00dfe Rebsorte besticht durch ihr Gleichgewicht zwischen aromatischem Reichtum, Frische und Vollmundigkeit in einem reinen und ausdrucksstarken Stil.<\/p>","protected":false},"featured_media":2801,"comment_status":"open","ping_status":"closed","template":"","meta":{"_acf_changed":false},"product_brand":[],"product_cat":[182],"product_tag":[],"giftcard-category":[],"class_list":{"0":"post-2913","1":"product","2":"type-product","3":"status-publish","4":"has-post-thumbnail","6":"product_cat-tradition","8":"first","9":"instock","10":"taxable","11":"shipping-taxable","12":"purchasable","13":"product-type-variable"},"bundled_by":[],"bundle_stock_status":"instock","bundle_stock_quantity":null,"bundle_virtual":false,"bundle_layout":"","bundle_add_to_cart_form_location":"","bundle_editable_in_cart":false,"bundle_sold_individually_context":"","bundle_item_grouping":"","bundle_min_size":"","bundle_max_size":"","bundle_price":[],"bundled_items":[],"bundle_sell_ids":[],"acf":[],"_links":{"self":[{"href":"https:\/\/germanier.com\/de\/wp-json\/wp\/v2\/product\/2913","targetHints":{"allow":["GET"]}}],"collection":[{"href":"https:\/\/germanier.com\/de\/wp-json\/wp\/v2\/product"}],"about":[{"href":"https:\/\/germanier.com\/de\/wp-json\/wp\/v2\/types\/product"}],"replies":[{"embeddable":true,"href":"https:\/\/germanier.com\/de\/wp-json\/wp\/v2\/comments?post=2913"}],"version-history":[{"count":2,"href":"https:\/\/germanier.com\/de\/wp-json\/wp\/v2\/product\/2913\/revisions"}],"predecessor-version":[{"id":3183,"href":"https:\/\/germanier.com\/de\/wp-json\/wp\/v2\/product\/2913\/revisions\/3183"}],"wp:featuredmedia":[{"embeddable":true,"href":"https:\/\/germanier.com\/de\/wp-json\/wp\/v2\/media\/2801"}],"wp:attachment":[{"href":"https:\/\/germanier.com\/de\/wp-json\/wp\/v2\/media?parent=2913"}],"wp:term":[{"taxonomy":"product_brand","embeddable":true,"href":"https:\/\/germanier.com\/de\/wp-json\/wp\/v2\/product_brand?post=2913"},{"taxonomy":"product_cat","embeddable":true,"href":"https:\/\/germanier.com\/de\/wp-json\/wp\/v2\/product_cat?post=2913"},{"taxonomy":"product_tag","embeddable":true,"href":"https:\/\/germanier.com\/de\/wp-json\/wp\/v2\/product_tag?post=2913"},{"taxonomy":"giftcard-category","embeddable":true,"href":"https:\/\/germanier.com\/de\/wp-json\/wp\/v2\/giftcard-category?post=2913"}],"curies":[{"name":"wp","href":"https:\/\/api.w.org\/{rel}","templated":true}]}}