{"id":2907,"date":"2025-06-24T16:31:02","date_gmt":"2025-06-24T14:31:02","guid":{"rendered":"https:\/\/germanier.com\/?post_type=product&#038;p=2907"},"modified":"2026-03-17T14:18:01","modified_gmt":"2026-03-17T13:18:01","slug":"oeil-de-perdrix","status":"publish","type":"product","link":"https:\/\/germanier.com\/de\/shop\/oeil-de-perdrix\/","title":{"rendered":"Oeil-de-Perdrix"},"content":{"rendered":"","protected":false},"excerpt":{"rendered":"<p data-start=\"168\" data-end=\"460\">Issu du m\u00eame terroir que le Pinot Noir dont il est issu, l\u2019\u0152il-de-Perdrix puise ses racines en Bourgogne avant de s\u2019\u00e9panouir en Valais. Ce vin ros\u00e9 d\u00e9licat s\u00e9duit par sa fra\u00eecheur, ses ar\u00f4mes fruit\u00e9s et sa texture velout\u00e9e, dans un style \u00e0 la fois classique et gourmand.<\/p>","protected":false},"featured_media":2834,"comment_status":"open","ping_status":"closed","template":"","meta":{"_acf_changed":false},"product_brand":[],"product_cat":[182],"product_tag":[],"giftcard-category":[],"class_list":{"0":"post-2907","1":"product","2":"type-product","3":"status-publish","4":"has-post-thumbnail","6":"product_cat-tradition","8":"first","9":"instock","10":"featured","11":"taxable","12":"shipping-taxable","13":"purchasable","14":"product-type-variable"},"bundled_by":[],"bundle_stock_status":"instock","bundle_stock_quantity":null,"bundle_virtual":false,"bundle_layout":"","bundle_add_to_cart_form_location":"","bundle_editable_in_cart":false,"bundle_sold_individually_context":"","bundle_item_grouping":"","bundle_min_size":"","bundle_max_size":"","bundle_price":[],"bundled_items":[],"bundle_sell_ids":[],"acf":[],"_links":{"self":[{"href":"https:\/\/germanier.com\/de\/wp-json\/wp\/v2\/product\/2907","targetHints":{"allow":["GET"]}}],"collection":[{"href":"https:\/\/germanier.com\/de\/wp-json\/wp\/v2\/product"}],"about":[{"href":"https:\/\/germanier.com\/de\/wp-json\/wp\/v2\/types\/product"}],"replies":[{"embeddable":true,"href":"https:\/\/germanier.com\/de\/wp-json\/wp\/v2\/comments?post=2907"}],"version-history":[{"count":5,"href":"https:\/\/germanier.com\/de\/wp-json\/wp\/v2\/product\/2907\/revisions"}],"predecessor-version":[{"id":4843,"href":"https:\/\/germanier.com\/de\/wp-json\/wp\/v2\/product\/2907\/revisions\/4843"}],"wp:featuredmedia":[{"embeddable":true,"href":"https:\/\/germanier.com\/de\/wp-json\/wp\/v2\/media\/2834"}],"wp:attachment":[{"href":"https:\/\/germanier.com\/de\/wp-json\/wp\/v2\/media?parent=2907"}],"wp:term":[{"taxonomy":"product_brand","embeddable":true,"href":"https:\/\/germanier.com\/de\/wp-json\/wp\/v2\/product_brand?post=2907"},{"taxonomy":"product_cat","embeddable":true,"href":"https:\/\/germanier.com\/de\/wp-json\/wp\/v2\/product_cat?post=2907"},{"taxonomy":"product_tag","embeddable":true,"href":"https:\/\/germanier.com\/de\/wp-json\/wp\/v2\/product_tag?post=2907"},{"taxonomy":"giftcard-category","embeddable":true,"href":"https:\/\/germanier.com\/de\/wp-json\/wp\/v2\/giftcard-category?post=2907"}],"curies":[{"name":"wp","href":"https:\/\/api.w.org\/{rel}","templated":true}]}}