{"id":2880,"date":"2025-06-23T15:11:33","date_gmt":"2025-06-23T13:11:33","guid":{"rendered":"https:\/\/germanier.com\/?post_type=product&#038;p=2880"},"modified":"2026-03-26T13:58:26","modified_gmt":"2026-03-26T12:58:26","slug":"pinot-gris","status":"publish","type":"product","link":"https:\/\/germanier.com\/de\/shop\/pinot-gris\/","title":{"rendered":"Pinot Gris"},"content":{"rendered":"","protected":false},"excerpt":{"rendered":"<p>Der Pinot Gris ist seit dem 19. Jahrhundert im Wallis beheimatet und gedeiht an den w\u00e4rmsten und luftigsten H\u00e4ngen der Region. Diese Rebsorte mit ihren kompakten Trauben bringt einen charmanten Wein mit fruchtigen Aromen und einer sch\u00f6nen F\u00fclle hervor. Ein k\u00f6stlicher und ausgewogener Wein, der einen subtilen Ausdruck zwischen S\u00fc\u00dfe und Frische bietet.<\/p>","protected":false},"featured_media":2839,"comment_status":"open","ping_status":"closed","template":"","meta":{"_acf_changed":false},"product_brand":[],"product_cat":[182],"product_tag":[],"giftcard-category":[],"class_list":{"0":"post-2880","1":"product","2":"type-product","3":"status-publish","4":"has-post-thumbnail","6":"product_cat-tradition","8":"first","9":"instock","10":"taxable","11":"shipping-taxable","12":"purchasable","13":"product-type-variable"},"bundled_by":[],"bundle_stock_status":"instock","bundle_stock_quantity":null,"bundle_virtual":false,"bundle_layout":"","bundle_add_to_cart_form_location":"","bundle_editable_in_cart":false,"bundle_sold_individually_context":"","bundle_item_grouping":"","bundle_min_size":"","bundle_max_size":"","bundle_price":[],"bundled_items":[],"bundle_sell_ids":[],"acf":[],"_links":{"self":[{"href":"https:\/\/germanier.com\/de\/wp-json\/wp\/v2\/product\/2880","targetHints":{"allow":["GET"]}}],"collection":[{"href":"https:\/\/germanier.com\/de\/wp-json\/wp\/v2\/product"}],"about":[{"href":"https:\/\/germanier.com\/de\/wp-json\/wp\/v2\/types\/product"}],"replies":[{"embeddable":true,"href":"https:\/\/germanier.com\/de\/wp-json\/wp\/v2\/comments?post=2880"}],"version-history":[{"count":4,"href":"https:\/\/germanier.com\/de\/wp-json\/wp\/v2\/product\/2880\/revisions"}],"predecessor-version":[{"id":5023,"href":"https:\/\/germanier.com\/de\/wp-json\/wp\/v2\/product\/2880\/revisions\/5023"}],"wp:featuredmedia":[{"embeddable":true,"href":"https:\/\/germanier.com\/de\/wp-json\/wp\/v2\/media\/2839"}],"wp:attachment":[{"href":"https:\/\/germanier.com\/de\/wp-json\/wp\/v2\/media?parent=2880"}],"wp:term":[{"taxonomy":"product_brand","embeddable":true,"href":"https:\/\/germanier.com\/de\/wp-json\/wp\/v2\/product_brand?post=2880"},{"taxonomy":"product_cat","embeddable":true,"href":"https:\/\/germanier.com\/de\/wp-json\/wp\/v2\/product_cat?post=2880"},{"taxonomy":"product_tag","embeddable":true,"href":"https:\/\/germanier.com\/de\/wp-json\/wp\/v2\/product_tag?post=2880"},{"taxonomy":"giftcard-category","embeddable":true,"href":"https:\/\/germanier.com\/de\/wp-json\/wp\/v2\/giftcard-category?post=2880"}],"curies":[{"name":"wp","href":"https:\/\/api.w.org\/{rel}","templated":true}]}}