{"id":2876,"date":"2025-06-23T14:45:01","date_gmt":"2025-06-23T12:45:01","guid":{"rendered":"https:\/\/germanier.com\/?post_type=product&#038;p=2876"},"modified":"2026-03-17T14:22:57","modified_gmt":"2026-03-17T13:22:57","slug":"kleine-arvine","status":"publish","type":"product","link":"https:\/\/germanier.com\/de\/shop\/kleine-arvine\/","title":{"rendered":"Petite Arvine"},"content":{"rendered":"","protected":false},"excerpt":{"rendered":"<p data-start=\"114\" data-end=\"403\">C\u00e9page embl\u00e9matique du Valais, la Petite Arvine s\u00e9duit par ses ar\u00f4mes d\u2019agrumes et de fleurs d\u00e9licates. Vinifi\u00e9e en blanc sec, elle offre une bouche vive, \u00e9quilibr\u00e9e par une pointe saline en finale. Un vin raffin\u00e9 et typ\u00e9, parfait pour les amateurs de blancs de caract\u00e8re.<\/p>","protected":false},"featured_media":2837,"comment_status":"open","ping_status":"closed","template":"","meta":{"_acf_changed":false},"product_brand":[],"product_cat":[182],"product_tag":[],"giftcard-category":[],"class_list":{"0":"post-2876","1":"product","2":"type-product","3":"status-publish","4":"has-post-thumbnail","6":"product_cat-tradition","8":"first","9":"instock","10":"taxable","11":"shipping-taxable","12":"purchasable","13":"product-type-variable"},"bundled_by":[],"bundle_stock_status":"instock","bundle_stock_quantity":null,"bundle_virtual":false,"bundle_layout":"","bundle_add_to_cart_form_location":"","bundle_editable_in_cart":false,"bundle_sold_individually_context":"","bundle_item_grouping":"","bundle_min_size":"","bundle_max_size":"","bundle_price":[],"bundled_items":[],"bundle_sell_ids":[],"acf":[],"_links":{"self":[{"href":"https:\/\/germanier.com\/de\/wp-json\/wp\/v2\/product\/2876","targetHints":{"allow":["GET"]}}],"collection":[{"href":"https:\/\/germanier.com\/de\/wp-json\/wp\/v2\/product"}],"about":[{"href":"https:\/\/germanier.com\/de\/wp-json\/wp\/v2\/types\/product"}],"replies":[{"embeddable":true,"href":"https:\/\/germanier.com\/de\/wp-json\/wp\/v2\/comments?post=2876"}],"version-history":[{"count":4,"href":"https:\/\/germanier.com\/de\/wp-json\/wp\/v2\/product\/2876\/revisions"}],"predecessor-version":[{"id":3878,"href":"https:\/\/germanier.com\/de\/wp-json\/wp\/v2\/product\/2876\/revisions\/3878"}],"wp:featuredmedia":[{"embeddable":true,"href":"https:\/\/germanier.com\/de\/wp-json\/wp\/v2\/media\/2837"}],"wp:attachment":[{"href":"https:\/\/germanier.com\/de\/wp-json\/wp\/v2\/media?parent=2876"}],"wp:term":[{"taxonomy":"product_brand","embeddable":true,"href":"https:\/\/germanier.com\/de\/wp-json\/wp\/v2\/product_brand?post=2876"},{"taxonomy":"product_cat","embeddable":true,"href":"https:\/\/germanier.com\/de\/wp-json\/wp\/v2\/product_cat?post=2876"},{"taxonomy":"product_tag","embeddable":true,"href":"https:\/\/germanier.com\/de\/wp-json\/wp\/v2\/product_tag?post=2876"},{"taxonomy":"giftcard-category","embeddable":true,"href":"https:\/\/germanier.com\/de\/wp-json\/wp\/v2\/giftcard-category?post=2876"}],"curies":[{"name":"wp","href":"https:\/\/api.w.org\/{rel}","templated":true}]}}