{"id":2865,"date":"2025-06-23T13:40:19","date_gmt":"2025-06-23T11:40:19","guid":{"rendered":"https:\/\/germanier.com\/?post_type=product&#038;p=2865"},"modified":"2026-03-17T14:20:46","modified_gmt":"2026-03-17T13:20:46","slug":"paien","status":"publish","type":"product","link":"https:\/\/germanier.com\/de\/shop\/paien\/","title":{"rendered":"Pa\u00efen"},"content":{"rendered":"","protected":false},"excerpt":{"rendered":"<p>Aufgerufen <em data-start=\"183\" data-end=\"190\">Pa\u00efen<\/em> im franz\u00f6sischsprachigen Wallis und <em data-start=\"216\" data-end=\"223\">He\u00efda<\/em> im Oberwallis wird dieser Wei\u00dfwein aus der Rebsorte Savagnin Blanc hergestellt. Er besticht durch seine ausdrucksstarken Aromen von exotischen Fr\u00fcchten und Zitrusfr\u00fcchten und bietet eine sch\u00f6ne Frische im Mund. Er ist tonisch und strukturiert und zeichnet sich durch eine lebendige S\u00e4ure aus, die ihm ein ausgezeichnetes Lagerungspotenzial verleiht.<\/p>","protected":false},"featured_media":2835,"comment_status":"open","ping_status":"closed","template":"","meta":{"_acf_changed":false},"product_brand":[],"product_cat":[182,176],"product_tag":[],"giftcard-category":[],"class_list":{"0":"post-2865","1":"product","2":"type-product","3":"status-publish","4":"has-post-thumbnail","6":"product_cat-tradition","7":"product_cat-vins-medailles","9":"first","10":"instock","11":"taxable","12":"shipping-taxable","13":"purchasable","14":"product-type-variable"},"bundled_by":["3752"],"bundle_stock_status":"instock","bundle_stock_quantity":null,"bundle_virtual":false,"bundle_layout":"","bundle_add_to_cart_form_location":"","bundle_editable_in_cart":false,"bundle_sold_individually_context":"","bundle_item_grouping":"","bundle_min_size":"","bundle_max_size":"","bundle_price":[],"bundled_items":[],"bundle_sell_ids":[],"acf":[],"_links":{"self":[{"href":"https:\/\/germanier.com\/de\/wp-json\/wp\/v2\/product\/2865","targetHints":{"allow":["GET"]}}],"collection":[{"href":"https:\/\/germanier.com\/de\/wp-json\/wp\/v2\/product"}],"about":[{"href":"https:\/\/germanier.com\/de\/wp-json\/wp\/v2\/types\/product"}],"replies":[{"embeddable":true,"href":"https:\/\/germanier.com\/de\/wp-json\/wp\/v2\/comments?post=2865"}],"version-history":[{"count":5,"href":"https:\/\/germanier.com\/de\/wp-json\/wp\/v2\/product\/2865\/revisions"}],"predecessor-version":[{"id":3363,"href":"https:\/\/germanier.com\/de\/wp-json\/wp\/v2\/product\/2865\/revisions\/3363"}],"wp:featuredmedia":[{"embeddable":true,"href":"https:\/\/germanier.com\/de\/wp-json\/wp\/v2\/media\/2835"}],"wp:attachment":[{"href":"https:\/\/germanier.com\/de\/wp-json\/wp\/v2\/media?parent=2865"}],"wp:term":[{"taxonomy":"product_brand","embeddable":true,"href":"https:\/\/germanier.com\/de\/wp-json\/wp\/v2\/product_brand?post=2865"},{"taxonomy":"product_cat","embeddable":true,"href":"https:\/\/germanier.com\/de\/wp-json\/wp\/v2\/product_cat?post=2865"},{"taxonomy":"product_tag","embeddable":true,"href":"https:\/\/germanier.com\/de\/wp-json\/wp\/v2\/product_tag?post=2865"},{"taxonomy":"giftcard-category","embeddable":true,"href":"https:\/\/germanier.com\/de\/wp-json\/wp\/v2\/giftcard-category?post=2865"}],"curies":[{"name":"wp","href":"https:\/\/api.w.org\/{rel}","templated":true}]}}