{"id":2861,"date":"2025-06-18T14:00:31","date_gmt":"2025-06-18T12:00:31","guid":{"rendered":"https:\/\/germanier.com\/?post_type=product&#038;p=2861"},"modified":"2026-03-17T14:11:31","modified_gmt":"2026-03-17T13:11:31","slug":"johannisberg","status":"publish","type":"product","link":"https:\/\/germanier.com\/de\/shop\/johannisberg\/","title":{"rendered":"Johannisberg"},"content":{"rendered":"","protected":false},"excerpt":{"rendered":"<p>Der Johannisberg verf\u00fchrt mit seinem zarten Bouquet von wei\u00dfen Bl\u00fcten, gr\u00fcnem Apfel und Zitrusfr\u00fcchten. Im Mund bietet er eine sch\u00f6ne Lebendigkeit und ein perfektes Gleichgewicht mit einem klaren und erfrischenden Abgang. Ein leichter und eleganter Wein, der ideal zu Aperitifs, Meeresfr\u00fcchten und leichten Gerichten passt.<\/p>","protected":false},"featured_media":2869,"comment_status":"open","ping_status":"closed","template":"","meta":{"_acf_changed":false},"product_brand":[],"product_cat":[182],"product_tag":[],"giftcard-category":[],"class_list":{"0":"post-2861","1":"product","2":"type-product","3":"status-publish","4":"has-post-thumbnail","6":"product_cat-tradition","8":"first","9":"instock","10":"taxable","11":"shipping-taxable","12":"purchasable","13":"product-type-variable"},"bundled_by":[],"bundle_stock_status":"instock","bundle_stock_quantity":null,"bundle_virtual":false,"bundle_layout":"","bundle_add_to_cart_form_location":"","bundle_editable_in_cart":false,"bundle_sold_individually_context":"","bundle_item_grouping":"","bundle_min_size":"","bundle_max_size":"","bundle_price":[],"bundled_items":[],"bundle_sell_ids":[],"acf":[],"_links":{"self":[{"href":"https:\/\/germanier.com\/de\/wp-json\/wp\/v2\/product\/2861","targetHints":{"allow":["GET"]}}],"collection":[{"href":"https:\/\/germanier.com\/de\/wp-json\/wp\/v2\/product"}],"about":[{"href":"https:\/\/germanier.com\/de\/wp-json\/wp\/v2\/types\/product"}],"replies":[{"embeddable":true,"href":"https:\/\/germanier.com\/de\/wp-json\/wp\/v2\/comments?post=2861"}],"version-history":[{"count":3,"href":"https:\/\/germanier.com\/de\/wp-json\/wp\/v2\/product\/2861\/revisions"}],"predecessor-version":[{"id":3190,"href":"https:\/\/germanier.com\/de\/wp-json\/wp\/v2\/product\/2861\/revisions\/3190"}],"wp:featuredmedia":[{"embeddable":true,"href":"https:\/\/germanier.com\/de\/wp-json\/wp\/v2\/media\/2869"}],"wp:attachment":[{"href":"https:\/\/germanier.com\/de\/wp-json\/wp\/v2\/media?parent=2861"}],"wp:term":[{"taxonomy":"product_brand","embeddable":true,"href":"https:\/\/germanier.com\/de\/wp-json\/wp\/v2\/product_brand?post=2861"},{"taxonomy":"product_cat","embeddable":true,"href":"https:\/\/germanier.com\/de\/wp-json\/wp\/v2\/product_cat?post=2861"},{"taxonomy":"product_tag","embeddable":true,"href":"https:\/\/germanier.com\/de\/wp-json\/wp\/v2\/product_tag?post=2861"},{"taxonomy":"giftcard-category","embeddable":true,"href":"https:\/\/germanier.com\/de\/wp-json\/wp\/v2\/giftcard-category?post=2861"}],"curies":[{"name":"wp","href":"https:\/\/api.w.org\/{rel}","templated":true}]}}