{"id":2856,"date":"2025-06-18T13:35:26","date_gmt":"2025-06-18T11:35:26","guid":{"rendered":"https:\/\/germanier.com\/?post_type=product&#038;p=2856"},"modified":"2026-03-26T13:59:19","modified_gmt":"2026-03-26T12:59:19","slug":"humagne-blanc","status":"publish","type":"product","link":"https:\/\/germanier.com\/de\/shop\/humagne-blanc\/","title":{"rendered":"Humagne Blanc"},"content":{"rendered":"","protected":false},"excerpt":{"rendered":"<p data-start=\"112\" data-end=\"533\">L\u2019Humagne Blanc s\u00e9duit par sa d\u00e9licatesse et sa fra\u00eecheur typique des terroirs alpins. Son nez subtil m\u00eale fleurs blanches et notes herbac\u00e9es, tandis qu\u2019en bouche, il d\u00e9voile une vivacit\u00e9 \u00e9quilibr\u00e9e et une finale l\u00e9g\u00e8rement am\u00e8re qui lui conf\u00e8re du caract\u00e8re. Un vin raffin\u00e9, id\u00e9al pour accompagner poissons d\u00e9licats, asperges et fromages de montagne.<\/p>","protected":false},"featured_media":2821,"comment_status":"open","ping_status":"closed","template":"","meta":{"_acf_changed":false},"product_brand":[],"product_cat":[182,176],"product_tag":[],"giftcard-category":[],"class_list":{"0":"post-2856","1":"product","2":"type-product","3":"status-publish","4":"has-post-thumbnail","6":"product_cat-tradition","7":"product_cat-vins-medailles","9":"first","10":"instock","11":"taxable","12":"shipping-taxable","13":"purchasable","14":"product-type-variable"},"bundled_by":[],"bundle_stock_status":"instock","bundle_stock_quantity":null,"bundle_virtual":false,"bundle_layout":"","bundle_add_to_cart_form_location":"","bundle_editable_in_cart":false,"bundle_sold_individually_context":"","bundle_item_grouping":"","bundle_min_size":"","bundle_max_size":"","bundle_price":[],"bundled_items":[],"bundle_sell_ids":[],"acf":[],"_links":{"self":[{"href":"https:\/\/germanier.com\/de\/wp-json\/wp\/v2\/product\/2856","targetHints":{"allow":["GET"]}}],"collection":[{"href":"https:\/\/germanier.com\/de\/wp-json\/wp\/v2\/product"}],"about":[{"href":"https:\/\/germanier.com\/de\/wp-json\/wp\/v2\/types\/product"}],"replies":[{"embeddable":true,"href":"https:\/\/germanier.com\/de\/wp-json\/wp\/v2\/comments?post=2856"}],"version-history":[{"count":5,"href":"https:\/\/germanier.com\/de\/wp-json\/wp\/v2\/product\/2856\/revisions"}],"predecessor-version":[{"id":3879,"href":"https:\/\/germanier.com\/de\/wp-json\/wp\/v2\/product\/2856\/revisions\/3879"}],"wp:featuredmedia":[{"embeddable":true,"href":"https:\/\/germanier.com\/de\/wp-json\/wp\/v2\/media\/2821"}],"wp:attachment":[{"href":"https:\/\/germanier.com\/de\/wp-json\/wp\/v2\/media?parent=2856"}],"wp:term":[{"taxonomy":"product_brand","embeddable":true,"href":"https:\/\/germanier.com\/de\/wp-json\/wp\/v2\/product_brand?post=2856"},{"taxonomy":"product_cat","embeddable":true,"href":"https:\/\/germanier.com\/de\/wp-json\/wp\/v2\/product_cat?post=2856"},{"taxonomy":"product_tag","embeddable":true,"href":"https:\/\/germanier.com\/de\/wp-json\/wp\/v2\/product_tag?post=2856"},{"taxonomy":"giftcard-category","embeddable":true,"href":"https:\/\/germanier.com\/de\/wp-json\/wp\/v2\/giftcard-category?post=2856"}],"curies":[{"name":"wp","href":"https:\/\/api.w.org\/{rel}","templated":true}]}}