{"id":2795,"date":"2025-06-18T13:18:13","date_gmt":"2025-06-18T11:18:13","guid":{"rendered":"https:\/\/germanier.com\/?post_type=product&#038;p=2795"},"modified":"2025-10-21T16:50:07","modified_gmt":"2025-10-21T14:50:07","slug":"fendant-aoc-du-valais","status":"publish","type":"product","link":"https:\/\/germanier.com\/de\/shop\/fendant-aoc-du-valais\/","title":{"rendered":"Fendant \u00c9toile"},"content":{"rendered":"","protected":false},"excerpt":{"rendered":"<p data-start=\"137\" data-end=\"482\">Vin de partage par excellence, le Fendant s\u00e9duit par ses notes florales et sa min\u00e9ralit\u00e9 subtile. L\u00e9g\u00e8rement perlant, il offre une bouche vive et d\u00e9salt\u00e9rante, reflet fid\u00e8le de son terroir. Id\u00e9al \u00e0 l\u2019ap\u00e9ritif, avec des mets de montagne ou des poissons fins.<\/p>","protected":false},"featured_media":2817,"comment_status":"open","ping_status":"closed","template":"","meta":{"_acf_changed":false},"product_brand":[],"product_cat":[182,176],"product_tag":[],"giftcard-category":[],"class_list":{"0":"post-2795","1":"product","2":"type-product","3":"status-publish","4":"has-post-thumbnail","6":"product_cat-tradition","7":"product_cat-vins-medailles","9":"first","10":"instock","11":"taxable","12":"shipping-taxable","13":"purchasable","14":"product-type-variable"},"bundled_by":["3763"],"bundle_stock_status":"instock","bundle_stock_quantity":null,"bundle_virtual":false,"bundle_layout":"","bundle_add_to_cart_form_location":"","bundle_editable_in_cart":false,"bundle_sold_individually_context":"","bundle_item_grouping":"","bundle_min_size":"","bundle_max_size":"","bundle_price":[],"bundled_items":[],"bundle_sell_ids":[],"acf":[],"_links":{"self":[{"href":"https:\/\/germanier.com\/de\/wp-json\/wp\/v2\/product\/2795","targetHints":{"allow":["GET"]}}],"collection":[{"href":"https:\/\/germanier.com\/de\/wp-json\/wp\/v2\/product"}],"about":[{"href":"https:\/\/germanier.com\/de\/wp-json\/wp\/v2\/types\/product"}],"replies":[{"embeddable":true,"href":"https:\/\/germanier.com\/de\/wp-json\/wp\/v2\/comments?post=2795"}],"version-history":[{"count":7,"href":"https:\/\/germanier.com\/de\/wp-json\/wp\/v2\/product\/2795\/revisions"}],"predecessor-version":[{"id":3881,"href":"https:\/\/germanier.com\/de\/wp-json\/wp\/v2\/product\/2795\/revisions\/3881"}],"wp:featuredmedia":[{"embeddable":true,"href":"https:\/\/germanier.com\/de\/wp-json\/wp\/v2\/media\/2817"}],"wp:attachment":[{"href":"https:\/\/germanier.com\/de\/wp-json\/wp\/v2\/media?parent=2795"}],"wp:term":[{"taxonomy":"product_brand","embeddable":true,"href":"https:\/\/germanier.com\/de\/wp-json\/wp\/v2\/product_brand?post=2795"},{"taxonomy":"product_cat","embeddable":true,"href":"https:\/\/germanier.com\/de\/wp-json\/wp\/v2\/product_cat?post=2795"},{"taxonomy":"product_tag","embeddable":true,"href":"https:\/\/germanier.com\/de\/wp-json\/wp\/v2\/product_tag?post=2795"},{"taxonomy":"giftcard-category","embeddable":true,"href":"https:\/\/germanier.com\/de\/wp-json\/wp\/v2\/giftcard-category?post=2795"}],"curies":[{"name":"wp","href":"https:\/\/api.w.org\/{rel}","templated":true}]}}