{"id":2793,"date":"2025-06-18T11:01:17","date_gmt":"2025-06-18T09:01:17","guid":{"rendered":"https:\/\/germanier.com\/?post_type=product&#038;p=2793"},"modified":"2026-03-17T14:15:48","modified_gmt":"2026-03-17T13:15:48","slug":"merlot-syrah","status":"publish","type":"product","link":"https:\/\/germanier.com\/de\/shop\/merlot-syrah\/","title":{"rendered":"Merlot-Syrah"},"content":{"rendered":"","protected":false},"excerpt":{"rendered":"<p data-start=\"90\" data-end=\"556\">Ce duo de caract\u00e8re associe la souplesse du Merlot \u00e0 la puissance aromatique de la Syrah. Il en r\u00e9sulte un vin riche et harmonieux, aux ar\u00f4mes de fruits rouges m\u00fbrs, d&rsquo;\u00e9pices et de r\u00e9glisse. En bouche, la structure est g\u00e9n\u00e9reuse et les tanins velout\u00e9s. Un vin gourmand, id\u00e9al pour les instants conviviaux autour de belles pi\u00e8ces de viande ou de plats de caract\u00e8re.<\/p>","protected":false},"featured_media":2908,"comment_status":"open","ping_status":"closed","template":"","meta":{"_acf_changed":false},"product_brand":[],"product_cat":[182,176],"product_tag":[],"giftcard-category":[],"class_list":{"0":"post-2793","1":"product","2":"type-product","3":"status-publish","4":"has-post-thumbnail","6":"product_cat-tradition","7":"product_cat-vins-medailles","9":"first","10":"instock","11":"taxable","12":"shipping-taxable","13":"purchasable","14":"product-type-simple"},"bundled_by":["3755"],"bundle_stock_status":"instock","bundle_stock_quantity":null,"bundle_virtual":false,"bundle_layout":"","bundle_add_to_cart_form_location":"","bundle_editable_in_cart":false,"bundle_sold_individually_context":"","bundle_item_grouping":"","bundle_min_size":"","bundle_max_size":"","bundle_price":[],"bundled_items":[],"bundle_sell_ids":[],"acf":[],"_links":{"self":[{"href":"https:\/\/germanier.com\/de\/wp-json\/wp\/v2\/product\/2793","targetHints":{"allow":["GET"]}}],"collection":[{"href":"https:\/\/germanier.com\/de\/wp-json\/wp\/v2\/product"}],"about":[{"href":"https:\/\/germanier.com\/de\/wp-json\/wp\/v2\/types\/product"}],"replies":[{"embeddable":true,"href":"https:\/\/germanier.com\/de\/wp-json\/wp\/v2\/comments?post=2793"}],"version-history":[{"count":5,"href":"https:\/\/germanier.com\/de\/wp-json\/wp\/v2\/product\/2793\/revisions"}],"predecessor-version":[{"id":3855,"href":"https:\/\/germanier.com\/de\/wp-json\/wp\/v2\/product\/2793\/revisions\/3855"}],"wp:featuredmedia":[{"embeddable":true,"href":"https:\/\/germanier.com\/de\/wp-json\/wp\/v2\/media\/2908"}],"wp:attachment":[{"href":"https:\/\/germanier.com\/de\/wp-json\/wp\/v2\/media?parent=2793"}],"wp:term":[{"taxonomy":"product_brand","embeddable":true,"href":"https:\/\/germanier.com\/de\/wp-json\/wp\/v2\/product_brand?post=2793"},{"taxonomy":"product_cat","embeddable":true,"href":"https:\/\/germanier.com\/de\/wp-json\/wp\/v2\/product_cat?post=2793"},{"taxonomy":"product_tag","embeddable":true,"href":"https:\/\/germanier.com\/de\/wp-json\/wp\/v2\/product_tag?post=2793"},{"taxonomy":"giftcard-category","embeddable":true,"href":"https:\/\/germanier.com\/de\/wp-json\/wp\/v2\/giftcard-category?post=2793"}],"curies":[{"name":"wp","href":"https:\/\/api.w.org\/{rel}","templated":true}]}}