{"id":2780,"date":"2025-06-18T10:00:51","date_gmt":"2025-06-18T08:00:51","guid":{"rendered":"https:\/\/germanier.com\/?post_type=product&#038;p=2780"},"modified":"2025-10-21T17:05:27","modified_gmt":"2025-10-21T15:05:27","slug":"malvoisie","status":"publish","type":"product","link":"https:\/\/germanier.com\/de\/shop\/malvoisie\/","title":{"rendered":"Malvoisie"},"content":{"rendered":"","protected":false},"excerpt":{"rendered":"<p data-start=\"216\" data-end=\"494\">La Malvoisie, issue du Pinot Gris, est un vin de caract\u00e8re \u00e0 la robe lumineuse et \u00e0 la g\u00e9n\u00e9rosit\u00e9 naturelle. Ce c\u00e9page noble offre une expression aromatique complexe et s\u00e9duisante, m\u00ealant des notes de mirabelle m\u00fbre, de miel d\u00e9licat et de fruits confits. Sa richesse aromatique se prolonge dans une finale longue et \u00e9l\u00e9gante, o\u00f9 la gourmandise n\u2019exclut jamais la finesse. Un vin charmeur et raffin\u00e9, parfait pour les moments de d\u00e9gustation privil\u00e9gi\u00e9s, en ap\u00e9ritif, avec un foie gras, des fromages affin\u00e9s, ou encore des desserts fruit\u00e9s \u00e0 base de poire ou d\u2019abricot.<\/p>","protected":false},"featured_media":2827,"comment_status":"open","ping_status":"closed","template":"","meta":{"_acf_changed":false},"product_brand":[],"product_cat":[182],"product_tag":[],"giftcard-category":[],"class_list":{"0":"post-2780","1":"product","2":"type-product","3":"status-publish","4":"has-post-thumbnail","6":"product_cat-tradition","8":"first","9":"instock","10":"taxable","11":"shipping-taxable","12":"purchasable","13":"product-type-simple"},"bundled_by":[],"bundle_stock_status":"instock","bundle_stock_quantity":null,"bundle_virtual":false,"bundle_layout":"","bundle_add_to_cart_form_location":"","bundle_editable_in_cart":false,"bundle_sold_individually_context":"","bundle_item_grouping":"","bundle_min_size":"","bundle_max_size":"","bundle_price":[],"bundled_items":[],"bundle_sell_ids":[],"acf":[],"_links":{"self":[{"href":"https:\/\/germanier.com\/de\/wp-json\/wp\/v2\/product\/2780","targetHints":{"allow":["GET"]}}],"collection":[{"href":"https:\/\/germanier.com\/de\/wp-json\/wp\/v2\/product"}],"about":[{"href":"https:\/\/germanier.com\/de\/wp-json\/wp\/v2\/types\/product"}],"replies":[{"embeddable":true,"href":"https:\/\/germanier.com\/de\/wp-json\/wp\/v2\/comments?post=2780"}],"version-history":[{"count":4,"href":"https:\/\/germanier.com\/de\/wp-json\/wp\/v2\/product\/2780\/revisions"}],"predecessor-version":[{"id":3883,"href":"https:\/\/germanier.com\/de\/wp-json\/wp\/v2\/product\/2780\/revisions\/3883"}],"wp:featuredmedia":[{"embeddable":true,"href":"https:\/\/germanier.com\/de\/wp-json\/wp\/v2\/media\/2827"}],"wp:attachment":[{"href":"https:\/\/germanier.com\/de\/wp-json\/wp\/v2\/media?parent=2780"}],"wp:term":[{"taxonomy":"product_brand","embeddable":true,"href":"https:\/\/germanier.com\/de\/wp-json\/wp\/v2\/product_brand?post=2780"},{"taxonomy":"product_cat","embeddable":true,"href":"https:\/\/germanier.com\/de\/wp-json\/wp\/v2\/product_cat?post=2780"},{"taxonomy":"product_tag","embeddable":true,"href":"https:\/\/germanier.com\/de\/wp-json\/wp\/v2\/product_tag?post=2780"},{"taxonomy":"giftcard-category","embeddable":true,"href":"https:\/\/germanier.com\/de\/wp-json\/wp\/v2\/giftcard-category?post=2780"}],"curies":[{"name":"wp","href":"https:\/\/api.w.org\/{rel}","templated":true}]}}