{"id":2766,"date":"2025-06-18T08:55:21","date_gmt":"2025-06-18T06:55:21","guid":{"rendered":"https:\/\/germanier.com\/?post_type=product&#038;p=2766"},"modified":"2026-03-17T14:02:13","modified_gmt":"2026-03-17T13:02:13","slug":"amigne","status":"publish","type":"product","link":"https:\/\/germanier.com\/de\/shop\/amigne\/","title":{"rendered":"Amigne"},"content":{"rendered":"","protected":false},"excerpt":{"rendered":"<p data-start=\"214\" data-end=\"434\">Die Amigne ist eine der \u00e4ltesten und emblematischsten autochthonen Rebsorten des Wallis und ein echter Zeuge des alpinen Weinbauerbes. Sie ist selten und kostbar und bietet einen aromatischen Ausdruck von gro\u00dfer Feinheit.<\/p>\n<p data-start=\"436\" data-end=\"854\">In der Nase enth\u00fcllt diese Rebsorte eine elegante Palette, die kandierte Zitrusfr\u00fcchte, Orangenschale, reife Mandarine und einen Hauch von zartem Honig vereint. Am Gaumen wird seine leichte S\u00fc\u00dfe harmonisch von einer strukturierenden S\u00e4ure ausgeglichen, die Frische und L\u00e4nge verleiht. Dieser subtile Kontrast zwischen Rundheit und Spannung macht ihn zu einem Wein, der gleichzeitig k\u00f6stlich, raffiniert und mit einem bemerkenswerten Lagerungspotenzial ausgestattet ist.<\/p>","protected":false},"featured_media":2796,"comment_status":"open","ping_status":"closed","template":"","meta":{"_acf_changed":false},"product_brand":[],"product_cat":[182,176],"product_tag":[],"giftcard-category":[],"class_list":{"0":"post-2766","1":"product","2":"type-product","3":"status-publish","4":"has-post-thumbnail","6":"product_cat-tradition","7":"product_cat-vins-medailles","9":"first","10":"instock","11":"taxable","12":"shipping-taxable","13":"purchasable","14":"product-type-simple"},"bundled_by":[],"bundle_stock_status":"instock","bundle_stock_quantity":null,"bundle_virtual":false,"bundle_layout":"","bundle_add_to_cart_form_location":"","bundle_editable_in_cart":false,"bundle_sold_individually_context":"","bundle_item_grouping":"","bundle_min_size":"","bundle_max_size":"","bundle_price":[],"bundled_items":[],"bundle_sell_ids":[],"acf":[],"_links":{"self":[{"href":"https:\/\/germanier.com\/de\/wp-json\/wp\/v2\/product\/2766","targetHints":{"allow":["GET"]}}],"collection":[{"href":"https:\/\/germanier.com\/de\/wp-json\/wp\/v2\/product"}],"about":[{"href":"https:\/\/germanier.com\/de\/wp-json\/wp\/v2\/types\/product"}],"replies":[{"embeddable":true,"href":"https:\/\/germanier.com\/de\/wp-json\/wp\/v2\/comments?post=2766"}],"version-history":[{"count":4,"href":"https:\/\/germanier.com\/de\/wp-json\/wp\/v2\/product\/2766\/revisions"}],"predecessor-version":[{"id":3199,"href":"https:\/\/germanier.com\/de\/wp-json\/wp\/v2\/product\/2766\/revisions\/3199"}],"wp:featuredmedia":[{"embeddable":true,"href":"https:\/\/germanier.com\/de\/wp-json\/wp\/v2\/media\/2796"}],"wp:attachment":[{"href":"https:\/\/germanier.com\/de\/wp-json\/wp\/v2\/media?parent=2766"}],"wp:term":[{"taxonomy":"product_brand","embeddable":true,"href":"https:\/\/germanier.com\/de\/wp-json\/wp\/v2\/product_brand?post=2766"},{"taxonomy":"product_cat","embeddable":true,"href":"https:\/\/germanier.com\/de\/wp-json\/wp\/v2\/product_cat?post=2766"},{"taxonomy":"product_tag","embeddable":true,"href":"https:\/\/germanier.com\/de\/wp-json\/wp\/v2\/product_tag?post=2766"},{"taxonomy":"giftcard-category","embeddable":true,"href":"https:\/\/germanier.com\/de\/wp-json\/wp\/v2\/giftcard-category?post=2766"}],"curies":[{"name":"wp","href":"https:\/\/api.w.org\/{rel}","templated":true}]}}