{"id":2764,"date":"2025-06-18T08:28:13","date_gmt":"2025-06-18T06:28:13","guid":{"rendered":"https:\/\/germanier.com\/?post_type=product&#038;p=2764"},"modified":"2026-03-10T08:49:07","modified_gmt":"2026-03-10T07:49:07","slug":"merlot-jeroboam","status":"publish","type":"product","link":"https:\/\/germanier.com\/de\/shop\/merlot-jeroboam\/","title":{"rendered":"Merlot Jeroboam"},"content":{"rendered":"","protected":false},"excerpt":{"rendered":"<p data-start=\"202\" data-end=\"462\">Dieser Merlot im 3L-Format verk\u00f6rpert Gro\u00dfz\u00fcgigkeit, Authentizit\u00e4t und Geselligkeit. Er ist rund, geschmeidig und fruchtig und enth\u00fcllt mit seinen Aromen von reifen roten Fr\u00fcchten, Pflaumen und einem zart w\u00fcrzigen Hauch die ganze Finesse der Rebsorte.<\/p>\n<p data-start=\"464\" data-end=\"690\">Jedes Detail wurde bedacht, um den Augenblick zu sublimieren: Eine gro\u00dfe Flasche, ideal f\u00fcr festliche Tafeln, wird in einer Holzkiste mit einer gewachsten Flasche pr\u00e4sentiert. Ein elegantes Geschenk, das den sch\u00f6nsten Anl\u00e4ssen gerecht wird.<\/p>","protected":false},"featured_media":3637,"comment_status":"open","ping_status":"closed","template":"","meta":{"_acf_changed":false},"product_brand":[],"product_cat":[97],"product_tag":[],"giftcard-category":[],"class_list":{"0":"post-2764","1":"product","2":"type-product","3":"status-publish","4":"has-post-thumbnail","6":"product_cat-coffrets-cadeaux","8":"first","9":"instock","10":"taxable","11":"shipping-taxable","12":"purchasable","13":"product-type-simple"},"bundled_by":[],"bundle_stock_status":"instock","bundle_stock_quantity":1,"bundle_virtual":false,"bundle_layout":"","bundle_add_to_cart_form_location":"","bundle_editable_in_cart":false,"bundle_sold_individually_context":"","bundle_item_grouping":"","bundle_min_size":"","bundle_max_size":"","bundle_price":[],"bundled_items":[],"bundle_sell_ids":[],"acf":[],"_links":{"self":[{"href":"https:\/\/germanier.com\/de\/wp-json\/wp\/v2\/product\/2764","targetHints":{"allow":["GET"]}}],"collection":[{"href":"https:\/\/germanier.com\/de\/wp-json\/wp\/v2\/product"}],"about":[{"href":"https:\/\/germanier.com\/de\/wp-json\/wp\/v2\/types\/product"}],"replies":[{"embeddable":true,"href":"https:\/\/germanier.com\/de\/wp-json\/wp\/v2\/comments?post=2764"}],"version-history":[{"count":2,"href":"https:\/\/germanier.com\/de\/wp-json\/wp\/v2\/product\/2764\/revisions"}],"predecessor-version":[{"id":2767,"href":"https:\/\/germanier.com\/de\/wp-json\/wp\/v2\/product\/2764\/revisions\/2767"}],"wp:featuredmedia":[{"embeddable":true,"href":"https:\/\/germanier.com\/de\/wp-json\/wp\/v2\/media\/3637"}],"wp:attachment":[{"href":"https:\/\/germanier.com\/de\/wp-json\/wp\/v2\/media?parent=2764"}],"wp:term":[{"taxonomy":"product_brand","embeddable":true,"href":"https:\/\/germanier.com\/de\/wp-json\/wp\/v2\/product_brand?post=2764"},{"taxonomy":"product_cat","embeddable":true,"href":"https:\/\/germanier.com\/de\/wp-json\/wp\/v2\/product_cat?post=2764"},{"taxonomy":"product_tag","embeddable":true,"href":"https:\/\/germanier.com\/de\/wp-json\/wp\/v2\/product_tag?post=2764"},{"taxonomy":"giftcard-category","embeddable":true,"href":"https:\/\/germanier.com\/de\/wp-json\/wp\/v2\/giftcard-category?post=2764"}],"curies":[{"name":"wp","href":"https:\/\/api.w.org\/{rel}","templated":true}]}}