{"id":2345,"date":"2025-05-23T08:39:18","date_gmt":"2025-05-23T06:39:18","guid":{"rendered":"https:\/\/germanier.com\/?post_type=product&#038;p=2345"},"modified":"2026-04-02T11:43:46","modified_gmt":"2026-04-02T09:43:46","slug":"cabernet-sauvignon-barrique-koffer","status":"publish","type":"product","link":"https:\/\/germanier.com\/de\/shop\/cabernet-sauvignon-barrique-koffer\/","title":{"rendered":"Coffret Cabernet Sauvignon Barrique 150cl"},"content":{"rendered":"","protected":false},"excerpt":{"rendered":"<p data-start=\"87\" data-end=\"400\">Entdecken Sie einen charaktervollen Cabernet Sauvignon, der im Barrique ausgebaut wird, um seine ganze Kraft und Tiefe zu entfalten. Er ist tanninhaltig und strukturiert und bietet intensive Aromen von schwarzen Fr\u00fcchten, edlem Holz und Gew\u00fcrzen mit einem langen Abgang. In einer eleganten Schachtel pr\u00e4sentiert, ist er das perfekte Geschenk f\u00fcr Liebhaber von lagerf\u00e4higen Rotweinen und authentischen Momenten. Eine Flasche, die ihren Stil behauptet und die man ohne zu z\u00f6gern verschenken kann.<\/p>","protected":false},"featured_media":3430,"comment_status":"open","ping_status":"closed","template":"","meta":{"_acf_changed":false},"product_brand":[],"product_cat":[97,182],"product_tag":[],"giftcard-category":[],"class_list":{"0":"post-2345","1":"product","2":"type-product","3":"status-publish","4":"has-post-thumbnail","6":"product_cat-coffrets-cadeaux","7":"product_cat-tradition","9":"first","10":"outofstock","11":"taxable","12":"shipping-taxable","13":"purchasable","14":"product-type-simple"},"bundled_by":[],"bundle_stock_status":"outofstock","bundle_stock_quantity":null,"bundle_virtual":false,"bundle_layout":"","bundle_add_to_cart_form_location":"","bundle_editable_in_cart":false,"bundle_sold_individually_context":"","bundle_item_grouping":"","bundle_min_size":"","bundle_max_size":"","bundle_price":[],"bundled_items":[],"bundle_sell_ids":[],"acf":[],"_links":{"self":[{"href":"https:\/\/germanier.com\/de\/wp-json\/wp\/v2\/product\/2345","targetHints":{"allow":["GET"]}}],"collection":[{"href":"https:\/\/germanier.com\/de\/wp-json\/wp\/v2\/product"}],"about":[{"href":"https:\/\/germanier.com\/de\/wp-json\/wp\/v2\/types\/product"}],"replies":[{"embeddable":true,"href":"https:\/\/germanier.com\/de\/wp-json\/wp\/v2\/comments?post=2345"}],"version-history":[{"count":6,"href":"https:\/\/germanier.com\/de\/wp-json\/wp\/v2\/product\/2345\/revisions"}],"predecessor-version":[{"id":3432,"href":"https:\/\/germanier.com\/de\/wp-json\/wp\/v2\/product\/2345\/revisions\/3432"}],"wp:featuredmedia":[{"embeddable":true,"href":"https:\/\/germanier.com\/de\/wp-json\/wp\/v2\/media\/3430"}],"wp:attachment":[{"href":"https:\/\/germanier.com\/de\/wp-json\/wp\/v2\/media?parent=2345"}],"wp:term":[{"taxonomy":"product_brand","embeddable":true,"href":"https:\/\/germanier.com\/de\/wp-json\/wp\/v2\/product_brand?post=2345"},{"taxonomy":"product_cat","embeddable":true,"href":"https:\/\/germanier.com\/de\/wp-json\/wp\/v2\/product_cat?post=2345"},{"taxonomy":"product_tag","embeddable":true,"href":"https:\/\/germanier.com\/de\/wp-json\/wp\/v2\/product_tag?post=2345"},{"taxonomy":"giftcard-category","embeddable":true,"href":"https:\/\/germanier.com\/de\/wp-json\/wp\/v2\/giftcard-category?post=2345"}],"curies":[{"name":"wp","href":"https:\/\/api.w.org\/{rel}","templated":true}]}}