{"id":2343,"date":"2025-05-23T08:32:40","date_gmt":"2025-05-23T06:32:40","guid":{"rendered":"https:\/\/germanier.com\/?post_type=product&#038;p=2343"},"modified":"2025-09-25T09:46:32","modified_gmt":"2025-09-25T07:46:32","slug":"spritzbox-wallis","status":"publish","type":"product","link":"https:\/\/germanier.com\/de\/shop\/spritzbox-wallis\/","title":{"rendered":"Box Spritz Wallis"},"content":{"rendered":"","protected":false},"excerpt":{"rendered":"<p data-start=\"63\" data-end=\"398\">Entdecken Sie den Spritz auf lokale Art neu mit diesem originellen Set, das aus unserem Sparkling Wine 42 und der Aprikose SUR FRUIT von Maison Morand besteht. Eine prickelnde und fruchtige Kombination f\u00fcr einen <em data-start=\"326\" data-end=\"342\">Aprikose Spritz<\/em> ganz frisch, mit s\u00fc\u00dfen und sonnigen Akzenten. Einfach zuzubereiten, unwiderstehlich zum Teilen: Dieses Set ist die perfekte Idee f\u00fcr einen sommerlichen Aperitif voller Geschmack und Geselligkeit.<\/p>","protected":false},"featured_media":2310,"comment_status":"open","ping_status":"closed","template":"","meta":{"_acf_changed":false},"product_brand":[],"product_cat":[97,18],"product_tag":[],"giftcard-category":[],"class_list":{"0":"post-2343","1":"product","2":"type-product","3":"status-publish","4":"has-post-thumbnail","6":"product_cat-coffrets-cadeaux","7":"product_cat-mousseux","9":"first","10":"instock","11":"taxable","12":"shipping-taxable","13":"purchasable","14":"product-type-bundle"},"bundled_by":[],"bundle_stock_status":"instock","bundle_stock_quantity":"","bundle_virtual":false,"bundle_layout":"default","bundle_add_to_cart_form_location":"default","bundle_editable_in_cart":false,"bundle_sold_individually_context":"product","bundle_item_grouping":"parent","bundle_min_size":"","bundle_max_size":"","bundle_price":{"price":{"min":{"incl_tax":"59","excl_tax":"54.6"},"max":{"incl_tax":"59","excl_tax":"54.6"}},"regular_price":{"min":{"incl_tax":"59","excl_tax":"54.6"},"max":{"incl_tax":"59","excl_tax":"54.6"}}},"bundled_items":[{"bundled_item_id":28,"product_id":2205,"menu_order":0,"quantity_min":1,"quantity_max":1,"quantity_default":1,"priced_individually":false,"shipped_individually":false,"override_title":false,"title":"42 Sparkling Wine","override_description":false,"description":"","optional":false,"hide_thumbnail":false,"discount":"","override_variations":false,"allowed_variations":[],"override_default_variation_attributes":false,"default_variation_attributes":[],"single_product_visibility":"visible","cart_visibility":"hidden","order_visibility":"hidden","single_product_price_visibility":"visible","cart_price_visibility":"visible","order_price_visibility":"visible","stock_status":"in_stock"}],"bundle_sell_ids":[],"acf":[],"_links":{"self":[{"href":"https:\/\/germanier.com\/de\/wp-json\/wp\/v2\/product\/2343","targetHints":{"allow":["GET"]}}],"collection":[{"href":"https:\/\/germanier.com\/de\/wp-json\/wp\/v2\/product"}],"about":[{"href":"https:\/\/germanier.com\/de\/wp-json\/wp\/v2\/types\/product"}],"replies":[{"embeddable":true,"href":"https:\/\/germanier.com\/de\/wp-json\/wp\/v2\/comments?post=2343"}],"version-history":[{"count":4,"href":"https:\/\/germanier.com\/de\/wp-json\/wp\/v2\/product\/2343\/revisions"}],"predecessor-version":[{"id":2455,"href":"https:\/\/germanier.com\/de\/wp-json\/wp\/v2\/product\/2343\/revisions\/2455"}],"wp:featuredmedia":[{"embeddable":true,"href":"https:\/\/germanier.com\/de\/wp-json\/wp\/v2\/media\/2310"}],"wp:attachment":[{"href":"https:\/\/germanier.com\/de\/wp-json\/wp\/v2\/media?parent=2343"}],"wp:term":[{"taxonomy":"product_brand","embeddable":true,"href":"https:\/\/germanier.com\/de\/wp-json\/wp\/v2\/product_brand?post=2343"},{"taxonomy":"product_cat","embeddable":true,"href":"https:\/\/germanier.com\/de\/wp-json\/wp\/v2\/product_cat?post=2343"},{"taxonomy":"product_tag","embeddable":true,"href":"https:\/\/germanier.com\/de\/wp-json\/wp\/v2\/product_tag?post=2343"},{"taxonomy":"giftcard-category","embeddable":true,"href":"https:\/\/germanier.com\/de\/wp-json\/wp\/v2\/giftcard-category?post=2343"}],"curies":[{"name":"wp","href":"https:\/\/api.w.org\/{rel}","templated":true}]}}