{"id":2339,"date":"2025-05-23T08:24:13","date_gmt":"2025-05-23T06:24:13","guid":{"rendered":"https:\/\/germanier.com\/?post_type=product&#038;p=2339"},"modified":"2026-03-26T13:39:04","modified_gmt":"2026-03-26T12:39:04","slug":"box-brut-millesime-2013","status":"publish","type":"product","link":"https:\/\/germanier.com\/de\/shop\/box-brut-millesime-2013\/","title":{"rendered":"Box Brut Mill\u00e9sim\u00e9 2013"},"content":{"rendered":"","protected":false},"excerpt":{"rendered":"<p><span data-sheets-root=\"1\">Perfekt reif gepfl\u00fcckte Chardonnay-Trauben werden ohne Quetschen oder Entrappen gepresst. Nach einer langsamen Schaumbildung in der Flasche und einer 36-monatigen Reifung auf Latten bietet der Brut du Valais Mill\u00e9sim\u00e9 ein feines Sprudeln, Aromen von reifen Fr\u00fcchten und Brioche, f\u00fcr einen Wein von gro\u00dfer Feinheit und Komplexit\u00e4t.<br \/>\n<\/span><\/p>","protected":false},"featured_media":2306,"comment_status":"open","ping_status":"closed","template":"","meta":{"_acf_changed":false},"product_brand":[],"product_cat":[97,18],"product_tag":[],"giftcard-category":[],"class_list":{"0":"post-2339","1":"product","2":"type-product","3":"status-publish","4":"has-post-thumbnail","6":"product_cat-coffrets-cadeaux","7":"product_cat-mousseux","9":"first","10":"instock","11":"taxable","12":"shipping-taxable","13":"purchasable","14":"product-type-simple"},"bundled_by":[],"bundle_stock_status":"instock","bundle_stock_quantity":11,"bundle_virtual":false,"bundle_layout":"","bundle_add_to_cart_form_location":"","bundle_editable_in_cart":false,"bundle_sold_individually_context":"","bundle_item_grouping":"","bundle_min_size":"","bundle_max_size":"","bundle_price":[],"bundled_items":[],"bundle_sell_ids":[],"acf":[],"_links":{"self":[{"href":"https:\/\/germanier.com\/de\/wp-json\/wp\/v2\/product\/2339","targetHints":{"allow":["GET"]}}],"collection":[{"href":"https:\/\/germanier.com\/de\/wp-json\/wp\/v2\/product"}],"about":[{"href":"https:\/\/germanier.com\/de\/wp-json\/wp\/v2\/types\/product"}],"replies":[{"embeddable":true,"href":"https:\/\/germanier.com\/de\/wp-json\/wp\/v2\/comments?post=2339"}],"version-history":[{"count":3,"href":"https:\/\/germanier.com\/de\/wp-json\/wp\/v2\/product\/2339\/revisions"}],"predecessor-version":[{"id":5019,"href":"https:\/\/germanier.com\/de\/wp-json\/wp\/v2\/product\/2339\/revisions\/5019"}],"wp:featuredmedia":[{"embeddable":true,"href":"https:\/\/germanier.com\/de\/wp-json\/wp\/v2\/media\/2306"}],"wp:attachment":[{"href":"https:\/\/germanier.com\/de\/wp-json\/wp\/v2\/media?parent=2339"}],"wp:term":[{"taxonomy":"product_brand","embeddable":true,"href":"https:\/\/germanier.com\/de\/wp-json\/wp\/v2\/product_brand?post=2339"},{"taxonomy":"product_cat","embeddable":true,"href":"https:\/\/germanier.com\/de\/wp-json\/wp\/v2\/product_cat?post=2339"},{"taxonomy":"product_tag","embeddable":true,"href":"https:\/\/germanier.com\/de\/wp-json\/wp\/v2\/product_tag?post=2339"},{"taxonomy":"giftcard-category","embeddable":true,"href":"https:\/\/germanier.com\/de\/wp-json\/wp\/v2\/giftcard-category?post=2339"}],"curies":[{"name":"wp","href":"https:\/\/api.w.org\/{rel}","templated":true}]}}