{"id":2337,"date":"2025-05-23T08:18:48","date_gmt":"2025-05-23T06:18:48","guid":{"rendered":"https:\/\/germanier.com\/?post_type=product&#038;p=2337"},"modified":"2025-09-25T09:46:33","modified_gmt":"2025-09-25T07:46:33","slug":"box-brut-millesime-2014","status":"publish","type":"product","link":"https:\/\/germanier.com\/de\/shop\/box-brut-millesime-2014\/","title":{"rendered":"Box Brut Mill\u00e9sim\u00e9 2014"},"content":{"rendered":"","protected":false},"excerpt":{"rendered":"<p><span data-sheets-root=\"1\">Perfekt reif gepfl\u00fcckte Chardonnay-Trauben werden ohne Quetschen oder Entrappen gepresst. Nach einer langsamen Schaumbildung in der Flasche und einer 36-monatigen Reifung auf Latten bietet der Brut du Valais Mill\u00e9sim\u00e9 ein feines Sprudeln, Aromen von reifen Fr\u00fcchten und Brioche, f\u00fcr einen Wein von gro\u00dfer Feinheit und Komplexit\u00e4t.<br \/>\n<\/span><\/p>","protected":false},"featured_media":2307,"comment_status":"open","ping_status":"closed","template":"","meta":{"_acf_changed":false},"product_brand":[],"product_cat":[97,18],"product_tag":[],"giftcard-category":[],"class_list":{"0":"post-2337","1":"product","2":"type-product","3":"status-publish","4":"has-post-thumbnail","6":"product_cat-coffrets-cadeaux","7":"product_cat-mousseux","9":"first","10":"instock","11":"taxable","12":"shipping-taxable","13":"purchasable","14":"product-type-bundle"},"bundled_by":[],"bundle_stock_status":"instock","bundle_stock_quantity":637,"bundle_virtual":false,"bundle_layout":"default","bundle_add_to_cart_form_location":"default","bundle_editable_in_cart":false,"bundle_sold_individually_context":"product","bundle_item_grouping":"parent","bundle_min_size":"","bundle_max_size":"","bundle_price":{"price":{"min":{"incl_tax":"49","excl_tax":"45.35"},"max":{"incl_tax":"49","excl_tax":"45.35"}},"regular_price":{"min":{"incl_tax":"49","excl_tax":"45.35"},"max":{"incl_tax":"49","excl_tax":"45.35"}}},"bundled_items":[{"bundled_item_id":23,"product_id":2161,"menu_order":0,"quantity_min":1,"quantity_max":1,"quantity_default":1,"priced_individually":false,"shipped_individually":false,"override_title":false,"title":"Brut du Valais Mill\u00e9sim\u00e9","override_description":false,"description":"","optional":false,"hide_thumbnail":false,"discount":"","override_variations":true,"allowed_variations":[2163],"override_default_variation_attributes":true,"default_variation_attributes":[{"id":9,"name":"Jahrgang","option":"2014"}],"single_product_visibility":"visible","cart_visibility":"hidden","order_visibility":"hidden","single_product_price_visibility":"visible","cart_price_visibility":"visible","order_price_visibility":"visible","stock_status":"in_stock"}],"bundle_sell_ids":[],"acf":[],"_links":{"self":[{"href":"https:\/\/germanier.com\/de\/wp-json\/wp\/v2\/product\/2337","targetHints":{"allow":["GET"]}}],"collection":[{"href":"https:\/\/germanier.com\/de\/wp-json\/wp\/v2\/product"}],"about":[{"href":"https:\/\/germanier.com\/de\/wp-json\/wp\/v2\/types\/product"}],"replies":[{"embeddable":true,"href":"https:\/\/germanier.com\/de\/wp-json\/wp\/v2\/comments?post=2337"}],"version-history":[{"count":3,"href":"https:\/\/germanier.com\/de\/wp-json\/wp\/v2\/product\/2337\/revisions"}],"predecessor-version":[{"id":2651,"href":"https:\/\/germanier.com\/de\/wp-json\/wp\/v2\/product\/2337\/revisions\/2651"}],"wp:featuredmedia":[{"embeddable":true,"href":"https:\/\/germanier.com\/de\/wp-json\/wp\/v2\/media\/2307"}],"wp:attachment":[{"href":"https:\/\/germanier.com\/de\/wp-json\/wp\/v2\/media?parent=2337"}],"wp:term":[{"taxonomy":"product_brand","embeddable":true,"href":"https:\/\/germanier.com\/de\/wp-json\/wp\/v2\/product_brand?post=2337"},{"taxonomy":"product_cat","embeddable":true,"href":"https:\/\/germanier.com\/de\/wp-json\/wp\/v2\/product_cat?post=2337"},{"taxonomy":"product_tag","embeddable":true,"href":"https:\/\/germanier.com\/de\/wp-json\/wp\/v2\/product_tag?post=2337"},{"taxonomy":"giftcard-category","embeddable":true,"href":"https:\/\/germanier.com\/de\/wp-json\/wp\/v2\/giftcard-category?post=2337"}],"curies":[{"name":"wp","href":"https:\/\/api.w.org\/{rel}","templated":true}]}}