{"id":2332,"date":"2025-05-23T08:10:57","date_gmt":"2025-05-23T06:10:57","guid":{"rendered":"https:\/\/germanier.com\/?post_type=product&#038;p=2332"},"modified":"2025-12-17T13:54:53","modified_gmt":"2025-12-17T12:54:53","slug":"tete-a-tete-millesime","status":"publish","type":"product","link":"https:\/\/germanier.com\/de\/shop\/tete-a-tete-millesime\/","title":{"rendered":"Coffret T\u00eate \u00e0 T\u00eate Mill\u00e9sim\u00e9"},"content":{"rendered":"","protected":false},"excerpt":{"rendered":"<p><strong>SONDERANGEBOT:<br \/>\nW\u00e4hlen Sie ein Ticket Ihrer Wahl f\u00fcr eine der drei Shows der Conthey Show.<\/strong><\/p>\n<p>Unser Brut du Valais Mill\u00e9sim\u00e9, der von zwei eleganten Gl\u00e4sern begleitet wird, ist eine Einladung zu einer raffinierten Verkostung. Er stammt aus perfekt reif gepfl\u00fcckten Chardonnay-Trauben und entfaltet nach 36 Monaten Reifung eine feine Perligkeit, delikate Aromen von reifen Fr\u00fcchten und Brioche. Ein komplexer und eleganter Wein, den man f\u00fcr au\u00dfergew\u00f6hnliche Momente teilen sollte.<\/p>","protected":false},"featured_media":2311,"comment_status":"open","ping_status":"closed","template":"","meta":{"_acf_changed":false},"product_brand":[],"product_cat":[97,18],"product_tag":[],"giftcard-category":[],"class_list":{"0":"post-2332","1":"product","2":"type-product","3":"status-publish","4":"has-post-thumbnail","6":"product_cat-coffrets-cadeaux","7":"product_cat-mousseux","9":"first","10":"instock","11":"taxable","12":"shipping-taxable","13":"purchasable","14":"product-type-bundle"},"bundled_by":[],"bundle_stock_status":"instock","bundle_stock_quantity":"","bundle_virtual":false,"bundle_layout":"default","bundle_add_to_cart_form_location":"default","bundle_editable_in_cart":false,"bundle_sold_individually_context":"product","bundle_item_grouping":"parent","bundle_min_size":2,"bundle_max_size":4,"bundle_price":{"price":{"min":{"incl_tax":"39.00","excl_tax":"36.10"},"max":{"incl_tax":"39.00","excl_tax":"36.10"}},"regular_price":{"min":{"incl_tax":"39.00","excl_tax":"36.10"},"max":{"incl_tax":"39.00","excl_tax":"36.10"}}},"bundled_items":[{"bundled_item_id":21,"product_id":2161,"menu_order":0,"quantity_min":1,"quantity_max":1,"quantity_default":1,"priced_individually":false,"shipped_individually":false,"override_title":false,"title":"Brut du Valais Mill\u00e9sim\u00e9","override_description":false,"description":"","optional":false,"hide_thumbnail":false,"discount":"","override_variations":false,"allowed_variations":[],"override_default_variation_attributes":true,"default_variation_attributes":[],"single_product_visibility":"visible","cart_visibility":"hidden","order_visibility":"hidden","single_product_price_visibility":"visible","cart_price_visibility":"visible","order_price_visibility":"visible","stock_status":"in_stock"},{"bundled_item_id":75,"product_id":4420,"menu_order":1,"quantity_min":1,"quantity_max":1,"quantity_default":1,"priced_individually":true,"shipped_individually":false,"override_title":false,"title":"Meryem Benoua - Humour @ Conthey Show (23.01.26)","override_description":false,"description":"","optional":true,"hide_thumbnail":false,"discount":"","override_variations":false,"allowed_variations":[],"override_default_variation_attributes":false,"default_variation_attributes":[],"single_product_visibility":"visible","cart_visibility":"visible","order_visibility":"visible","single_product_price_visibility":"visible","cart_price_visibility":"visible","order_price_visibility":"visible","stock_status":"in_stock"},{"bundled_item_id":76,"product_id":4424,"menu_order":2,"quantity_min":1,"quantity_max":1,"quantity_default":1,"priced_individually":true,"shipped_individually":false,"override_title":false,"title":"Klek Entos - Magie @ Conthey Show (28.01.26)","override_description":false,"description":"","optional":true,"hide_thumbnail":false,"discount":"","override_variations":false,"allowed_variations":[],"override_default_variation_attributes":false,"default_variation_attributes":[],"single_product_visibility":"visible","cart_visibility":"visible","order_visibility":"visible","single_product_price_visibility":"visible","cart_price_visibility":"visible","order_price_visibility":"visible","stock_status":"in_stock"},{"bundled_item_id":77,"product_id":4428,"menu_order":3,"quantity_min":1,"quantity_max":1,"quantity_default":1,"priced_individually":true,"shipped_individually":false,"override_title":false,"title":"Catherine Lara - Musique @ Conthey Show (12.03.26)","override_description":false,"description":"","optional":true,"hide_thumbnail":false,"discount":"","override_variations":false,"allowed_variations":[],"override_default_variation_attributes":false,"default_variation_attributes":[],"single_product_visibility":"visible","cart_visibility":"visible","order_visibility":"visible","single_product_price_visibility":"visible","cart_price_visibility":"visible","order_price_visibility":"visible","stock_status":"in_stock"}],"bundle_sell_ids":[],"acf":[],"_links":{"self":[{"href":"https:\/\/germanier.com\/de\/wp-json\/wp\/v2\/product\/2332","targetHints":{"allow":["GET"]}}],"collection":[{"href":"https:\/\/germanier.com\/de\/wp-json\/wp\/v2\/product"}],"about":[{"href":"https:\/\/germanier.com\/de\/wp-json\/wp\/v2\/types\/product"}],"replies":[{"embeddable":true,"href":"https:\/\/germanier.com\/de\/wp-json\/wp\/v2\/comments?post=2332"}],"version-history":[{"count":8,"href":"https:\/\/germanier.com\/de\/wp-json\/wp\/v2\/product\/2332\/revisions"}],"predecessor-version":[{"id":4430,"href":"https:\/\/germanier.com\/de\/wp-json\/wp\/v2\/product\/2332\/revisions\/4430"}],"wp:featuredmedia":[{"embeddable":true,"href":"https:\/\/germanier.com\/de\/wp-json\/wp\/v2\/media\/2311"}],"wp:attachment":[{"href":"https:\/\/germanier.com\/de\/wp-json\/wp\/v2\/media?parent=2332"}],"wp:term":[{"taxonomy":"product_brand","embeddable":true,"href":"https:\/\/germanier.com\/de\/wp-json\/wp\/v2\/product_brand?post=2332"},{"taxonomy":"product_cat","embeddable":true,"href":"https:\/\/germanier.com\/de\/wp-json\/wp\/v2\/product_cat?post=2332"},{"taxonomy":"product_tag","embeddable":true,"href":"https:\/\/germanier.com\/de\/wp-json\/wp\/v2\/product_tag?post=2332"},{"taxonomy":"giftcard-category","embeddable":true,"href":"https:\/\/germanier.com\/de\/wp-json\/wp\/v2\/giftcard-category?post=2332"}],"curies":[{"name":"wp","href":"https:\/\/api.w.org\/{rel}","templated":true}]}}