{"id":2330,"date":"2025-05-23T08:03:31","date_gmt":"2025-05-23T06:03:31","guid":{"rendered":"https:\/\/germanier.com\/?post_type=product&#038;p=2330"},"modified":"2025-09-25T09:46:33","modified_gmt":"2025-09-25T07:46:33","slug":"tete-a-tete-brut-rose","status":"publish","type":"product","link":"https:\/\/germanier.com\/de\/shop\/tete-a-tete-brut-rose\/","title":{"rendered":"Box Brut Ros\u00e9 + 2 Gl\u00e4ser"},"content":{"rendered":"","protected":false},"excerpt":{"rendered":"<p>Entdecken Sie unseren Brut Ros\u00e9, der in einer edlen Schachtel mit zwei Gl\u00e4sern angeboten wird. Seine zarte Himbeerfarbe k\u00fcndigt einen Moment der Frische und Leichtigkeit an. Zu den k\u00f6stlichen Aromen von Erdbeeren und Waldbeeren gesellt sich ein lebhafter und harmonischer Mund, der f\u00fcr einen Moment der Verkostung voller Finesse sorgt. Ein ideales Set zum Verschenken oder zum Genie\u00dfen zu zweit.<\/p>","protected":false},"featured_media":2312,"comment_status":"open","ping_status":"closed","template":"","meta":{"_acf_changed":false},"product_brand":[],"product_cat":[97,18],"product_tag":[],"giftcard-category":[],"class_list":{"0":"post-2330","1":"product","2":"type-product","3":"status-publish","4":"has-post-thumbnail","6":"product_cat-coffrets-cadeaux","7":"product_cat-mousseux","9":"first","10":"instock","11":"taxable","12":"shipping-taxable","13":"purchasable","14":"product-type-bundle"},"bundled_by":[],"bundle_stock_status":"instock","bundle_stock_quantity":"","bundle_virtual":false,"bundle_layout":"default","bundle_add_to_cart_form_location":"default","bundle_editable_in_cart":false,"bundle_sold_individually_context":"product","bundle_item_grouping":"parent","bundle_min_size":"","bundle_max_size":"","bundle_price":{"price":{"min":{"incl_tax":"39","excl_tax":"36.1"},"max":{"incl_tax":"39","excl_tax":"36.1"}},"regular_price":{"min":{"incl_tax":"39","excl_tax":"36.1"},"max":{"incl_tax":"39","excl_tax":"36.1"}}},"bundled_items":[{"bundled_item_id":20,"product_id":2207,"menu_order":0,"quantity_min":1,"quantity_max":1,"quantity_default":1,"priced_individually":false,"shipped_individually":false,"override_title":false,"title":"Brut du Valais Ros\u00e9","override_description":false,"description":"","optional":false,"hide_thumbnail":false,"discount":"","override_variations":false,"allowed_variations":[],"override_default_variation_attributes":false,"default_variation_attributes":[],"single_product_visibility":"visible","cart_visibility":"hidden","order_visibility":"hidden","single_product_price_visibility":"visible","cart_price_visibility":"visible","order_price_visibility":"visible","stock_status":"in_stock"}],"bundle_sell_ids":[],"acf":[],"_links":{"self":[{"href":"https:\/\/germanier.com\/de\/wp-json\/wp\/v2\/product\/2330","targetHints":{"allow":["GET"]}}],"collection":[{"href":"https:\/\/germanier.com\/de\/wp-json\/wp\/v2\/product"}],"about":[{"href":"https:\/\/germanier.com\/de\/wp-json\/wp\/v2\/types\/product"}],"replies":[{"embeddable":true,"href":"https:\/\/germanier.com\/de\/wp-json\/wp\/v2\/comments?post=2330"}],"version-history":[{"count":2,"href":"https:\/\/germanier.com\/de\/wp-json\/wp\/v2\/product\/2330\/revisions"}],"predecessor-version":[{"id":2333,"href":"https:\/\/germanier.com\/de\/wp-json\/wp\/v2\/product\/2330\/revisions\/2333"}],"wp:featuredmedia":[{"embeddable":true,"href":"https:\/\/germanier.com\/de\/wp-json\/wp\/v2\/media\/2312"}],"wp:attachment":[{"href":"https:\/\/germanier.com\/de\/wp-json\/wp\/v2\/media?parent=2330"}],"wp:term":[{"taxonomy":"product_brand","embeddable":true,"href":"https:\/\/germanier.com\/de\/wp-json\/wp\/v2\/product_brand?post=2330"},{"taxonomy":"product_cat","embeddable":true,"href":"https:\/\/germanier.com\/de\/wp-json\/wp\/v2\/product_cat?post=2330"},{"taxonomy":"product_tag","embeddable":true,"href":"https:\/\/germanier.com\/de\/wp-json\/wp\/v2\/product_tag?post=2330"},{"taxonomy":"giftcard-category","embeddable":true,"href":"https:\/\/germanier.com\/de\/wp-json\/wp\/v2\/giftcard-category?post=2330"}],"curies":[{"name":"wp","href":"https:\/\/api.w.org\/{rel}","templated":true}]}}