{"id":2274,"date":"2025-04-25T13:15:11","date_gmt":"2025-04-25T11:15:11","guid":{"rendered":"https:\/\/germanier.com\/?post_type=product&#038;p=2274"},"modified":"2026-01-30T09:32:12","modified_gmt":"2026-01-30T08:32:12","slug":"kasten-a-p-r-o","status":"publish","type":"product","link":"https:\/\/germanier.com\/de\/shop\/kasten-a-p-r-o\/","title":{"rendered":"L'A.p.Ro. Box"},"content":{"rendered":"","protected":false},"excerpt":{"rendered":"<p data-start=\"115\" data-end=\"481\">Sie wissen nicht, was Sie probieren sollen? Oder zu welcher Uhrzeit? Keine Sorge, das A.p.Ro-Sortiment ist da, um Ihnen den Aperitif (und auch das Mittag- und Abendessen) zu retten. Ein Wei\u00dfwein f\u00fcr die Liebhaber der Frische, ein Ros\u00e9wein f\u00fcr die Sonnenanbeter und ein Rotwein f\u00fcr die Liebhaber des Charakters - es ist f\u00fcr jeden Geschmack und jede Lust etwas dabei. A.p.Ro: drei Farben, null Kopfzerbrechen. Zu jeder Tageszeit zu \u00f6ffnen... oder fast.<\/p>","protected":false},"featured_media":2295,"comment_status":"open","ping_status":"closed","template":"","meta":{"_acf_changed":false},"product_brand":[],"product_cat":[97,96],"product_tag":[],"giftcard-category":[],"class_list":{"0":"post-2274","1":"product","2":"type-product","3":"status-publish","4":"has-post-thumbnail","6":"product_cat-coffrets-cadeaux","7":"product_cat-la-p-ro","9":"first","10":"instock","11":"taxable","12":"shipping-taxable","13":"purchasable","14":"product-type-bundle"},"bundled_by":[],"bundle_stock_status":"instock","bundle_stock_quantity":"","bundle_virtual":false,"bundle_layout":"default","bundle_add_to_cart_form_location":"default","bundle_editable_in_cart":false,"bundle_sold_individually_context":"product","bundle_item_grouping":"parent","bundle_min_size":"","bundle_max_size":"","bundle_price":{"price":{"min":{"incl_tax":"29","excl_tax":"26.85"},"max":{"incl_tax":"29","excl_tax":"26.85"}},"regular_price":{"min":{"incl_tax":"29","excl_tax":"26.85"},"max":{"incl_tax":"29","excl_tax":"26.85"}}},"bundled_items":[{"bundled_item_id":18,"product_id":2190,"menu_order":0,"quantity_min":1,"quantity_max":1,"quantity_default":1,"priced_individually":false,"shipped_individually":false,"override_title":false,"title":"L'A.p.Ro 18:00","override_description":false,"description":"","optional":false,"hide_thumbnail":false,"discount":"","override_variations":false,"allowed_variations":[],"override_default_variation_attributes":false,"default_variation_attributes":[],"single_product_visibility":"visible","cart_visibility":"hidden","order_visibility":"hidden","single_product_price_visibility":"visible","cart_price_visibility":"visible","order_price_visibility":"visible","stock_status":"in_stock"},{"bundled_item_id":17,"product_id":2186,"menu_order":1,"quantity_min":1,"quantity_max":1,"quantity_default":1,"priced_individually":false,"shipped_individually":false,"override_title":false,"title":"L'A.p.Ro 18:30","override_description":false,"description":"","optional":false,"hide_thumbnail":false,"discount":"","override_variations":false,"allowed_variations":[],"override_default_variation_attributes":false,"default_variation_attributes":[],"single_product_visibility":"visible","cart_visibility":"hidden","order_visibility":"hidden","single_product_price_visibility":"visible","cart_price_visibility":"visible","order_price_visibility":"visible","stock_status":"in_stock"},{"bundled_item_id":19,"product_id":2192,"menu_order":2,"quantity_min":1,"quantity_max":1,"quantity_default":1,"priced_individually":false,"shipped_individually":false,"override_title":false,"title":"Der A.p.Ro 18:45","override_description":false,"description":"","optional":false,"hide_thumbnail":false,"discount":"","override_variations":false,"allowed_variations":[],"override_default_variation_attributes":false,"default_variation_attributes":[],"single_product_visibility":"visible","cart_visibility":"hidden","order_visibility":"hidden","single_product_price_visibility":"visible","cart_price_visibility":"visible","order_price_visibility":"visible","stock_status":"in_stock"}],"bundle_sell_ids":[],"acf":[],"_links":{"self":[{"href":"https:\/\/germanier.com\/de\/wp-json\/wp\/v2\/product\/2274","targetHints":{"allow":["GET"]}}],"collection":[{"href":"https:\/\/germanier.com\/de\/wp-json\/wp\/v2\/product"}],"about":[{"href":"https:\/\/germanier.com\/de\/wp-json\/wp\/v2\/types\/product"}],"replies":[{"embeddable":true,"href":"https:\/\/germanier.com\/de\/wp-json\/wp\/v2\/comments?post=2274"}],"version-history":[{"count":9,"href":"https:\/\/germanier.com\/de\/wp-json\/wp\/v2\/product\/2274\/revisions"}],"predecessor-version":[{"id":4695,"href":"https:\/\/germanier.com\/de\/wp-json\/wp\/v2\/product\/2274\/revisions\/4695"}],"wp:featuredmedia":[{"embeddable":true,"href":"https:\/\/germanier.com\/de\/wp-json\/wp\/v2\/media\/2295"}],"wp:attachment":[{"href":"https:\/\/germanier.com\/de\/wp-json\/wp\/v2\/media?parent=2274"}],"wp:term":[{"taxonomy":"product_brand","embeddable":true,"href":"https:\/\/germanier.com\/de\/wp-json\/wp\/v2\/product_brand?post=2274"},{"taxonomy":"product_cat","embeddable":true,"href":"https:\/\/germanier.com\/de\/wp-json\/wp\/v2\/product_cat?post=2274"},{"taxonomy":"product_tag","embeddable":true,"href":"https:\/\/germanier.com\/de\/wp-json\/wp\/v2\/product_tag?post=2274"},{"taxonomy":"giftcard-category","embeddable":true,"href":"https:\/\/germanier.com\/de\/wp-json\/wp\/v2\/giftcard-category?post=2274"}],"curies":[{"name":"wp","href":"https:\/\/api.w.org\/{rel}","templated":true}]}}