{"id":2271,"date":"2025-04-25T11:45:52","date_gmt":"2025-04-25T09:45:52","guid":{"rendered":"https:\/\/germanier.com\/?post_type=product&#038;p=2271"},"modified":"2025-09-25T09:46:34","modified_gmt":"2025-09-25T07:46:34","slug":"koffer-die-vier-jahreszeiten","status":"publish","type":"product","link":"https:\/\/germanier.com\/de\/shop\/koffer-die-vier-jahreszeiten\/","title":{"rendered":"\"Les Quatre Saisons\" Box"},"content":{"rendered":"","protected":false},"excerpt":{"rendered":"<p>Cyrielle Formaz, eine vielseitig begabte Walliser K\u00fcnstlerin, hat ihre sensible und poetische Welt in die Kreation unseres Sortiments eingebracht. <em data-start=\"265\" data-end=\"285\">Die vier Jahreszeiten<\/em>. Als Musikerin, S\u00e4ngerin und Illustratorin ist sie die Seele des Musikprojekts Meimuna, das franz\u00f6sischsprachige Sanftheit und luftigen Folk miteinander verbindet. Ihre k\u00fcnstlerische Vision hat die visuelle und emotionale Identit\u00e4t jeder Cuv\u00e9e inspiriert und macht diese Kollektion zu einer harmonischen Begegnung zwischen Wein, Kunst und Natur.<\/p>","protected":false},"featured_media":2302,"comment_status":"open","ping_status":"closed","template":"","meta":{"_acf_changed":false},"product_brand":[],"product_cat":[97,95],"product_tag":[],"giftcard-category":[],"class_list":{"0":"post-2271","1":"product","2":"type-product","3":"status-publish","4":"has-post-thumbnail","6":"product_cat-coffrets-cadeaux","7":"product_cat-signature","9":"first","10":"instock","11":"taxable","12":"shipping-taxable","13":"purchasable","14":"product-type-bundle"},"bundled_by":[],"bundle_stock_status":"instock","bundle_stock_quantity":"","bundle_virtual":false,"bundle_layout":"default","bundle_add_to_cart_form_location":"default","bundle_editable_in_cart":false,"bundle_sold_individually_context":"product","bundle_item_grouping":"parent","bundle_min_size":"","bundle_max_size":"","bundle_price":{"price":{"min":{"incl_tax":"69","excl_tax":"63.85"},"max":{"incl_tax":"69","excl_tax":"63.85"}},"regular_price":{"min":{"incl_tax":"69","excl_tax":"63.85"},"max":{"incl_tax":"69","excl_tax":"63.85"}}},"bundled_items":[{"bundled_item_id":13,"product_id":2244,"menu_order":0,"quantity_min":1,"quantity_max":1,"quantity_default":1,"priced_individually":false,"shipped_individually":false,"override_title":false,"title":"Viognier \"Au Gr\u00e9 du Vent\"","override_description":false,"description":"","optional":false,"hide_thumbnail":false,"discount":"","override_variations":false,"allowed_variations":[],"override_default_variation_attributes":false,"default_variation_attributes":[],"single_product_visibility":"visible","cart_visibility":"hidden","order_visibility":"hidden","single_product_price_visibility":"visible","cart_price_visibility":"visible","order_price_visibility":"visible","stock_status":"in_stock"},{"bundled_item_id":14,"product_id":2246,"menu_order":1,"quantity_min":1,"quantity_max":1,"quantity_default":1,"priced_individually":false,"shipped_individually":false,"override_title":false,"title":"Cornalin \"Premiers Frissons d'Hiver\"","override_description":false,"description":"","optional":false,"hide_thumbnail":false,"discount":"","override_variations":false,"allowed_variations":[],"override_default_variation_attributes":false,"default_variation_attributes":[],"single_product_visibility":"visible","cart_visibility":"hidden","order_visibility":"hidden","single_product_price_visibility":"visible","cart_price_visibility":"visible","order_price_visibility":"visible","stock_status":"in_stock"},{"bundled_item_id":15,"product_id":2242,"menu_order":2,"quantity_min":1,"quantity_max":1,"quantity_default":1,"priced_individually":false,"shipped_individually":false,"override_title":false,"title":"Sauvignon blanc \"Songe d'une nuit d'\u00e9t\u00e9\"","override_description":false,"description":"","optional":false,"hide_thumbnail":false,"discount":"","override_variations":false,"allowed_variations":[],"override_default_variation_attributes":false,"default_variation_attributes":[],"single_product_visibility":"visible","cart_visibility":"hidden","order_visibility":"hidden","single_product_price_visibility":"visible","cart_price_visibility":"visible","order_price_visibility":"visible","stock_status":"in_stock"},{"bundled_item_id":16,"product_id":2240,"menu_order":3,"quantity_min":1,"quantity_max":1,"quantity_default":1,"priced_individually":false,"shipped_individually":false,"override_title":false,"title":"Ros\u00e9 de Syrah \"Au Temps des Cerises\"","override_description":false,"description":"","optional":false,"hide_thumbnail":false,"discount":"","override_variations":false,"allowed_variations":[],"override_default_variation_attributes":false,"default_variation_attributes":[],"single_product_visibility":"visible","cart_visibility":"hidden","order_visibility":"hidden","single_product_price_visibility":"visible","cart_price_visibility":"visible","order_price_visibility":"visible","stock_status":"in_stock"}],"bundle_sell_ids":[],"acf":[],"_links":{"self":[{"href":"https:\/\/germanier.com\/de\/wp-json\/wp\/v2\/product\/2271","targetHints":{"allow":["GET"]}}],"collection":[{"href":"https:\/\/germanier.com\/de\/wp-json\/wp\/v2\/product"}],"about":[{"href":"https:\/\/germanier.com\/de\/wp-json\/wp\/v2\/types\/product"}],"replies":[{"embeddable":true,"href":"https:\/\/germanier.com\/de\/wp-json\/wp\/v2\/comments?post=2271"}],"version-history":[{"count":3,"href":"https:\/\/germanier.com\/de\/wp-json\/wp\/v2\/product\/2271\/revisions"}],"predecessor-version":[{"id":2470,"href":"https:\/\/germanier.com\/de\/wp-json\/wp\/v2\/product\/2271\/revisions\/2470"}],"wp:featuredmedia":[{"embeddable":true,"href":"https:\/\/germanier.com\/de\/wp-json\/wp\/v2\/media\/2302"}],"wp:attachment":[{"href":"https:\/\/germanier.com\/de\/wp-json\/wp\/v2\/media?parent=2271"}],"wp:term":[{"taxonomy":"product_brand","embeddable":true,"href":"https:\/\/germanier.com\/de\/wp-json\/wp\/v2\/product_brand?post=2271"},{"taxonomy":"product_cat","embeddable":true,"href":"https:\/\/germanier.com\/de\/wp-json\/wp\/v2\/product_cat?post=2271"},{"taxonomy":"product_tag","embeddable":true,"href":"https:\/\/germanier.com\/de\/wp-json\/wp\/v2\/product_tag?post=2271"},{"taxonomy":"giftcard-category","embeddable":true,"href":"https:\/\/germanier.com\/de\/wp-json\/wp\/v2\/giftcard-category?post=2271"}],"curies":[{"name":"wp","href":"https:\/\/api.w.org\/{rel}","templated":true}]}}