{"id":2244,"date":"2025-04-25T11:30:20","date_gmt":"2025-04-25T09:30:20","guid":{"rendered":"https:\/\/germanier.com\/?post_type=product&#038;p=2244"},"modified":"2025-10-21T08:35:30","modified_gmt":"2025-10-21T06:35:30","slug":"au-gre-du-vent","status":"publish","type":"product","link":"https:\/\/germanier.com\/de\/shop\/au-gre-du-vent\/","title":{"rendered":"Au Gr\u00e9 du Vent"},"content":{"rendered":"","protected":false},"excerpt":{"rendered":"<p><span data-sheets-root=\"1\">Ce Viognier pr\u00e9sente une robe orang\u00e9e, rappelant la douceur d\u2019un coucher de soleil. Il exhale des ar\u00f4mes d\u00e9licats et complexes de p\u00eache, d\u2019abricot et de jasmin, le tout enrichi d\u2019une texture soyeuse et onctueuse qui lui conf\u00e8re une \u00e9l\u00e9gance incomparable.<\/span><\/p>","protected":false},"featured_media":2150,"comment_status":"open","ping_status":"closed","template":"","meta":{"_acf_changed":false},"product_brand":[],"product_cat":[95,176],"product_tag":[],"giftcard-category":[],"class_list":{"0":"post-2244","1":"product","2":"type-product","3":"status-publish","4":"has-post-thumbnail","6":"product_cat-signature","7":"product_cat-vins-medailles","9":"first","10":"instock","11":"taxable","12":"shipping-taxable","13":"purchasable","14":"product-type-simple"},"bundled_by":["2271"],"bundle_stock_status":"instock","bundle_stock_quantity":null,"bundle_virtual":false,"bundle_layout":"","bundle_add_to_cart_form_location":"","bundle_editable_in_cart":false,"bundle_sold_individually_context":"","bundle_item_grouping":"","bundle_min_size":"","bundle_max_size":"","bundle_price":[],"bundled_items":[],"bundle_sell_ids":[],"acf":[],"_links":{"self":[{"href":"https:\/\/germanier.com\/de\/wp-json\/wp\/v2\/product\/2244","targetHints":{"allow":["GET"]}}],"collection":[{"href":"https:\/\/germanier.com\/de\/wp-json\/wp\/v2\/product"}],"about":[{"href":"https:\/\/germanier.com\/de\/wp-json\/wp\/v2\/types\/product"}],"replies":[{"embeddable":true,"href":"https:\/\/germanier.com\/de\/wp-json\/wp\/v2\/comments?post=2244"}],"version-history":[{"count":7,"href":"https:\/\/germanier.com\/de\/wp-json\/wp\/v2\/product\/2244\/revisions"}],"predecessor-version":[{"id":3843,"href":"https:\/\/germanier.com\/de\/wp-json\/wp\/v2\/product\/2244\/revisions\/3843"}],"wp:featuredmedia":[{"embeddable":true,"href":"https:\/\/germanier.com\/de\/wp-json\/wp\/v2\/media\/2150"}],"wp:attachment":[{"href":"https:\/\/germanier.com\/de\/wp-json\/wp\/v2\/media?parent=2244"}],"wp:term":[{"taxonomy":"product_brand","embeddable":true,"href":"https:\/\/germanier.com\/de\/wp-json\/wp\/v2\/product_brand?post=2244"},{"taxonomy":"product_cat","embeddable":true,"href":"https:\/\/germanier.com\/de\/wp-json\/wp\/v2\/product_cat?post=2244"},{"taxonomy":"product_tag","embeddable":true,"href":"https:\/\/germanier.com\/de\/wp-json\/wp\/v2\/product_tag?post=2244"},{"taxonomy":"giftcard-category","embeddable":true,"href":"https:\/\/germanier.com\/de\/wp-json\/wp\/v2\/giftcard-category?post=2244"}],"curies":[{"name":"wp","href":"https:\/\/api.w.org\/{rel}","templated":true}]}}