{"id":2242,"date":"2025-04-25T11:35:50","date_gmt":"2025-04-25T09:35:50","guid":{"rendered":"https:\/\/germanier.com\/?post_type=product&#038;p=2242"},"modified":"2026-03-17T13:55:21","modified_gmt":"2026-03-17T12:55:21","slug":"traum-einer-raunacht","status":"publish","type":"product","link":"https:\/\/germanier.com\/de\/shop\/traum-einer-raunacht\/","title":{"rendered":"Songe d\u2019une Nuit d\u2019\u00e9t\u00e9"},"content":{"rendered":"","protected":false},"excerpt":{"rendered":"<p class=\"\" data-start=\"89\" data-end=\"574\">Dieser Sauvignon Blanc mit seiner blassgelben Farbe und den silbrigen Reflexen verf\u00fchrt mit seiner strahlenden Frische. In der Nase entfaltet er eine Symphonie von tropischen Fr\u00fcchten wie Passionsfrucht oder Mango, vermischt mit lebhaften Zitrusnoten und einem subtilen Kr\u00e4uterton. Am Gaumen machen seine Lebendigkeit und Ausgewogenheit ihn zu einem hellen, durstl\u00f6schenden Wein, der von einer sch\u00f6nen S\u00e4ure und einem frischen Abgang getragen wird. Ein Wein, der zu einer Flucht aus dem Alltag einl\u00e4dt, wie ein Sommertraum, den man gerne verl\u00e4ngert.<\/p>","protected":false},"featured_media":2153,"comment_status":"open","ping_status":"closed","template":"","meta":{"_acf_changed":false},"product_brand":[],"product_cat":[95],"product_tag":[],"giftcard-category":[],"class_list":{"0":"post-2242","1":"product","2":"type-product","3":"status-publish","4":"has-post-thumbnail","6":"product_cat-signature","8":"first","9":"instock","10":"taxable","11":"shipping-taxable","12":"purchasable","13":"product-type-simple"},"bundled_by":["2271"],"bundle_stock_status":"instock","bundle_stock_quantity":null,"bundle_virtual":false,"bundle_layout":"","bundle_add_to_cart_form_location":"","bundle_editable_in_cart":false,"bundle_sold_individually_context":"","bundle_item_grouping":"","bundle_min_size":"","bundle_max_size":"","bundle_price":[],"bundled_items":[],"bundle_sell_ids":[],"acf":[],"_links":{"self":[{"href":"https:\/\/germanier.com\/de\/wp-json\/wp\/v2\/product\/2242","targetHints":{"allow":["GET"]}}],"collection":[{"href":"https:\/\/germanier.com\/de\/wp-json\/wp\/v2\/product"}],"about":[{"href":"https:\/\/germanier.com\/de\/wp-json\/wp\/v2\/types\/product"}],"replies":[{"embeddable":true,"href":"https:\/\/germanier.com\/de\/wp-json\/wp\/v2\/comments?post=2242"}],"version-history":[{"count":8,"href":"https:\/\/germanier.com\/de\/wp-json\/wp\/v2\/product\/2242\/revisions"}],"predecessor-version":[{"id":2520,"href":"https:\/\/germanier.com\/de\/wp-json\/wp\/v2\/product\/2242\/revisions\/2520"}],"wp:featuredmedia":[{"embeddable":true,"href":"https:\/\/germanier.com\/de\/wp-json\/wp\/v2\/media\/2153"}],"wp:attachment":[{"href":"https:\/\/germanier.com\/de\/wp-json\/wp\/v2\/media?parent=2242"}],"wp:term":[{"taxonomy":"product_brand","embeddable":true,"href":"https:\/\/germanier.com\/de\/wp-json\/wp\/v2\/product_brand?post=2242"},{"taxonomy":"product_cat","embeddable":true,"href":"https:\/\/germanier.com\/de\/wp-json\/wp\/v2\/product_cat?post=2242"},{"taxonomy":"product_tag","embeddable":true,"href":"https:\/\/germanier.com\/de\/wp-json\/wp\/v2\/product_tag?post=2242"},{"taxonomy":"giftcard-category","embeddable":true,"href":"https:\/\/germanier.com\/de\/wp-json\/wp\/v2\/giftcard-category?post=2242"}],"curies":[{"name":"wp","href":"https:\/\/api.w.org\/{rel}","templated":true}]}}