{"id":2237,"date":"2025-04-25T13:17:22","date_gmt":"2025-04-25T11:17:22","guid":{"rendered":"https:\/\/germanier.com\/?post_type=product&#038;p=2237"},"modified":"2025-09-25T09:49:41","modified_gmt":"2025-09-25T07:49:41","slug":"humagne-blanc-unterschrift-gaelle-garrocq","status":"publish","type":"product","link":"https:\/\/germanier.com\/de\/shop\/humagne-blanc-unterschrift-gaelle-garrocq\/","title":{"rendered":"Humagne Blanc \"Signature\" Ga\u00eblle Garrocq"},"content":{"rendered":"","protected":false},"excerpt":{"rendered":"<p><span data-sheets-root=\"1\">Der Humagne Blanc \"Signature\" Ga\u00eblle Garrocq bietet einen delikaten, reinen Wein, der Eleganz und Subtilit\u00e4t vereint. Sein aromatisches Profil ist verf\u00fchrerisch und erinnert an Noten von wei\u00dfen Bl\u00fcten und exotischen Fr\u00fcchten. Am Gaumen offenbart er eine sch\u00f6ne Mineralit\u00e4t, die von einem Hauch von S\u00e4ure und einer leichten Bitterkeit unterst\u00fctzt wird, die Komplexit\u00e4t und Frische verleihen.<\/span><\/p>","protected":false},"featured_media":2154,"comment_status":"open","ping_status":"closed","template":"","meta":{"_acf_changed":false},"product_brand":[],"product_cat":[95],"product_tag":[],"giftcard-category":[],"class_list":{"0":"post-2237","1":"product","2":"type-product","3":"status-publish","4":"has-post-thumbnail","6":"product_cat-signature","8":"first","9":"instock","10":"taxable","11":"shipping-taxable","12":"purchasable","13":"product-type-simple"},"bundled_by":[],"bundle_stock_status":"instock","bundle_stock_quantity":null,"bundle_virtual":false,"bundle_layout":"","bundle_add_to_cart_form_location":"","bundle_editable_in_cart":false,"bundle_sold_individually_context":"","bundle_item_grouping":"","bundle_min_size":"","bundle_max_size":"","bundle_price":[],"bundled_items":[],"bundle_sell_ids":[],"acf":[],"_links":{"self":[{"href":"https:\/\/germanier.com\/de\/wp-json\/wp\/v2\/product\/2237","targetHints":{"allow":["GET"]}}],"collection":[{"href":"https:\/\/germanier.com\/de\/wp-json\/wp\/v2\/product"}],"about":[{"href":"https:\/\/germanier.com\/de\/wp-json\/wp\/v2\/types\/product"}],"replies":[{"embeddable":true,"href":"https:\/\/germanier.com\/de\/wp-json\/wp\/v2\/comments?post=2237"}],"version-history":[{"count":4,"href":"https:\/\/germanier.com\/de\/wp-json\/wp\/v2\/product\/2237\/revisions"}],"predecessor-version":[{"id":2499,"href":"https:\/\/germanier.com\/de\/wp-json\/wp\/v2\/product\/2237\/revisions\/2499"}],"wp:featuredmedia":[{"embeddable":true,"href":"https:\/\/germanier.com\/de\/wp-json\/wp\/v2\/media\/2154"}],"wp:attachment":[{"href":"https:\/\/germanier.com\/de\/wp-json\/wp\/v2\/media?parent=2237"}],"wp:term":[{"taxonomy":"product_brand","embeddable":true,"href":"https:\/\/germanier.com\/de\/wp-json\/wp\/v2\/product_brand?post=2237"},{"taxonomy":"product_cat","embeddable":true,"href":"https:\/\/germanier.com\/de\/wp-json\/wp\/v2\/product_cat?post=2237"},{"taxonomy":"product_tag","embeddable":true,"href":"https:\/\/germanier.com\/de\/wp-json\/wp\/v2\/product_tag?post=2237"},{"taxonomy":"giftcard-category","embeddable":true,"href":"https:\/\/germanier.com\/de\/wp-json\/wp\/v2\/giftcard-category?post=2237"}],"curies":[{"name":"wp","href":"https:\/\/api.w.org\/{rel}","templated":true}]}}