{"id":2233,"date":"2025-04-25T13:23:23","date_gmt":"2025-04-25T11:23:23","guid":{"rendered":"https:\/\/germanier.com\/?post_type=product&#038;p=2233"},"modified":"2026-02-13T13:15:56","modified_gmt":"2026-02-13T12:15:56","slug":"le-rose","status":"publish","type":"product","link":"https:\/\/germanier.com\/de\/shop\/le-rose\/","title":{"rendered":"Le Ros\u00e9 \"Signature\" K\u00e9vin Germanier"},"content":{"rendered":"","protected":false},"excerpt":{"rendered":"<p><span data-sheets-root=\"1\">Der Ros\u00e9 \"Signature\" K\u00e9vin Germanier hat eine himbeerrosafarbene Robe von sch\u00f6ner Intensit\u00e4t. Die Nase verstr\u00f6mt Aromen von wei\u00dfen Bl\u00fcten und frischen Fr\u00fcchten. Im Mund verleiht ihm seine subtile S\u00e4ure mit einem Hauch von Zitrusfr\u00fcchten und Noten von roten Fr\u00fcchten eine angenehme und lang anhaltende Frische.<\/span><\/p>","protected":false},"featured_media":2156,"comment_status":"open","ping_status":"closed","template":"","meta":{"_acf_changed":false},"product_brand":[],"product_cat":[95],"product_tag":[],"giftcard-category":[],"class_list":{"0":"post-2233","1":"product","2":"type-product","3":"status-publish","4":"has-post-thumbnail","6":"product_cat-signature","8":"first","9":"outofstock","10":"taxable","11":"shipping-taxable","12":"purchasable","13":"product-type-simple"},"bundled_by":[],"bundle_stock_status":"outofstock","bundle_stock_quantity":null,"bundle_virtual":false,"bundle_layout":"","bundle_add_to_cart_form_location":"","bundle_editable_in_cart":false,"bundle_sold_individually_context":"","bundle_item_grouping":"","bundle_min_size":"","bundle_max_size":"","bundle_price":[],"bundled_items":[],"bundle_sell_ids":[],"acf":[],"_links":{"self":[{"href":"https:\/\/germanier.com\/de\/wp-json\/wp\/v2\/product\/2233","targetHints":{"allow":["GET"]}}],"collection":[{"href":"https:\/\/germanier.com\/de\/wp-json\/wp\/v2\/product"}],"about":[{"href":"https:\/\/germanier.com\/de\/wp-json\/wp\/v2\/types\/product"}],"replies":[{"embeddable":true,"href":"https:\/\/germanier.com\/de\/wp-json\/wp\/v2\/comments?post=2233"}],"version-history":[{"count":5,"href":"https:\/\/germanier.com\/de\/wp-json\/wp\/v2\/product\/2233\/revisions"}],"predecessor-version":[{"id":2494,"href":"https:\/\/germanier.com\/de\/wp-json\/wp\/v2\/product\/2233\/revisions\/2494"}],"wp:featuredmedia":[{"embeddable":true,"href":"https:\/\/germanier.com\/de\/wp-json\/wp\/v2\/media\/2156"}],"wp:attachment":[{"href":"https:\/\/germanier.com\/de\/wp-json\/wp\/v2\/media?parent=2233"}],"wp:term":[{"taxonomy":"product_brand","embeddable":true,"href":"https:\/\/germanier.com\/de\/wp-json\/wp\/v2\/product_brand?post=2233"},{"taxonomy":"product_cat","embeddable":true,"href":"https:\/\/germanier.com\/de\/wp-json\/wp\/v2\/product_cat?post=2233"},{"taxonomy":"product_tag","embeddable":true,"href":"https:\/\/germanier.com\/de\/wp-json\/wp\/v2\/product_tag?post=2233"},{"taxonomy":"giftcard-category","embeddable":true,"href":"https:\/\/germanier.com\/de\/wp-json\/wp\/v2\/giftcard-category?post=2233"}],"curies":[{"name":"wp","href":"https:\/\/api.w.org\/{rel}","templated":true}]}}