{"id":2224,"date":"2025-04-25T10:59:32","date_gmt":"2025-04-25T08:59:32","guid":{"rendered":"https:\/\/germanier.com\/?post_type=product&#038;p=2224"},"modified":"2025-10-21T10:44:48","modified_gmt":"2025-10-21T08:44:48","slug":"land","status":"publish","type":"product","link":"https:\/\/germanier.com\/de\/shop\/land\/","title":{"rendered":"Gamay Vieilles Vignes \"Terre\""},"content":{"rendered":"","protected":false},"excerpt":{"rendered":"<p>Ce vin en \u00e9dition limit\u00e9e est le fruit de la collaboration avec les artistes valaisans Mathilde Roh et Yvan Lagger. Avec sa robe violac\u00e9e, Terre d\u00e9voile des ar\u00f4mes de fruits rouges frais, tel que la framboise. En bouche, il se distingue par sa gourmandise, soutenue par des tanins fins et \u00e9l\u00e9gants.<\/p>","protected":false},"featured_media":2147,"comment_status":"open","ping_status":"closed","template":"","meta":{"_acf_changed":false},"product_brand":[],"product_cat":[95],"product_tag":[],"giftcard-category":[],"class_list":{"0":"post-2224","1":"product","2":"type-product","3":"status-publish","4":"has-post-thumbnail","6":"product_cat-signature","8":"first","9":"instock","10":"taxable","11":"shipping-taxable","12":"purchasable","13":"product-type-simple"},"bundled_by":["2265"],"bundle_stock_status":"instock","bundle_stock_quantity":null,"bundle_virtual":false,"bundle_layout":"","bundle_add_to_cart_form_location":"","bundle_editable_in_cart":false,"bundle_sold_individually_context":"","bundle_item_grouping":"","bundle_min_size":"","bundle_max_size":"","bundle_price":[],"bundled_items":[],"bundle_sell_ids":[],"acf":[],"_links":{"self":[{"href":"https:\/\/germanier.com\/de\/wp-json\/wp\/v2\/product\/2224","targetHints":{"allow":["GET"]}}],"collection":[{"href":"https:\/\/germanier.com\/de\/wp-json\/wp\/v2\/product"}],"about":[{"href":"https:\/\/germanier.com\/de\/wp-json\/wp\/v2\/types\/product"}],"replies":[{"embeddable":true,"href":"https:\/\/germanier.com\/de\/wp-json\/wp\/v2\/comments?post=2224"}],"version-history":[{"count":6,"href":"https:\/\/germanier.com\/de\/wp-json\/wp\/v2\/product\/2224\/revisions"}],"predecessor-version":[{"id":3859,"href":"https:\/\/germanier.com\/de\/wp-json\/wp\/v2\/product\/2224\/revisions\/3859"}],"wp:featuredmedia":[{"embeddable":true,"href":"https:\/\/germanier.com\/de\/wp-json\/wp\/v2\/media\/2147"}],"wp:attachment":[{"href":"https:\/\/germanier.com\/de\/wp-json\/wp\/v2\/media?parent=2224"}],"wp:term":[{"taxonomy":"product_brand","embeddable":true,"href":"https:\/\/germanier.com\/de\/wp-json\/wp\/v2\/product_brand?post=2224"},{"taxonomy":"product_cat","embeddable":true,"href":"https:\/\/germanier.com\/de\/wp-json\/wp\/v2\/product_cat?post=2224"},{"taxonomy":"product_tag","embeddable":true,"href":"https:\/\/germanier.com\/de\/wp-json\/wp\/v2\/product_tag?post=2224"},{"taxonomy":"giftcard-category","embeddable":true,"href":"https:\/\/germanier.com\/de\/wp-json\/wp\/v2\/giftcard-category?post=2224"}],"curies":[{"name":"wp","href":"https:\/\/api.w.org\/{rel}","templated":true}]}}