{"id":2222,"date":"2025-04-25T11:04:03","date_gmt":"2025-04-25T09:04:03","guid":{"rendered":"https:\/\/germanier.com\/?post_type=product&#038;p=2222"},"modified":"2026-02-13T13:23:18","modified_gmt":"2026-02-13T12:23:18","slug":"traum","status":"publish","type":"product","link":"https:\/\/germanier.com\/de\/shop\/traum\/","title":{"rendered":"Ros\u00e9 de Pinot Noir \"R\u00eave\""},"content":{"rendered":"","protected":false},"excerpt":{"rendered":"<p><span data-sheets-root=\"1\">Dieser Wein in limitierter Auflage ist das Ergebnis einer Zusammenarbeit mit den Walliser K\u00fcnstlern Mathilde Roh und Yvan Lagger. Dieser Ros\u00e9, der ausschlie\u00dflich aus Pinot Noir-Trauben gewonnen wird und eher jung getrunken werden sollte, ist der perfekte Begleiter f\u00fcr Ihren Aperitif, auf der Terrasse oder zu leichten Mahlzeiten wie Salaten. Er verk\u00f6rpert auf wunderbare Weise die Ankunft des Fr\u00fchlings.<\/span><\/p>","protected":false},"featured_media":2146,"comment_status":"open","ping_status":"closed","template":"","meta":{"_acf_changed":false},"product_brand":[],"product_cat":[95],"product_tag":[],"giftcard-category":[],"class_list":{"0":"post-2222","1":"product","2":"type-product","3":"status-publish","4":"has-post-thumbnail","6":"product_cat-signature","8":"first","9":"outofstock","10":"taxable","11":"shipping-taxable","12":"purchasable","13":"product-type-simple"},"bundled_by":["2265"],"bundle_stock_status":"outofstock","bundle_stock_quantity":null,"bundle_virtual":false,"bundle_layout":"","bundle_add_to_cart_form_location":"","bundle_editable_in_cart":false,"bundle_sold_individually_context":"","bundle_item_grouping":"","bundle_min_size":"","bundle_max_size":"","bundle_price":[],"bundled_items":[],"bundle_sell_ids":[],"acf":[],"_links":{"self":[{"href":"https:\/\/germanier.com\/de\/wp-json\/wp\/v2\/product\/2222","targetHints":{"allow":["GET"]}}],"collection":[{"href":"https:\/\/germanier.com\/de\/wp-json\/wp\/v2\/product"}],"about":[{"href":"https:\/\/germanier.com\/de\/wp-json\/wp\/v2\/types\/product"}],"replies":[{"embeddable":true,"href":"https:\/\/germanier.com\/de\/wp-json\/wp\/v2\/comments?post=2222"}],"version-history":[{"count":7,"href":"https:\/\/germanier.com\/de\/wp-json\/wp\/v2\/product\/2222\/revisions"}],"predecessor-version":[{"id":2542,"href":"https:\/\/germanier.com\/de\/wp-json\/wp\/v2\/product\/2222\/revisions\/2542"}],"wp:featuredmedia":[{"embeddable":true,"href":"https:\/\/germanier.com\/de\/wp-json\/wp\/v2\/media\/2146"}],"wp:attachment":[{"href":"https:\/\/germanier.com\/de\/wp-json\/wp\/v2\/media?parent=2222"}],"wp:term":[{"taxonomy":"product_brand","embeddable":true,"href":"https:\/\/germanier.com\/de\/wp-json\/wp\/v2\/product_brand?post=2222"},{"taxonomy":"product_cat","embeddable":true,"href":"https:\/\/germanier.com\/de\/wp-json\/wp\/v2\/product_cat?post=2222"},{"taxonomy":"product_tag","embeddable":true,"href":"https:\/\/germanier.com\/de\/wp-json\/wp\/v2\/product_tag?post=2222"},{"taxonomy":"giftcard-category","embeddable":true,"href":"https:\/\/germanier.com\/de\/wp-json\/wp\/v2\/giftcard-category?post=2222"}],"curies":[{"name":"wp","href":"https:\/\/api.w.org\/{rel}","templated":true}]}}